{"id":9272,"date":"2025-07-22T19:15:40","date_gmt":"2025-07-22T19:15:40","guid":{"rendered":"https:\/\/susistemapruebas.com\/grapi\/?post_type=product&#038;p=9272"},"modified":"2025-07-22T19:15:40","modified_gmt":"2025-07-22T19:15:40","slug":"proyector-opti-aura-led","status":"publish","type":"product","link":"https:\/\/susistemapruebas.com\/grapi\/producto\/proyector-opti-aura-led\/","title":{"rendered":"PROYECTOR OPTI AURA LED"},"content":{"rendered":"<p>El <strong>[OPTI] AURA<\/strong> es un proyector multiefectos que utiliza los mismos efectos de iluminaci\u00f3n especializados que se encuentran en salas sensoriales e instalaciones m\u00e9dicas, instalaciones de entretenimiento y estadios deportivos.<\/p>\n<p>Los datos de la investigaci\u00f3n de mercado han indicado que el proyector [OPTI] Aura ayuda a aliviar los s\u00edntomas de ansiedad, agitaci\u00f3n e insomnio. Perfecto para viajar.\u00a0 No es necesario enchufar el proyector a la red el\u00e9ctrica y puede funcionar con una bater\u00eda USB.<\/p>\n<p>Cada proyector incluye una rueda de efectos de iluminaci\u00f3n que se adapta f\u00e1cilmente al rotador de rueda integral. Hay m\u00e1s de 200 ruedas de efectos (incluidas las ruedas magn\u00e9ticas) para elegir y hay ruedas adicionales disponibles para comprar por separado. El paquete [OPTI] Aura Proyector tambi\u00e9n viene con un soporte de mesa y un soporte de pared con accesorios y accesorios.<\/p>\n<p>&nbsp;<\/p>\n<p>Especificaciones del producto<\/p>\n<ul>\n<li>Nombre del proyector [Opti] Aura LED<\/li>\n<li>Fuente de luz 6W LED<\/li>\n<li>Brillo (l\u00famenes) 600<\/li>\n<li>Manual de enfoque de lente<\/li>\n<li>Tama\u00f1o de la lente ** 85 mm<\/li>\n<li>Compatibilidad con [Opti] Kinetics Lighting Effects 6 \u2033 Wheels Only<\/li>\n<li>Grado de protecci\u00f3n IP 30<\/li>\n<li>Distancia de proyecci\u00f3n recomendada 2-4 m<\/li>\n<li>Fuente de alimentaci\u00f3n 5VDC 6W<\/li>\n<li>Exento de IVA S\u00ed<\/li>\n<li>Garant\u00eda **** 3 a\u00f1os<\/li>\n<li>Color del proyector blanco<\/li>\n<li>Peso 2kg<\/li>\n<li>Tama\u00f1o L23 H22 W23 OD65 CM<\/li>\n<\/ul>\n<p>El proyector tiene su propio punto de acceso Wi-Fi. Los dispositivos habilitados para Wi-Fi pueden vincularse con el proyector mediante la aplicaci\u00f3n gratuita. Los usuarios pueden descargar la aplicaci\u00f3n de forma gratuita en IOS o Android. No es necesario que el \u00a0proyector est\u00e9 enchufado a la red el\u00e9ctrica y puede funcionar con bater\u00eda.<\/p>\n<p>Caracter\u00edsticas:<\/p>\n<p>&nbsp;<\/p>\n<ol>\n<li>Proyector fabricado por los creadores de proyectores para salas sensoriales, el Aura mantiene una alta calidad a un precio razonable para el mercado dom\u00e9stico.<\/li>\n<li>Dos ruedas de efectos: transforme su entorno con una fascinante rueda l\u00edquida de 6 pulgadas y encantadoras ruedas de efectos de sol y cielo estrellado para una experiencia visual encantadora.<\/li>\n<li>Temporizador conveniente y LED regulable: Aura cuenta con un temporizador de apagado incorporado y un LED brillante regulable, perfecto para crear un ambiente relajante durante las siestas o la hora de dormir.<\/li>\n<li>Control remoto inal\u00e1mbrico: Conecte el Aura a WIFI para control remoto a trav\u00e9s de cualquier dispositivo con acceso a Internet, brindando a los padres la posibilidad de administrar el proyector desde cualquier lugar.<\/li>\n<li>Conjunto completo: este conjunto incluye el proyector Aura, 1 rueda l\u00edquida de 6 pulgadas, ruedas con efectos de sol y cielo estrellado y un soporte de pared para una f\u00e1cil instalaci\u00f3n.<\/li>\n<li>Compatibilidad de ruedas: Compatible con todas las ruedas magn\u00e9ticas de 6 pulgadas, lo que ofrece flexibilidad y opciones para mejorar su experiencia visual.<\/li>\n<\/ol>\n","protected":false},"excerpt":{"rendered":"<p>El [OPTI] AURA es un proyector multiefectos que utiliza los mismos efectos de iluminaci\u00f3n especializados que se encuentran en salas sensoriales e instalaciones m\u00e9dicas, instalaciones de entretenimiento y estadios deportivos. Los datos de la investigaci\u00f3n de mercado han indicado que el proyector [OPTI] Aura ayuda a aliviar los s\u00edntomas de ansiedad, agitaci\u00f3n e insomnio. Perfecto [&hellip;]<\/p>\n","protected":false},"featured_media":9273,"template":"","meta":[],"product_brand":[],"product_cat":[64],"product_tag":[],"class_list":{"0":"post-9272","1":"product","2":"type-product","3":"status-publish","4":"has-post-thumbnail","6":"product_cat-proyector-de-imagen","8":"first","9":"instock","10":"shipping-taxable","11":"product-type-simple"},"_links":{"self":[{"href":"https:\/\/susistemapruebas.com\/grapi\/wp-json\/wp\/v2\/product\/9272","targetHints":{"allow":["GET"]}}],"collection":[{"href":"https:\/\/susistemapruebas.com\/grapi\/wp-json\/wp\/v2\/product"}],"about":[{"href":"https:\/\/susistemapruebas.com\/grapi\/wp-json\/wp\/v2\/types\/product"}],"wp:featuredmedia":[{"embeddable":true,"href":"https:\/\/susistemapruebas.com\/grapi\/wp-json\/wp\/v2\/media\/9273"}],"wp:attachment":[{"href":"https:\/\/susistemapruebas.com\/grapi\/wp-json\/wp\/v2\/media?parent=9272"}],"wp:term":[{"taxonomy":"product_brand","embeddable":true,"href":"https:\/\/susistemapruebas.com\/grapi\/wp-json\/wp\/v2\/product_brand?post=9272"},{"taxonomy":"product_cat","embeddable":true,"href":"https:\/\/susistemapruebas.com\/grapi\/wp-json\/wp\/v2\/product_cat?post=9272"},{"taxonomy":"product_tag","embeddable":true,"href":"https:\/\/susistemapruebas.com\/grapi\/wp-json\/wp\/v2\/product_tag?post=9272"}],"curies":[{"name":"wp","href":"https:\/\/api.w.org\/{rel}","templated":true}]}}