{"id":9268,"date":"2025-07-22T16:54:22","date_gmt":"2025-07-22T16:54:22","guid":{"rendered":"https:\/\/susistemapruebas.com\/grapi\/?post_type=product&#038;p=9268"},"modified":"2025-07-22T16:56:47","modified_gmt":"2025-07-22T16:56:47","slug":"proyector","status":"publish","type":"product","link":"https:\/\/susistemapruebas.com\/grapi\/producto\/proyector\/","title":{"rendered":"PROYECTOR"},"content":{"rendered":"<p>El proyector CO-W01 cuenta con estas funciones especiales:<br \/>\nSistema de proyecci\u00f3n brillante y de alta resoluci\u00f3n<br \/>\n\u2022 Hasta 3000 l\u00famenes de brillo de color (emisi\u00f3n de luz de color) y 3000 l\u00famenes de brillo blanco<br \/>\n(emisi\u00f3n de luz blanca)<br \/>\nNota: La luminosidad de color (emisi\u00f3n de luz de color) y la luminosidad blanca (emisi\u00f3n de luz<br \/>\nblanca) var\u00edan seg\u00fan las condiciones de uso. La emisi\u00f3n de luz de color se calcula de acuerdo con el<br \/>\nest\u00e1ndar IDMS 15.4; la emisi\u00f3n de luz blanca se calcula de acuerdo con el est\u00e1ndar ISO 21118.<br \/>\n\u2022 Resoluci\u00f3n nativa WXGA (1280 \u00d7 800)<br \/>\n\u2022 Tecnolog\u00eda 3LCD avanzada<br \/>\n\u2022 Imagen proyectada de hasta 378 pulg. (960 cm); no es necesario usar una pantalla<br \/>\nConectividad flexible<br \/>\n\u2022 Puerto HDMI para fuentes de video o dispositivos de streaming<br \/>\n\u2022 Peque\u00f1o y port\u00e1til, le permite proyectar de forma inal\u00e1mbrica o sin cables adicionales<br \/>\n\u2022 Proyecci\u00f3n PC Free desde dispositivos USB externos<br \/>\n\u2022 Puerto USB 5V 2A<\/p>\n","protected":false},"excerpt":{"rendered":"<p>El proyector CO-W01 cuenta con estas funciones especiales: Sistema de proyecci\u00f3n brillante y de alta resoluci\u00f3n \u2022 Hasta 3000 l\u00famenes de brillo de color (emisi\u00f3n de luz de color) y 3000 l\u00famenes de brillo blanco (emisi\u00f3n de luz blanca) Nota: La luminosidad de color (emisi\u00f3n de luz de color) y la luminosidad blanca (emisi\u00f3n de [&hellip;]<\/p>\n","protected":false},"featured_media":9270,"template":"","meta":[],"product_brand":[],"product_cat":[90],"product_tag":[],"class_list":{"0":"post-9268","1":"product","2":"type-product","3":"status-publish","4":"has-post-thumbnail","6":"product_cat-proyectores","8":"first","9":"instock","10":"shipping-taxable","11":"product-type-simple"},"_links":{"self":[{"href":"https:\/\/susistemapruebas.com\/grapi\/wp-json\/wp\/v2\/product\/9268","targetHints":{"allow":["GET"]}}],"collection":[{"href":"https:\/\/susistemapruebas.com\/grapi\/wp-json\/wp\/v2\/product"}],"about":[{"href":"https:\/\/susistemapruebas.com\/grapi\/wp-json\/wp\/v2\/types\/product"}],"wp:featuredmedia":[{"embeddable":true,"href":"https:\/\/susistemapruebas.com\/grapi\/wp-json\/wp\/v2\/media\/9270"}],"wp:attachment":[{"href":"https:\/\/susistemapruebas.com\/grapi\/wp-json\/wp\/v2\/media?parent=9268"}],"wp:term":[{"taxonomy":"product_brand","embeddable":true,"href":"https:\/\/susistemapruebas.com\/grapi\/wp-json\/wp\/v2\/product_brand?post=9268"},{"taxonomy":"product_cat","embeddable":true,"href":"https:\/\/susistemapruebas.com\/grapi\/wp-json\/wp\/v2\/product_cat?post=9268"},{"taxonomy":"product_tag","embeddable":true,"href":"https:\/\/susistemapruebas.com\/grapi\/wp-json\/wp\/v2\/product_tag?post=9268"}],"curies":[{"name":"wp","href":"https:\/\/api.w.org\/{rel}","templated":true}]}}