{"id":9259,"date":"2025-07-21T21:29:51","date_gmt":"2025-07-21T21:29:51","guid":{"rendered":"https:\/\/susistemapruebas.com\/grapi\/?post_type=product&#038;p=9259"},"modified":"2025-07-22T00:02:24","modified_gmt":"2025-07-22T00:02:24","slug":"varitas-fluorecentes-2","status":"publish","type":"product","link":"https:\/\/susistemapruebas.com\/grapi\/producto\/varitas-fluorecentes-2\/","title":{"rendered":"VARITAS FLUORECENTES"},"content":{"rendered":"<p>Las varitas m\u00e1gicas acr\u00edlicas vibrantes brillan en colores ne\u00f3n bajo la luz ultravioleta negra, tan brillantes que tienes que alcanzarlas y agarrarlas. Mu\u00e9velos debajo del U.V. luz para colores brillantes; alejarlos, y el brillo se detiene. Simple y f\u00e1cil: nada que romper, ning\u00fan l\u00edquido que se escape. El juego incluye 8 varillas<\/p>\n<p>Dimensiones:<\/p>\n<ul>\n<li>4 de tama\u00f1o para adaptarse al agarre de un ni\u00f1o, 20 x 1.3 cm.<\/li>\n<li>4 para adaptarse a una mano adulta, 20 x 1.9 cm<\/li>\n<\/ul>\n<p>La luz negra se vende por separado.<\/p>\n","protected":false},"excerpt":{"rendered":"<p>Las varitas m\u00e1gicas acr\u00edlicas vibrantes brillan en colores ne\u00f3n bajo la luz ultravioleta negra, tan brillantes que tienes que alcanzarlas y agarrarlas. Mu\u00e9velos debajo del U.V. luz para colores brillantes; alejarlos, y el brillo se detiene. Simple y f\u00e1cil: nada que romper, ning\u00fan l\u00edquido que se escape. El juego incluye 8 varillas Dimensiones: 4 de [&hellip;]<\/p>\n","protected":false},"featured_media":9257,"template":"","meta":[],"product_brand":[],"product_cat":[88,89],"product_tag":[],"class_list":{"0":"post-9259","1":"product","2":"type-product","3":"status-publish","4":"has-post-thumbnail","6":"product_cat-elementos-flourecentes","7":"product_cat-iluminacion-uv","9":"first","10":"instock","11":"shipping-taxable","12":"product-type-simple"},"_links":{"self":[{"href":"https:\/\/susistemapruebas.com\/grapi\/wp-json\/wp\/v2\/product\/9259","targetHints":{"allow":["GET"]}}],"collection":[{"href":"https:\/\/susistemapruebas.com\/grapi\/wp-json\/wp\/v2\/product"}],"about":[{"href":"https:\/\/susistemapruebas.com\/grapi\/wp-json\/wp\/v2\/types\/product"}],"wp:featuredmedia":[{"embeddable":true,"href":"https:\/\/susistemapruebas.com\/grapi\/wp-json\/wp\/v2\/media\/9257"}],"wp:attachment":[{"href":"https:\/\/susistemapruebas.com\/grapi\/wp-json\/wp\/v2\/media?parent=9259"}],"wp:term":[{"taxonomy":"product_brand","embeddable":true,"href":"https:\/\/susistemapruebas.com\/grapi\/wp-json\/wp\/v2\/product_brand?post=9259"},{"taxonomy":"product_cat","embeddable":true,"href":"https:\/\/susistemapruebas.com\/grapi\/wp-json\/wp\/v2\/product_cat?post=9259"},{"taxonomy":"product_tag","embeddable":true,"href":"https:\/\/susistemapruebas.com\/grapi\/wp-json\/wp\/v2\/product_tag?post=9259"}],"curies":[{"name":"wp","href":"https:\/\/api.w.org\/{rel}","templated":true}]}}