{"id":9254,"date":"2025-07-21T21:21:21","date_gmt":"2025-07-21T21:21:21","guid":{"rendered":"https:\/\/susistemapruebas.com\/grapi\/?post_type=product&#038;p=9254"},"modified":"2025-07-22T00:04:03","modified_gmt":"2025-07-22T00:04:03","slug":"paracaidas-fluorecente-2","status":"publish","type":"product","link":"https:\/\/susistemapruebas.com\/grapi\/producto\/paracaidas-fluorecente-2\/","title":{"rendered":"PARACAIDAS FLUORECENTE"},"content":{"rendered":"<p>El fondo azul marino muestra una lluvia de estrellas fluorescentes sensibles a los rayos UV cuando se usa con luz negra. Ideal para proporcionar estimulaci\u00f3n visual, as\u00ed como actividad social e interacci\u00f3n. Seguro y apropiado para todas las edades. Viene con una bolsa de almacenamiento.<\/p>\n<p>Luz negra no incluida. 20 asas.<\/p>\n<p>TAMA\u00d1O: \u00a04.00 Y 6.00 MTS. Di\u00e1metro.<\/p>\n","protected":false},"excerpt":{"rendered":"<p>El fondo azul marino muestra una lluvia de estrellas fluorescentes sensibles a los rayos UV cuando se usa con luz negra. Ideal para proporcionar estimulaci\u00f3n visual, as\u00ed como actividad social e interacci\u00f3n. Seguro y apropiado para todas las edades. Viene con una bolsa de almacenamiento. Luz negra no incluida. 20 asas. TAMA\u00d1O: \u00a04.00 Y 6.00 [&hellip;]<\/p>\n","protected":false},"featured_media":9255,"template":"","meta":[],"product_brand":[],"product_cat":[88,89],"product_tag":[],"class_list":{"0":"post-9254","1":"product","2":"type-product","3":"status-publish","4":"has-post-thumbnail","6":"product_cat-elementos-flourecentes","7":"product_cat-iluminacion-uv","9":"first","10":"instock","11":"shipping-taxable","12":"product-type-simple"},"_links":{"self":[{"href":"https:\/\/susistemapruebas.com\/grapi\/wp-json\/wp\/v2\/product\/9254","targetHints":{"allow":["GET"]}}],"collection":[{"href":"https:\/\/susistemapruebas.com\/grapi\/wp-json\/wp\/v2\/product"}],"about":[{"href":"https:\/\/susistemapruebas.com\/grapi\/wp-json\/wp\/v2\/types\/product"}],"wp:featuredmedia":[{"embeddable":true,"href":"https:\/\/susistemapruebas.com\/grapi\/wp-json\/wp\/v2\/media\/9255"}],"wp:attachment":[{"href":"https:\/\/susistemapruebas.com\/grapi\/wp-json\/wp\/v2\/media?parent=9254"}],"wp:term":[{"taxonomy":"product_brand","embeddable":true,"href":"https:\/\/susistemapruebas.com\/grapi\/wp-json\/wp\/v2\/product_brand?post=9254"},{"taxonomy":"product_cat","embeddable":true,"href":"https:\/\/susistemapruebas.com\/grapi\/wp-json\/wp\/v2\/product_cat?post=9254"},{"taxonomy":"product_tag","embeddable":true,"href":"https:\/\/susistemapruebas.com\/grapi\/wp-json\/wp\/v2\/product_tag?post=9254"}],"curies":[{"name":"wp","href":"https:\/\/api.w.org\/{rel}","templated":true}]}}