{"id":9246,"date":"2025-07-21T20:39:15","date_gmt":"2025-07-21T20:39:15","guid":{"rendered":"https:\/\/susistemapruebas.com\/grapi\/?post_type=product&#038;p=9246"},"modified":"2025-07-22T00:06:34","modified_gmt":"2025-07-22T00:06:34","slug":"figuras-captoras-de-luz-2","status":"publish","type":"product","link":"https:\/\/susistemapruebas.com\/grapi\/producto\/figuras-captoras-de-luz-2\/","title":{"rendered":"FIGURAS CAPTORAS DE LUZ"},"content":{"rendered":"<p><strong>LUNAS, ESTRELLAS, PLANETAS Y COMETAS<\/strong>.\u00a0\u00a0 Crea una galaxia llena de color\u00a0\u00a0 en la obscuridad. Fabricadas de MATERIAL FLUORESCENTE QUE BRILLA EN LA OSCURIDAD: El material de estas estrellas, les permite absorber la luz directa UV, para poder brillar en la oscuridad y alumbrar tu cuarto. No requieren bater\u00edas ni corriente el\u00e9ctrica.<\/p>\n<ul>\n<li>Pegantinas Estrellas, lunas, planetas, cometa, lunas.<\/li>\n<li>Unidades por pack: 100 pz.<\/li>\n<li>Material:<\/li>\n<li>TAMA\u00d1OS:<\/li>\n<li>Estrellas de 6cm<\/li>\n<li>Estrellas de 4cm<\/li>\n<li>Estrellas de 3 cm<\/li>\n<li>Luna grande de 9cm<\/li>\n<li>Sol de 4.5cm<\/li>\n<li>Luna chica 4.5cm<\/li>\n<li>Estrella doble 5cm<\/li>\n<li>Cometa 5.5cm<\/li>\n<li>J\u00fapiter 5.5cm<\/li>\n<li>Luna llena 5.5cm.<\/li>\n<\/ul>\n<p>&nbsp;<\/p>\n<p>Figuras de vinilo peque\u00f1as de distintos tama\u00f1os. \u00a1Vinilo Fotoluminiscencia No esta hechas de pl\u00e1stico r\u00edgido! \u00a1Vida \u00fatil de de hasta 5 a\u00f1os en interiores! Se adhieren a muchas superficies. Sin luz tienen un color verde claro y expuestas a la LAMPARA DE LUZ NEGRA UV tienen un color verde fosforescente.\u00a0 Se cargan con luz artificial con 15 minutos y brillan de 8 a 10 horas continuo (su brillo disminuye poco a poco). El lugar debe estar completamente obscuro y la luz no debe estar a m\u00e1s de 3 metros de distancia, de lo contrario no brillar\u00e1n mucho y no se apreciar\u00e1n.<\/p>\n","protected":false},"excerpt":{"rendered":"<p>LUNAS, ESTRELLAS, PLANETAS Y COMETAS.\u00a0\u00a0 Crea una galaxia llena de color\u00a0\u00a0 en la obscuridad. Fabricadas de MATERIAL FLUORESCENTE QUE BRILLA EN LA OSCURIDAD: El material de estas estrellas, les permite absorber la luz directa UV, para poder brillar en la oscuridad y alumbrar tu cuarto. No requieren bater\u00edas ni corriente el\u00e9ctrica. Pegantinas Estrellas, lunas, planetas, [&hellip;]<\/p>\n","protected":false},"featured_media":9247,"template":"","meta":[],"product_brand":[],"product_cat":[88,89],"product_tag":[],"class_list":{"0":"post-9246","1":"product","2":"type-product","3":"status-publish","4":"has-post-thumbnail","6":"product_cat-elementos-flourecentes","7":"product_cat-iluminacion-uv","9":"first","10":"instock","11":"shipping-taxable","12":"product-type-simple"},"_links":{"self":[{"href":"https:\/\/susistemapruebas.com\/grapi\/wp-json\/wp\/v2\/product\/9246","targetHints":{"allow":["GET"]}}],"collection":[{"href":"https:\/\/susistemapruebas.com\/grapi\/wp-json\/wp\/v2\/product"}],"about":[{"href":"https:\/\/susistemapruebas.com\/grapi\/wp-json\/wp\/v2\/types\/product"}],"wp:featuredmedia":[{"embeddable":true,"href":"https:\/\/susistemapruebas.com\/grapi\/wp-json\/wp\/v2\/media\/9247"}],"wp:attachment":[{"href":"https:\/\/susistemapruebas.com\/grapi\/wp-json\/wp\/v2\/media?parent=9246"}],"wp:term":[{"taxonomy":"product_brand","embeddable":true,"href":"https:\/\/susistemapruebas.com\/grapi\/wp-json\/wp\/v2\/product_brand?post=9246"},{"taxonomy":"product_cat","embeddable":true,"href":"https:\/\/susistemapruebas.com\/grapi\/wp-json\/wp\/v2\/product_cat?post=9246"},{"taxonomy":"product_tag","embeddable":true,"href":"https:\/\/susistemapruebas.com\/grapi\/wp-json\/wp\/v2\/product_tag?post=9246"}],"curies":[{"name":"wp","href":"https:\/\/api.w.org\/{rel}","templated":true}]}}