{"id":9234,"date":"2025-07-21T17:29:30","date_gmt":"2025-07-21T17:29:30","guid":{"rendered":"https:\/\/susistemapruebas.com\/grapi\/?post_type=product&#038;p=9234"},"modified":"2025-07-22T00:07:47","modified_gmt":"2025-07-22T00:07:47","slug":"barra-de-luz-negra-led-neon-con-gabinete","status":"publish","type":"product","link":"https:\/\/susistemapruebas.com\/grapi\/producto\/barra-de-luz-negra-led-neon-con-gabinete\/","title":{"rendered":"BARRA DE LUZ NEGRA LED NE\u00d3N CON GABINETE"},"content":{"rendered":"<p><strong>BARRA DE LUZ NEGRA LED NE\u00d3N CON GABINETE.<\/strong> 1 pza. que al ser encendida proyecta cambio de color, volviendo fluorescente los colores claros del cuarto.<\/p>\n<ul>\n<li>Colores de la luz Ultravioleta.<\/li>\n<li>Potencia de salida 30 W.<\/li>\n<li>Tipo de dispositivo Cabezal m\u00f3vil.<\/li>\n<li>Cantidad de LEDS: 9 X 3 W UV LEDS<\/li>\n<li>Voltaje: AC85-265V 50\/60 HZ<\/li>\n<li>Watts: 30w<\/li>\n<li>Angulo de Iluminacion: 120 grados, el \u00e1rea de Iluminacion puede variar seg\u00fan la altura y \u00e1ngulo a que se instale.<\/li>\n<li>Incluye 2 soportes para fijarse al techo o pared.<\/li>\n<li>Forma oblonga.<\/li>\n<li>Material: metal<\/li>\n<li>Conmutaci\u00f3n bidireccional<\/li>\n<li>Fuente de alimentaci\u00f3n con cable el\u00e9ctrico<\/li>\n<li>Medidas: 51 X 7 X 7 CMS.<\/li>\n<\/ul>\n","protected":false},"excerpt":{"rendered":"<p>BARRA DE LUZ NEGRA LED NE\u00d3N CON GABINETE. 1 pza. que al ser encendida proyecta cambio de color, volviendo fluorescente los colores claros del cuarto. Colores de la luz Ultravioleta. Potencia de salida 30 W. Tipo de dispositivo Cabezal m\u00f3vil. Cantidad de LEDS: 9 X 3 W UV LEDS Voltaje: AC85-265V 50\/60 HZ Watts: 30w [&hellip;]<\/p>\n","protected":false},"featured_media":9235,"template":"","meta":[],"product_brand":[],"product_cat":[88,89],"product_tag":[],"class_list":{"0":"post-9234","1":"product","2":"type-product","3":"status-publish","4":"has-post-thumbnail","6":"product_cat-elementos-flourecentes","7":"product_cat-iluminacion-uv","9":"first","10":"instock","11":"shipping-taxable","12":"product-type-simple"},"_links":{"self":[{"href":"https:\/\/susistemapruebas.com\/grapi\/wp-json\/wp\/v2\/product\/9234","targetHints":{"allow":["GET"]}}],"collection":[{"href":"https:\/\/susistemapruebas.com\/grapi\/wp-json\/wp\/v2\/product"}],"about":[{"href":"https:\/\/susistemapruebas.com\/grapi\/wp-json\/wp\/v2\/types\/product"}],"wp:featuredmedia":[{"embeddable":true,"href":"https:\/\/susistemapruebas.com\/grapi\/wp-json\/wp\/v2\/media\/9235"}],"wp:attachment":[{"href":"https:\/\/susistemapruebas.com\/grapi\/wp-json\/wp\/v2\/media?parent=9234"}],"wp:term":[{"taxonomy":"product_brand","embeddable":true,"href":"https:\/\/susistemapruebas.com\/grapi\/wp-json\/wp\/v2\/product_brand?post=9234"},{"taxonomy":"product_cat","embeddable":true,"href":"https:\/\/susistemapruebas.com\/grapi\/wp-json\/wp\/v2\/product_cat?post=9234"},{"taxonomy":"product_tag","embeddable":true,"href":"https:\/\/susistemapruebas.com\/grapi\/wp-json\/wp\/v2\/product_tag?post=9234"}],"curies":[{"name":"wp","href":"https:\/\/api.w.org\/{rel}","templated":true}]}}