{"id":9230,"date":"2025-06-25T18:41:12","date_gmt":"2025-06-25T18:41:12","guid":{"rendered":"https:\/\/susistemapruebas.com\/grapi\/?post_type=product&#038;p=9230"},"modified":"2025-06-25T18:41:12","modified_gmt":"2025-06-25T18:41:12","slug":"posicionador-de-asiento-de-alimentador-tumble-forms-2","status":"publish","type":"product","link":"https:\/\/susistemapruebas.com\/grapi\/producto\/posicionador-de-asiento-de-alimentador-tumble-forms-2\/","title":{"rendered":"Posicionador de asiento de alimentador Tumble Forms 2"},"content":{"rendered":"<h2><span>Se utiliza para mantener a los ni\u00f1os en posici\u00f3n vertical<\/span><\/h2>\n<p><span>Originalmente desarrollado para la alimentaci\u00f3n, el posicionador de asiento para alimentaci\u00f3n Tumble Forms 2 puede utilizarse para cualquier actividad de corta duraci\u00f3n en el hogar, la cl\u00ednica o la escuela como alternativa a la silla de ruedas o el bipedestador infantil. Es f\u00e1cil de colocar y sacar del ni\u00f1o, fomenta una buena posici\u00f3n b\u00e1sica sin ajustes complicados y es ligero para facilitar su transporte. Cuenta con ranuras para el arn\u00e9s de hombros que permiten un ajuste vertical de 10 cm de las correas, adapt\u00e1ndose a ni\u00f1os de diferentes alturas, a la vez que proporciona comodidad y m\u00e1xima seguridad.<\/span><\/p>\n<h2><span>Cubierta sin costuras no t\u00f3xica que previene olores<\/span><\/h2>\n<p><span>La silla de alimentaci\u00f3n est\u00e1 equipada con un cintur\u00f3n p\u00e9lvico de 45\u00b0 y un cintur\u00f3n en H de liberaci\u00f3n r\u00e1pida para ayudar a mantener la posici\u00f3n y mantener al ni\u00f1o o adolescente seguro durante su uso. El interior contorneado tiene una relaci\u00f3n asiento-respaldo de 90\u00b0, lo que proporciona una postura correcta durante el uso. La protecci\u00f3n antimicrobiana act\u00faa desde el interior para ayudar a inhibir o prevenir los olores. Tambi\u00e9n previene el desgaste prematuro del revestimiento causado por el crecimiento de microorganismos da\u00f1inos, que puede ocurrir durante el uso normal.<\/span><\/p>\n<h2><span>Disponible en varios tama\u00f1os y colores.<\/span><\/h2>\n<p><span>Se puede elegir el posicionador de asiento para comedero con o sin cu\u00f1a para sentarse en el suelo, disponible en varios colores: azul, morado, rojo y verde azulado. Adem\u00e1s, el posicionador de asiento para comedero est\u00e1 disponible en cuatro tama\u00f1os: peque\u00f1o, mediano, grande y extragrande. La cu\u00f1a para sentarse en el suelo est\u00e1 disponible en dos tama\u00f1os: peque\u00f1o, mediano, grande y extragrande. Para conocer las dimensiones totales de cada posicionador, consulte la tabla de tallas adjunta. El revestimiento no t\u00f3xico sin costuras es flexible y duradero, resiste el agrietamiento y el desprendimiento con el tiempo y conserva su forma incluso despu\u00e9s de un uso intensivo prolongado.<\/span><\/p>\n<ul>\n<li><span>Desarrollado para la alimentaci\u00f3n o la actividad a corto plazo en una variedad de entornos, el posicionador de asiento para alimentaci\u00f3n es una buena alternativa a un bipedestador o una silla de ruedas.<\/span><\/li>\n<li><span>Cuenta con un arn\u00e9s de hombro con ranuras para permitir el ajuste vertical de las correas para adaptarse a varias alturas.<\/span><\/li>\n<li><span>Dise\u00f1ado para brindar m\u00e1xima comodidad, fomentar la interacci\u00f3n positiva y es f\u00e1cil de mover y colocar.<\/span><\/li>\n<li><span>El revestimiento sin costuras no t\u00f3xico est\u00e1 dise\u00f1ado para lavarse y desinfectarse entre usos y es resistente a los olores, la orina y las manchas.<\/span><\/li>\n<li><span>Posicionador de asiento para comedero disponible en cuatro tama\u00f1os (S, M, L y XL) para adaptarse a beb\u00e9s y adolescentes en varios colores (azul, morado, rojo y verde azulado)<\/span><\/li>\n<li><span>Cu\u00f1a para sentarse en el suelo disponible en dos tama\u00f1os (S\/M\/L y XL), donde (S\/M\/L) se adapta a asientos de tama\u00f1o S, M y L y (XL) se adapta a asientos de tama\u00f1o X-Large.<\/span><\/li>\n<\/ul>\n","protected":false},"excerpt":{"rendered":"<p>Se utiliza para mantener a los ni\u00f1os en posici\u00f3n vertical Originalmente desarrollado para la alimentaci\u00f3n, el posicionador de asiento para alimentaci\u00f3n Tumble Forms 2 puede utilizarse para cualquier actividad de corta duraci\u00f3n en el hogar, la cl\u00ednica o la escuela como alternativa a la silla de ruedas o el bipedestador infantil. Es f\u00e1cil de colocar [&hellip;]<\/p>\n","protected":false},"featured_media":9231,"template":"","meta":[],"product_brand":[],"product_cat":[95],"product_tag":[],"class_list":{"0":"post-9230","1":"product","2":"type-product","3":"status-publish","4":"has-post-thumbnail","6":"product_cat-productos-tumble-form","8":"first","9":"instock","10":"shipping-taxable","11":"product-type-simple"},"_links":{"self":[{"href":"https:\/\/susistemapruebas.com\/grapi\/wp-json\/wp\/v2\/product\/9230","targetHints":{"allow":["GET"]}}],"collection":[{"href":"https:\/\/susistemapruebas.com\/grapi\/wp-json\/wp\/v2\/product"}],"about":[{"href":"https:\/\/susistemapruebas.com\/grapi\/wp-json\/wp\/v2\/types\/product"}],"wp:featuredmedia":[{"embeddable":true,"href":"https:\/\/susistemapruebas.com\/grapi\/wp-json\/wp\/v2\/media\/9231"}],"wp:attachment":[{"href":"https:\/\/susistemapruebas.com\/grapi\/wp-json\/wp\/v2\/media?parent=9230"}],"wp:term":[{"taxonomy":"product_brand","embeddable":true,"href":"https:\/\/susistemapruebas.com\/grapi\/wp-json\/wp\/v2\/product_brand?post=9230"},{"taxonomy":"product_cat","embeddable":true,"href":"https:\/\/susistemapruebas.com\/grapi\/wp-json\/wp\/v2\/product_cat?post=9230"},{"taxonomy":"product_tag","embeddable":true,"href":"https:\/\/susistemapruebas.com\/grapi\/wp-json\/wp\/v2\/product_tag?post=9230"}],"curies":[{"name":"wp","href":"https:\/\/api.w.org\/{rel}","templated":true}]}}