{"id":9228,"date":"2025-06-25T18:31:26","date_gmt":"2025-06-25T18:31:26","guid":{"rendered":"https:\/\/susistemapruebas.com\/grapi\/?post_type=product&#038;p=9228"},"modified":"2025-06-25T18:31:26","modified_gmt":"2025-06-25T18:31:26","slug":"posicionador-pediatrico-tumble-forms-2-tadpole","status":"publish","type":"product","link":"https:\/\/susistemapruebas.com\/grapi\/producto\/posicionador-pediatrico-tumble-forms-2-tadpole\/","title":{"rendered":"Posicionador pedi\u00e1trico Tumble Forms 2 Tadpole"},"content":{"rendered":"<p><span>El posicionador pedi\u00e1trico Tumble Forms 2 Tadpole est\u00e1 dise\u00f1ado espec\u00edficamente para beb\u00e9s de 0 a 3 a\u00f1os con par\u00e1lisis cerebral, retraso motor u otras disfunciones motoras. Se benefician de esta unidad multiusos, al utilizarse como parte esencial de un programa terap\u00e9utico eficaz.\u00a0<\/span><\/p>\n<p><b><span>Dec\u00fabito prono:\u00a0<\/span><\/b><span>\u00a0Con el medio rollo y dos soportes laterales, el posicionador Tadpole facilita la extensi\u00f3n corporal activa, la flexi\u00f3n de la cabeza, la elevaci\u00f3n del pecho y el apoyo de los brazos hacia adelante para tocarse las manos en la l\u00ednea media. La unidad con espejo fomenta la curiosidad del ni\u00f1o. Coloque el rollo de tronco debajo de la base para actividades vestibulares.<\/span><\/p>\n<p><b><span>Sentado:\u00a0<\/span><\/b><span>\u00a0Use los m\u00f3dulos de base y cu\u00f1a juntos para sentarse con las piernas extendidas o con balanceo. Se puede usar cualquier lado de la cu\u00f1a seg\u00fan el grado de postura deseado, ya sea erguido o reclinado. La bandeja adjunta proporciona soporte adicional y una superficie para actividades \u00f3culo-manuales.<\/span><\/p>\n<p><b><span>De lado:<\/span><\/b><span>\u00a0Fije el rollo de tronco a la base para que el ni\u00f1o se acueste de lado y as\u00ed facilitar el control de los movimientos laterales de la cabeza y el tronco. Apoye la base para posicionar al ni\u00f1o y mejorar su respiraci\u00f3n. No se puede elegir el color.<\/span><\/p>\n<ul>\n<li><span>Sin l\u00e1tex<\/span><\/li>\n<li><span>Incluye bolsa de transporte para un almacenamiento c\u00f3modo.<\/span><\/li>\n<li><span>Base: (19&#8243; de ancho x 34&#8243; de largo)<\/span><\/li>\n<li><span>Rollo de troncos: (8&#8243; de ancho x 29&#8243; de largo x 4&#8243; de alto)<\/span><\/li>\n<li><span>Medio rollo: (4&#8243; de ancho x 18&#8243; de largo x 2&#8243; de alto)<\/span><\/li>\n<li><span>Cu\u00f1a: (17&#8243; de ancho x 18&#8243; de largo)<\/span><\/li>\n<li><span>Bandeja con espejo: (12&#8243;An x 8&#8243;Pr x 7&#8243;Al);<\/span><\/li>\n<\/ul>\n","protected":false},"excerpt":{"rendered":"<p>El posicionador pedi\u00e1trico Tumble Forms 2 Tadpole est\u00e1 dise\u00f1ado espec\u00edficamente para beb\u00e9s de 0 a 3 a\u00f1os con par\u00e1lisis cerebral, retraso motor u otras disfunciones motoras. Se benefician de esta unidad multiusos, al utilizarse como parte esencial de un programa terap\u00e9utico eficaz.\u00a0 Dec\u00fabito prono:\u00a0\u00a0Con el medio rollo y dos soportes laterales, el posicionador Tadpole facilita [&hellip;]<\/p>\n","protected":false},"featured_media":9229,"template":"","meta":[],"product_brand":[],"product_cat":[95],"product_tag":[],"class_list":{"0":"post-9228","1":"product","2":"type-product","3":"status-publish","4":"has-post-thumbnail","6":"product_cat-productos-tumble-form","8":"first","9":"instock","10":"shipping-taxable","11":"product-type-simple"},"_links":{"self":[{"href":"https:\/\/susistemapruebas.com\/grapi\/wp-json\/wp\/v2\/product\/9228","targetHints":{"allow":["GET"]}}],"collection":[{"href":"https:\/\/susistemapruebas.com\/grapi\/wp-json\/wp\/v2\/product"}],"about":[{"href":"https:\/\/susistemapruebas.com\/grapi\/wp-json\/wp\/v2\/types\/product"}],"wp:featuredmedia":[{"embeddable":true,"href":"https:\/\/susistemapruebas.com\/grapi\/wp-json\/wp\/v2\/media\/9229"}],"wp:attachment":[{"href":"https:\/\/susistemapruebas.com\/grapi\/wp-json\/wp\/v2\/media?parent=9228"}],"wp:term":[{"taxonomy":"product_brand","embeddable":true,"href":"https:\/\/susistemapruebas.com\/grapi\/wp-json\/wp\/v2\/product_brand?post=9228"},{"taxonomy":"product_cat","embeddable":true,"href":"https:\/\/susistemapruebas.com\/grapi\/wp-json\/wp\/v2\/product_cat?post=9228"},{"taxonomy":"product_tag","embeddable":true,"href":"https:\/\/susistemapruebas.com\/grapi\/wp-json\/wp\/v2\/product_tag?post=9228"}],"curies":[{"name":"wp","href":"https:\/\/api.w.org\/{rel}","templated":true}]}}