{"id":9225,"date":"2025-06-25T18:27:18","date_gmt":"2025-06-25T18:27:18","guid":{"rendered":"https:\/\/susistemapruebas.com\/grapi\/?post_type=product&#038;p=9225"},"modified":"2025-06-25T18:27:18","modified_gmt":"2025-06-25T18:27:18","slug":"tumble-forms-2-jettmobile","status":"publish","type":"product","link":"https:\/\/susistemapruebas.com\/grapi\/producto\/tumble-forms-2-jettmobile\/","title":{"rendered":"Tumble Forms 2 Jettmobile"},"content":{"rendered":"<h2><span>Ayuda a desarrollar habilidades sensoriomotoras<\/span><\/h2>\n<p><span>El Jettmobile Tumble Forms 2 ayuda a los ni\u00f1os a desarrollar habilidades sensomotoras, adem\u00e1s de ofrecerles diversi\u00f3n y asistencia para la movilidad. El colorido Jettmobile ayuda a desarrollar la coordinaci\u00f3n muscular del cuello, hombros y brazos mientras el ni\u00f1o avanza en posici\u00f3n de extensi\u00f3n. Dado que la posici\u00f3n boca abajo se alcanza f\u00e1cilmente con el patinete Jettmobile, el sistema de posicionamiento es ideal para ni\u00f1os con espina b\u00edfida. Las ruedas esf\u00e9ricas est\u00e1n ocultas de forma segura por defensas protectoras.<\/span><\/p>\n<h2><span>Caracter\u00edsticas Correa de posicionamiento de cadera ajustable<\/span><\/h2>\n<p><span>Equipado con formas de posicionamiento extra\u00edbles, una cu\u00f1a abductora y una correa de posicionamiento de cadera. Esta correa facilita el movimiento manteniendo al ni\u00f1o en posici\u00f3n prona sim\u00e9trica mientras empuja y tira con las extremidades superiores. El \u00e1ngulo de abducci\u00f3n se puede modificar movi\u00e9ndolo de adelante hacia atr\u00e1s, y se puede adaptar una asimetr\u00eda postural severa ajust\u00e1ndolo de izquierda a derecha.<\/span><\/p>\n<h2><span>Disponible con o sin accesorios<\/span><\/h2>\n<p><span>El scooter Jettmobile est\u00e1 dise\u00f1ado para facilitar el desarrollo de las extremidades superiores, fomentando la coordinaci\u00f3n motora bilateral y mejorando la fuerza y \u200b\u200bla resistencia de brazos y manos. El modelo 4768C se adapta a ni\u00f1os de hasta 101 cm de altura y hasta 57 kg de peso. El modelo 4769C se adapta a ni\u00f1os de hasta 152 cm de altura y hasta 90 kg de peso. Tanto el 4768C como el 4769C incluyen moldes de posicionamiento extra\u00edbles, cu\u00f1a abductora y correa de posicionamiento de cadera. Los modelos 476801 y 476901 solo incluyen la correa de posicionamiento de cadera.<\/span><\/p>\n<ul>\n<li><span>Para ayudar a mejorar la movilidad y las habilidades sensoriomotoras, se desarrollan los m\u00fasculos del cuello, los hombros y los brazos mientras el ni\u00f1o avanza en una posici\u00f3n de extensi\u00f3n.<\/span><\/li>\n<li><span>Tanto el 4768C como el 4769C vienen equipados con formas de posicionamiento extra\u00edbles, una cu\u00f1a abductora y una correa de posicionamiento de cadera.<\/span><\/li>\n<li><span>La correa de cadera est\u00e1 dise\u00f1ada para un posicionamiento seguro y es particularmente \u00fatil para reducir la flexi\u00f3n anormal de la cadera.<\/span><\/li>\n<li><span>Cuenta con ruedas de bola ocultas por defensas protectoras para evitar que la ropa o los dedos queden atrapados.<\/span><\/li>\n<li><span>El sistema de posicionamiento est\u00e1 construido con material verde azulado, sin l\u00e1tex, que es f\u00e1cil de limpiar y desinfectar con desinfectantes.<\/span><\/li>\n<\/ul>\n","protected":false},"excerpt":{"rendered":"<p>Ayuda a desarrollar habilidades sensoriomotoras El Jettmobile Tumble Forms 2 ayuda a los ni\u00f1os a desarrollar habilidades sensomotoras, adem\u00e1s de ofrecerles diversi\u00f3n y asistencia para la movilidad. El colorido Jettmobile ayuda a desarrollar la coordinaci\u00f3n muscular del cuello, hombros y brazos mientras el ni\u00f1o avanza en posici\u00f3n de extensi\u00f3n. Dado que la posici\u00f3n boca abajo [&hellip;]<\/p>\n","protected":false},"featured_media":9226,"template":"","meta":[],"product_brand":[],"product_cat":[95],"product_tag":[],"class_list":{"0":"post-9225","1":"product","2":"type-product","3":"status-publish","4":"has-post-thumbnail","6":"product_cat-productos-tumble-form","8":"first","9":"instock","10":"shipping-taxable","11":"product-type-simple"},"_links":{"self":[{"href":"https:\/\/susistemapruebas.com\/grapi\/wp-json\/wp\/v2\/product\/9225","targetHints":{"allow":["GET"]}}],"collection":[{"href":"https:\/\/susistemapruebas.com\/grapi\/wp-json\/wp\/v2\/product"}],"about":[{"href":"https:\/\/susistemapruebas.com\/grapi\/wp-json\/wp\/v2\/types\/product"}],"wp:featuredmedia":[{"embeddable":true,"href":"https:\/\/susistemapruebas.com\/grapi\/wp-json\/wp\/v2\/media\/9226"}],"wp:attachment":[{"href":"https:\/\/susistemapruebas.com\/grapi\/wp-json\/wp\/v2\/media?parent=9225"}],"wp:term":[{"taxonomy":"product_brand","embeddable":true,"href":"https:\/\/susistemapruebas.com\/grapi\/wp-json\/wp\/v2\/product_brand?post=9225"},{"taxonomy":"product_cat","embeddable":true,"href":"https:\/\/susistemapruebas.com\/grapi\/wp-json\/wp\/v2\/product_cat?post=9225"},{"taxonomy":"product_tag","embeddable":true,"href":"https:\/\/susistemapruebas.com\/grapi\/wp-json\/wp\/v2\/product_tag?post=9225"}],"curies":[{"name":"wp","href":"https:\/\/api.w.org\/{rel}","templated":true}]}}