{"id":9222,"date":"2025-06-25T18:23:14","date_gmt":"2025-06-25T18:23:14","guid":{"rendered":"https:\/\/susistemapruebas.com\/grapi\/?post_type=product&#038;p=9222"},"modified":"2025-06-25T18:23:14","modified_gmt":"2025-06-25T18:23:14","slug":"tumble-forms-2-cunas","status":"publish","type":"product","link":"https:\/\/susistemapruebas.com\/grapi\/producto\/tumble-forms-2-cunas\/","title":{"rendered":"Tumble Forms 2 cu\u00f1as"},"content":{"rendered":"<ul>\n<li><span>Construido con una superficie f\u00e1cil de limpiar.<\/span><\/li>\n<li><span>Se puede utilizar para fines de posicionamiento en el hogar, la escuela o en uso cl\u00ednico.<\/span><\/li>\n<li><span>Dise\u00f1ado para ser utilizado para aumentar y fortalecer las actividades motoras gruesas.<\/span><\/li>\n<li><span>Sin elecci\u00f3n de color<\/span><\/li>\n<li><span>Sin l\u00e1tex<\/span><\/li>\n<\/ul>\n<p>Las cu\u00f1as Tumble Forms 2 son ideales para actividades de motricidad gruesa como rodar, dar volteretas y caminar cuesta arriba o cuesta abajo. Tambi\u00e9n proporcionan una posici\u00f3n c\u00f3moda para leer o realizar actividades de motricidad fina. Se pueden usar como alternativa a sentarse cuando el ni\u00f1o tiene problemas de control de la cabeza, equilibrio o tronco.<\/p>\n<p>&nbsp;<\/p>\n","protected":false},"excerpt":{"rendered":"<p>Construido con una superficie f\u00e1cil de limpiar. Se puede utilizar para fines de posicionamiento en el hogar, la escuela o en uso cl\u00ednico. Dise\u00f1ado para ser utilizado para aumentar y fortalecer las actividades motoras gruesas. Sin elecci\u00f3n de color Sin l\u00e1tex Las cu\u00f1as Tumble Forms 2 son ideales para actividades de motricidad gruesa como rodar, [&hellip;]<\/p>\n","protected":false},"featured_media":9223,"template":"","meta":[],"product_brand":[],"product_cat":[95],"product_tag":[],"class_list":{"0":"post-9222","1":"product","2":"type-product","3":"status-publish","4":"has-post-thumbnail","6":"product_cat-productos-tumble-form","8":"first","9":"instock","10":"shipping-taxable","11":"product-type-simple"},"_links":{"self":[{"href":"https:\/\/susistemapruebas.com\/grapi\/wp-json\/wp\/v2\/product\/9222","targetHints":{"allow":["GET"]}}],"collection":[{"href":"https:\/\/susistemapruebas.com\/grapi\/wp-json\/wp\/v2\/product"}],"about":[{"href":"https:\/\/susistemapruebas.com\/grapi\/wp-json\/wp\/v2\/types\/product"}],"wp:featuredmedia":[{"embeddable":true,"href":"https:\/\/susistemapruebas.com\/grapi\/wp-json\/wp\/v2\/media\/9223"}],"wp:attachment":[{"href":"https:\/\/susistemapruebas.com\/grapi\/wp-json\/wp\/v2\/media?parent=9222"}],"wp:term":[{"taxonomy":"product_brand","embeddable":true,"href":"https:\/\/susistemapruebas.com\/grapi\/wp-json\/wp\/v2\/product_brand?post=9222"},{"taxonomy":"product_cat","embeddable":true,"href":"https:\/\/susistemapruebas.com\/grapi\/wp-json\/wp\/v2\/product_cat?post=9222"},{"taxonomy":"product_tag","embeddable":true,"href":"https:\/\/susistemapruebas.com\/grapi\/wp-json\/wp\/v2\/product_tag?post=9222"}],"curies":[{"name":"wp","href":"https:\/\/api.w.org\/{rel}","templated":true}]}}