{"id":9220,"date":"2025-06-25T18:16:30","date_gmt":"2025-06-25T18:16:30","guid":{"rendered":"https:\/\/susistemapruebas.com\/grapi\/?post_type=product&#038;p=9220"},"modified":"2025-06-25T18:16:30","modified_gmt":"2025-06-25T18:16:30","slug":"tumble-forms-2-rollos","status":"publish","type":"product","link":"https:\/\/susistemapruebas.com\/grapi\/producto\/tumble-forms-2-rollos\/","title":{"rendered":"Tumble Forms 2 rollos"},"content":{"rendered":"<h2><span>El rollo ideal de fitness y rehabilitaci\u00f3n<\/span><\/h2>\n<p><span>Los rodillos Tumble Forms 2 est\u00e1n dise\u00f1ados para aplicaciones efectivas de rehabilitaci\u00f3n y acondicionamiento f\u00edsico. Se utilizan en entrenamiento posicional y de desarrollo neurol\u00f3gico, as\u00ed como para pacientes con necesidades especiales. Los rodillos Tumble Forms 2 proporcionan una herramienta firme y suave que mejora la percepci\u00f3n sensorial y facilita los ejercicios de balanceo y balanceo para acondicionamiento f\u00edsico y rehabilitaci\u00f3n.<\/span><\/p>\n<h2><span>Construido resistente y limpio<\/span><\/h2>\n<p><span>La construcci\u00f3n sin costuras del rollo proporciona una barrera eficaz contra la humedad, y su revestimiento de vinilo es higi\u00e9nico y f\u00e1cil de limpiar y desinfectar. Adem\u00e1s, son extremadamente resistentes a la abrasi\u00f3n y al desgarro, lo que los hace rentables e ideales para un uso prolongado.<\/span><\/p>\n<h2><span>El dise\u00f1o, la forma y el tama\u00f1o que necesitas<\/span><\/h2>\n<p><span>Lo mejor de los rollos Tumble Forms 2 es su variedad. Con tama\u00f1os que van desde grandes hasta peque\u00f1os, y con distintas longitudes y combinaciones de altura, m\u00e9dicos y terapeutas pueden satisfacer cualquier necesidad de cualquier paciente, y lo hacen en cuatro colores diferentes.<\/span><\/p>\n<ul>\n<li><span>Construcci\u00f3n suave pero firme para una rehabilitaci\u00f3n suave y efectiva.<\/span><\/li>\n<li><span>El material de vinilo no contiene l\u00e1tex, es f\u00e1cil de limpiar, desinfectar y previene el crecimiento de moho y hongos.<\/span><\/li>\n<li><span>Cada rollo tiene un n\u00facleo interior s\u00f3lido para evitar que se aplane en todo el rollo.<\/span><\/li>\n<li><span>Cada tama\u00f1o (excepto el rollo de 4 pulgadas) viene con una correa de transporte para facilitar su transporte y almacenamiento.<\/span><\/li>\n<li><span>Disponible en cuatro opciones de colores diferentes.<\/span><\/li>\n<\/ul>\n<p>&nbsp;<\/p>\n","protected":false},"excerpt":{"rendered":"<p>El rollo ideal de fitness y rehabilitaci\u00f3n Los rodillos Tumble Forms 2 est\u00e1n dise\u00f1ados para aplicaciones efectivas de rehabilitaci\u00f3n y acondicionamiento f\u00edsico. Se utilizan en entrenamiento posicional y de desarrollo neurol\u00f3gico, as\u00ed como para pacientes con necesidades especiales. Los rodillos Tumble Forms 2 proporcionan una herramienta firme y suave que mejora la percepci\u00f3n sensorial y [&hellip;]<\/p>\n","protected":false},"featured_media":9221,"template":"","meta":[],"product_brand":[],"product_cat":[95],"product_tag":[],"class_list":{"0":"post-9220","1":"product","2":"type-product","3":"status-publish","4":"has-post-thumbnail","6":"product_cat-productos-tumble-form","8":"first","9":"instock","10":"shipping-taxable","11":"product-type-simple"},"_links":{"self":[{"href":"https:\/\/susistemapruebas.com\/grapi\/wp-json\/wp\/v2\/product\/9220","targetHints":{"allow":["GET"]}}],"collection":[{"href":"https:\/\/susistemapruebas.com\/grapi\/wp-json\/wp\/v2\/product"}],"about":[{"href":"https:\/\/susistemapruebas.com\/grapi\/wp-json\/wp\/v2\/types\/product"}],"wp:featuredmedia":[{"embeddable":true,"href":"https:\/\/susistemapruebas.com\/grapi\/wp-json\/wp\/v2\/media\/9221"}],"wp:attachment":[{"href":"https:\/\/susistemapruebas.com\/grapi\/wp-json\/wp\/v2\/media?parent=9220"}],"wp:term":[{"taxonomy":"product_brand","embeddable":true,"href":"https:\/\/susistemapruebas.com\/grapi\/wp-json\/wp\/v2\/product_brand?post=9220"},{"taxonomy":"product_cat","embeddable":true,"href":"https:\/\/susistemapruebas.com\/grapi\/wp-json\/wp\/v2\/product_cat?post=9220"},{"taxonomy":"product_tag","embeddable":true,"href":"https:\/\/susistemapruebas.com\/grapi\/wp-json\/wp\/v2\/product_tag?post=9220"}],"curies":[{"name":"wp","href":"https:\/\/api.w.org\/{rel}","templated":true}]}}