{"id":9218,"date":"2025-06-25T17:28:06","date_gmt":"2025-06-25T17:28:06","guid":{"rendered":"https:\/\/susistemapruebas.com\/grapi\/?post_type=product&#038;p=9218"},"modified":"2025-06-25T17:28:06","modified_gmt":"2025-06-25T17:28:06","slug":"ferula-posicional-funcional-rolyan-con-correas-de-ranura-y-bucle","status":"publish","type":"product","link":"https:\/\/susistemapruebas.com\/grapi\/producto\/ferula-posicional-funcional-rolyan-con-correas-de-ranura-y-bucle\/","title":{"rendered":"F\u00e9rula posicional funcional Rolyan con correas de ranura y bucle"},"content":{"rendered":"<p><span>Esta f\u00e9rula de posicionamiento funcional est\u00e1 abierta en la parte superior y las correas se insertan en ranuras para mantener la posici\u00f3n deseada del dedo. Fabricada con material de entablillado Polyform preformado de 3 mm (1\/8&#8243;).<\/span><\/p>\n<p><img decoding=\"async\" src=\"https:\/\/www.performancehealth.co.uk\/media\/wysiwyg\/Size_Chart_C_1.jpg\" alt=\"\" \/><\/p>\n<ul>\n<li><span>Elija entre orientaci\u00f3n izquierda y derecha<\/span><\/li>\n<li><span>Disponible en tama\u00f1o peque\u00f1o, mediano y grande.<\/span><\/li>\n<li><span>Instrucciones incluidas<\/span><\/li>\n<li><span>Sin l\u00e1tex<\/span><\/li>\n<\/ul>\n","protected":false},"excerpt":{"rendered":"<p>Esta f\u00e9rula de posicionamiento funcional est\u00e1 abierta en la parte superior y las correas se insertan en ranuras para mantener la posici\u00f3n deseada del dedo. Fabricada con material de entablillado Polyform preformado de 3 mm (1\/8&#8243;). Elija entre orientaci\u00f3n izquierda y derecha Disponible en tama\u00f1o peque\u00f1o, mediano y grande. Instrucciones incluidas Sin l\u00e1tex<\/p>\n","protected":false},"featured_media":9219,"template":"","meta":[],"product_brand":[],"product_cat":[96],"product_tag":[],"class_list":{"0":"post-9218","1":"product","2":"type-product","3":"status-publish","4":"has-post-thumbnail","6":"product_cat-productos-rolyan","8":"first","9":"instock","10":"shipping-taxable","11":"product-type-simple"},"_links":{"self":[{"href":"https:\/\/susistemapruebas.com\/grapi\/wp-json\/wp\/v2\/product\/9218","targetHints":{"allow":["GET"]}}],"collection":[{"href":"https:\/\/susistemapruebas.com\/grapi\/wp-json\/wp\/v2\/product"}],"about":[{"href":"https:\/\/susistemapruebas.com\/grapi\/wp-json\/wp\/v2\/types\/product"}],"wp:featuredmedia":[{"embeddable":true,"href":"https:\/\/susistemapruebas.com\/grapi\/wp-json\/wp\/v2\/media\/9219"}],"wp:attachment":[{"href":"https:\/\/susistemapruebas.com\/grapi\/wp-json\/wp\/v2\/media?parent=9218"}],"wp:term":[{"taxonomy":"product_brand","embeddable":true,"href":"https:\/\/susistemapruebas.com\/grapi\/wp-json\/wp\/v2\/product_brand?post=9218"},{"taxonomy":"product_cat","embeddable":true,"href":"https:\/\/susistemapruebas.com\/grapi\/wp-json\/wp\/v2\/product_cat?post=9218"},{"taxonomy":"product_tag","embeddable":true,"href":"https:\/\/susistemapruebas.com\/grapi\/wp-json\/wp\/v2\/product_tag?post=9218"}],"curies":[{"name":"wp","href":"https:\/\/api.w.org\/{rel}","templated":true}]}}