{"id":9216,"date":"2025-06-25T17:23:05","date_gmt":"2025-06-25T17:23:05","guid":{"rendered":"https:\/\/susistemapruebas.com\/grapi\/?post_type=product&#038;p=9216"},"modified":"2025-06-25T17:23:05","modified_gmt":"2025-06-25T17:23:05","slug":"ferula-para-fractura-metacarpiana-de-rolyan","status":"publish","type":"product","link":"https:\/\/susistemapruebas.com\/grapi\/producto\/ferula-para-fractura-metacarpiana-de-rolyan\/","title":{"rendered":"F\u00e9rula para fractura metacarpiana de Rolyan"},"content":{"rendered":"<p>La f\u00e9rula para fracturas metacarpianas protege el cuarto y quinto metacarpianos. Se utiliza para sujetar los metacarpianos fracturados despu\u00e9s de usar una escayola. Recorte la f\u00e9rula proximal y distalmente para brindar el mejor soporte y comodidad.<\/p>\n<ul>\n<li><span>Fabricado con material termopl\u00e1stico TailorSplint de 1\/8&#8243; (3,2 mm)<\/span><\/li>\n<li><span>Sostiene el cuarto y quinto metacarpianos fracturados despu\u00e9s de usar un yeso.<\/span><\/li>\n<li><span>Se vende en paquete de tres.<\/span><\/li>\n<\/ul>\n","protected":false},"excerpt":{"rendered":"<p>La f\u00e9rula para fracturas metacarpianas protege el cuarto y quinto metacarpianos. Se utiliza para sujetar los metacarpianos fracturados despu\u00e9s de usar una escayola. Recorte la f\u00e9rula proximal y distalmente para brindar el mejor soporte y comodidad. Fabricado con material termopl\u00e1stico TailorSplint de 1\/8&#8243; (3,2 mm) Sostiene el cuarto y quinto metacarpianos fracturados despu\u00e9s de usar [&hellip;]<\/p>\n","protected":false},"featured_media":9217,"template":"","meta":[],"product_brand":[],"product_cat":[96],"product_tag":[],"class_list":{"0":"post-9216","1":"product","2":"type-product","3":"status-publish","4":"has-post-thumbnail","6":"product_cat-productos-rolyan","8":"first","9":"instock","10":"shipping-taxable","11":"product-type-simple"},"_links":{"self":[{"href":"https:\/\/susistemapruebas.com\/grapi\/wp-json\/wp\/v2\/product\/9216","targetHints":{"allow":["GET"]}}],"collection":[{"href":"https:\/\/susistemapruebas.com\/grapi\/wp-json\/wp\/v2\/product"}],"about":[{"href":"https:\/\/susistemapruebas.com\/grapi\/wp-json\/wp\/v2\/types\/product"}],"wp:featuredmedia":[{"embeddable":true,"href":"https:\/\/susistemapruebas.com\/grapi\/wp-json\/wp\/v2\/media\/9217"}],"wp:attachment":[{"href":"https:\/\/susistemapruebas.com\/grapi\/wp-json\/wp\/v2\/media?parent=9216"}],"wp:term":[{"taxonomy":"product_brand","embeddable":true,"href":"https:\/\/susistemapruebas.com\/grapi\/wp-json\/wp\/v2\/product_brand?post=9216"},{"taxonomy":"product_cat","embeddable":true,"href":"https:\/\/susistemapruebas.com\/grapi\/wp-json\/wp\/v2\/product_cat?post=9216"},{"taxonomy":"product_tag","embeddable":true,"href":"https:\/\/susistemapruebas.com\/grapi\/wp-json\/wp\/v2\/product_tag?post=9216"}],"curies":[{"name":"wp","href":"https:\/\/api.w.org\/{rel}","templated":true}]}}