{"id":9211,"date":"2025-06-24T23:43:39","date_gmt":"2025-06-24T23:43:39","guid":{"rendered":"https:\/\/susistemapruebas.com\/grapi\/?post_type=product&#038;p=9211"},"modified":"2025-06-24T23:43:39","modified_gmt":"2025-06-24T23:43:39","slug":"bandas-de-ejercicio-energizantes-rolyan-bandas-de-resistencia-rodillos-de-ejercicio","status":"publish","type":"product","link":"https:\/\/susistemapruebas.com\/grapi\/producto\/bandas-de-ejercicio-energizantes-rolyan-bandas-de-resistencia-rodillos-de-ejercicio\/","title":{"rendered":"Bandas de ejercicio energizantes Rolyan &#8211; Bandas de resistencia &#8211; Rodillos de ejercicio"},"content":{"rendered":"<h2><span>Bandas de ejercicio energizantes Rolyan<\/span><\/h2>\n<p><span>Vers\u00e1tiles para una amplia variedad de ejercicios, las Bandas de Ejercicio Energizantes Rolyan est\u00e1n dise\u00f1adas para proporcionar resistencia durante su uso, lo que ayuda a mejorar el equilibrio y la coordinaci\u00f3n mediante la repetici\u00f3n de movimientos. Estas bandas de entrenamiento tambi\u00e9n ayudan a aumentar la fuerza, tonificar los m\u00fasculos y mejorar la flexibilidad. Ideales para uso personal, las bandas de entrenamiento se pueden usar para entrenamientos en casa, eliminando la necesidad de costosas membres\u00edas de gimnasio.<\/span><\/p>\n<h2><span>Niveles progresivos de resistencia codificados por colores<\/span><\/h2>\n<p><span>Las bandas de resistencia Rolyan permiten a los usuarios encontrar f\u00e1cilmente la banda adecuada para su entrenamiento gracias a sus niveles de resistencia progresivos y codificados por colores. Gracias a su alta resistencia, los usuarios pueden trabajar desde principiante (Nivel 1 &#8211; Amarillo) hasta avanzado (Nivel 5 &#8211; Ciruela) para una experiencia de rehabilitaci\u00f3n o entrenamiento sin complicaciones. Las bandas de fitness est\u00e1n disponibles en construcci\u00f3n sin l\u00e1tex (10 cm de ancho) o l\u00e1tex de caucho natural (12,7 cm de ancho).<\/span><\/p>\n<h2><span>Dispensador incorporado para una f\u00e1cil distribuci\u00f3n<\/span><\/h2>\n<p><span>Las bandas de ejercicio Rolyan son ideales para uso profesional en gimnasios, centros de entrenamiento, fisioterapia y rehabilitaci\u00f3n, y clases de yoga. Desde estiramientos sencillos hasta entrenamientos m\u00e1s exigentes, estas sencillas pero efectivas bandas el\u00e1sticas vienen con un dispensador integrado para facilitar su distribuci\u00f3n a pacientes o atletas. Los rollos de ejercicio est\u00e1n disponibles en rollos de 6 o 50 yardas para satisfacer las necesidades de cada organizaci\u00f3n.<\/span><\/p>\n","protected":false},"excerpt":{"rendered":"<p>Bandas de ejercicio energizantes Rolyan Vers\u00e1tiles para una amplia variedad de ejercicios, las Bandas de Ejercicio Energizantes Rolyan est\u00e1n dise\u00f1adas para proporcionar resistencia durante su uso, lo que ayuda a mejorar el equilibrio y la coordinaci\u00f3n mediante la repetici\u00f3n de movimientos. Estas bandas de entrenamiento tambi\u00e9n ayudan a aumentar la fuerza, tonificar los m\u00fasculos y [&hellip;]<\/p>\n","protected":false},"featured_media":9212,"template":"","meta":[],"product_brand":[],"product_cat":[96],"product_tag":[],"class_list":{"0":"post-9211","1":"product","2":"type-product","3":"status-publish","4":"has-post-thumbnail","6":"product_cat-productos-rolyan","8":"first","9":"instock","10":"shipping-taxable","11":"product-type-simple"},"_links":{"self":[{"href":"https:\/\/susistemapruebas.com\/grapi\/wp-json\/wp\/v2\/product\/9211","targetHints":{"allow":["GET"]}}],"collection":[{"href":"https:\/\/susistemapruebas.com\/grapi\/wp-json\/wp\/v2\/product"}],"about":[{"href":"https:\/\/susistemapruebas.com\/grapi\/wp-json\/wp\/v2\/types\/product"}],"wp:featuredmedia":[{"embeddable":true,"href":"https:\/\/susistemapruebas.com\/grapi\/wp-json\/wp\/v2\/media\/9212"}],"wp:attachment":[{"href":"https:\/\/susistemapruebas.com\/grapi\/wp-json\/wp\/v2\/media?parent=9211"}],"wp:term":[{"taxonomy":"product_brand","embeddable":true,"href":"https:\/\/susistemapruebas.com\/grapi\/wp-json\/wp\/v2\/product_brand?post=9211"},{"taxonomy":"product_cat","embeddable":true,"href":"https:\/\/susistemapruebas.com\/grapi\/wp-json\/wp\/v2\/product_cat?post=9211"},{"taxonomy":"product_tag","embeddable":true,"href":"https:\/\/susistemapruebas.com\/grapi\/wp-json\/wp\/v2\/product_tag?post=9211"}],"curies":[{"name":"wp","href":"https:\/\/api.w.org\/{rel}","templated":true}]}}