{"id":9203,"date":"2025-06-24T22:47:42","date_gmt":"2025-06-24T22:47:42","guid":{"rendered":"https:\/\/susistemapruebas.com\/grapi\/?post_type=product&#038;p=9203"},"modified":"2025-06-24T23:34:05","modified_gmt":"2025-06-24T23:34:05","slug":"material-de-entablillado-termoplastico-rolyan-tailorsplint","status":"publish","type":"product","link":"https:\/\/susistemapruebas.com\/grapi\/producto\/material-de-entablillado-termoplastico-rolyan-tailorsplint\/","title":{"rendered":"Material de entablillado termopl\u00e1stico Rolyan TailorSplint"},"content":{"rendered":"<h2>Beneficios clave de los materiales<\/h2>\n<p>La familia Aquaplast es la \u00fanica familia de f\u00e9rulas Rolyan con memoria total. Las caracter\u00edsticas \u00fanicas del material termopl\u00e1stico perforado para f\u00e9rulas Rolyan Watercolors ofrecen a los profesionales un excelente control al crear la f\u00e9rula con ajuste perfecto, con posibilidad de revisi\u00f3n. Disponible en una amplia gama de colores, tanto pacientes como profesionales pueden elegir entre colores vibrantes que se adaptan al estilo de vida del paciente y aumentan su confianza.<\/p>\n<h2>Excelente control cl\u00ednico<\/h2>\n<p>Al formar f\u00e9rulas para pulgar, mu\u00f1eca, concha, soportes lumbares y m\u00e1s, el material de f\u00e9rulas Aquaplast presenta una resistencia moderada al estiramiento para un moldeado controlado durante la manipulaci\u00f3n. Una vez retirado del ba\u00f1o de f\u00e9rulas, no se deforma, lo que permite a los profesionales sanitarios contornear y detallar el material con m\u00ednima fuerza. Al recalentarse, el material \u00abrecuerda\u00bb su forma original y la recupera para repetidas revisiones de la f\u00e9rula. Se puede crear una uni\u00f3n temporal presionando el material caliente, mientras que la uni\u00f3n permanente se crea frotando el recubrimiento o elimin\u00e1ndolo con un disolvente adhesivo.<\/p>\n<h2>Atributos del material<\/h2>\n<p>Disponibles en vibrantes colores como azul el\u00e9ctrico, rosa fucsia y verde primavera, las vers\u00e1tiles l\u00e1minas termopl\u00e1sticas Aquaplast-T est\u00e1n disponibles en espesores de 3,2 mm (1\/8&#8243;), 1,6 mm (1\/16&#8243;) y 2,4 mm (3\/32&#8243;) para diversas necesidades de soporte. El material se ofrece con opciones de perforaci\u00f3n del 13 % y 19 % y presenta una rigidez de moderada a m\u00e1xima de 59,2 kpsi, seg\u00fan el valor de la prueba de m\u00f3dulo de Young. Esto significa que conserva su forma sin necesidad de refuerzo.<\/p>\n","protected":false},"excerpt":{"rendered":"<p>Beneficios clave de los materiales La familia Aquaplast es la \u00fanica familia de f\u00e9rulas Rolyan con memoria total. Las caracter\u00edsticas \u00fanicas del material termopl\u00e1stico perforado para f\u00e9rulas Rolyan Watercolors ofrecen a los profesionales un excelente control al crear la f\u00e9rula con ajuste perfecto, con posibilidad de revisi\u00f3n. Disponible en una amplia gama de colores, tanto [&hellip;]<\/p>\n","protected":false},"featured_media":9206,"template":"","meta":[],"product_brand":[],"product_cat":[96],"product_tag":[],"class_list":{"0":"post-9203","1":"product","2":"type-product","3":"status-publish","4":"has-post-thumbnail","6":"product_cat-productos-rolyan","8":"first","9":"instock","10":"shipping-taxable","11":"product-type-simple"},"_links":{"self":[{"href":"https:\/\/susistemapruebas.com\/grapi\/wp-json\/wp\/v2\/product\/9203","targetHints":{"allow":["GET"]}}],"collection":[{"href":"https:\/\/susistemapruebas.com\/grapi\/wp-json\/wp\/v2\/product"}],"about":[{"href":"https:\/\/susistemapruebas.com\/grapi\/wp-json\/wp\/v2\/types\/product"}],"wp:featuredmedia":[{"embeddable":true,"href":"https:\/\/susistemapruebas.com\/grapi\/wp-json\/wp\/v2\/media\/9206"}],"wp:attachment":[{"href":"https:\/\/susistemapruebas.com\/grapi\/wp-json\/wp\/v2\/media?parent=9203"}],"wp:term":[{"taxonomy":"product_brand","embeddable":true,"href":"https:\/\/susistemapruebas.com\/grapi\/wp-json\/wp\/v2\/product_brand?post=9203"},{"taxonomy":"product_cat","embeddable":true,"href":"https:\/\/susistemapruebas.com\/grapi\/wp-json\/wp\/v2\/product_cat?post=9203"},{"taxonomy":"product_tag","embeddable":true,"href":"https:\/\/susistemapruebas.com\/grapi\/wp-json\/wp\/v2\/product_tag?post=9203"}],"curies":[{"name":"wp","href":"https:\/\/api.w.org\/{rel}","templated":true}]}}