{"id":8970,"date":"2025-06-07T16:11:48","date_gmt":"2025-06-07T16:11:48","guid":{"rendered":"https:\/\/susistemapruebas.com\/grapi\/?post_type=product&#038;p=8970"},"modified":"2025-06-19T21:33:47","modified_gmt":"2025-06-19T21:33:47","slug":"rincones-sensoriales-tipo3","status":"publish","type":"product","link":"https:\/\/susistemapruebas.com\/grapi\/producto\/rincones-sensoriales-tipo3\/","title":{"rendered":"Rincon Sensorial Tipo 3"},"content":{"rendered":"<p>RINCON SENSORIAL INTERMEDIO DOIT # 3.<\/p>\n<p>INCLUYE:<\/p>\n<ol>\n<li>TUBO DE BURBUJAS de 15 CM. \u00d8 Y 1.80 CM. DE ALTURA DOIT, CON BASE MOVIL CUADRADA Y 1 PAR DE ESPEJOS ACR\u00cdLICOS.<\/li>\n<li>CONTROLADOR &#8211; COMUNICADOR DE 9 PULSADORES DOIT. INALAMBRICO<\/li>\n<li>RAMILLETE DE FIBRA \u00d3PTICA DOIT SUPER INTERACTIVA DE 3.00 MTS. DE LARGO CON 200 HILOS.<\/li>\n<li>SET ESFERA DE ESPEJOS CON PROYECTOR<\/li>\n<li>1 PAQUETE DE PROYECTOR, INCLUYE PROYECTOR LED AURA, Y 3 RUEDA DE EFECTOS.<\/li>\n<li>1 BOCINA BLUETOOTH PORT\u00c1TIL CON 1 USB CON SONIDOS CALMANTES, RELAJANTES Y ESTIMULANTES.<\/li>\n<li>PUFF \u2013 COLCHONETA 180 X 80 X 20 .<\/li>\n<li>KIT DE AROMATERAPIA. DIFUSOR DE AROMATERAPIA B\u00c1SICO Y SET DE ACEITES ESENCIALES.<\/li>\n<li>ALFOMBRA NEGRA DE FIBRA \u00d3PTICA DOIT. DIMENSIONES.: 200 X 100 cms.<\/li>\n<\/ol>\n","protected":false},"excerpt":{"rendered":"<p>Estos paquetes como RINC\u00d3N SENSORIAL DOIT calmante Snoezelen contiene art\u00edculos esenciales para crear tu propio entorno multisensorial. Los usuarios pueden interactuar y controlar los art\u00edculos sensoriales relajantes a su elecci\u00f3n para crear una sensaci\u00f3n de calma. Son f\u00e1ciles de instalar, usar y limpiar.<\/p>\n","protected":false},"featured_media":8677,"template":"","meta":[],"product_brand":[],"product_cat":[82],"product_tag":[],"class_list":{"0":"post-8970","1":"product","2":"type-product","3":"status-publish","4":"has-post-thumbnail","6":"product_cat-rincon-sensorial","8":"first","9":"instock","10":"shipping-taxable","11":"product-type-simple"},"_links":{"self":[{"href":"https:\/\/susistemapruebas.com\/grapi\/wp-json\/wp\/v2\/product\/8970","targetHints":{"allow":["GET"]}}],"collection":[{"href":"https:\/\/susistemapruebas.com\/grapi\/wp-json\/wp\/v2\/product"}],"about":[{"href":"https:\/\/susistemapruebas.com\/grapi\/wp-json\/wp\/v2\/types\/product"}],"wp:featuredmedia":[{"embeddable":true,"href":"https:\/\/susistemapruebas.com\/grapi\/wp-json\/wp\/v2\/media\/8677"}],"wp:attachment":[{"href":"https:\/\/susistemapruebas.com\/grapi\/wp-json\/wp\/v2\/media?parent=8970"}],"wp:term":[{"taxonomy":"product_brand","embeddable":true,"href":"https:\/\/susistemapruebas.com\/grapi\/wp-json\/wp\/v2\/product_brand?post=8970"},{"taxonomy":"product_cat","embeddable":true,"href":"https:\/\/susistemapruebas.com\/grapi\/wp-json\/wp\/v2\/product_cat?post=8970"},{"taxonomy":"product_tag","embeddable":true,"href":"https:\/\/susistemapruebas.com\/grapi\/wp-json\/wp\/v2\/product_tag?post=8970"}],"curies":[{"name":"wp","href":"https:\/\/api.w.org\/{rel}","templated":true}]}}