{"id":8969,"date":"2025-06-07T16:11:02","date_gmt":"2025-06-07T16:11:02","guid":{"rendered":"https:\/\/susistemapruebas.com\/grapi\/?post_type=product&#038;p=8969"},"modified":"2025-06-19T17:54:13","modified_gmt":"2025-06-19T17:54:13","slug":"rincones-sensoriales-tipo-2","status":"publish","type":"product","link":"https:\/\/susistemapruebas.com\/grapi\/producto\/rincones-sensoriales-tipo-2\/","title":{"rendered":"Rincon Sensorial Tipo 2"},"content":{"rendered":"<p>RINCON SENSORIAL MEDIO DOIT # 2.<\/p>\n<p>INCLUYE:<\/p>\n<ol>\n<li>1 TUBO DE BURBUJAS de 15 CM. \u00d8 Y 1.80 CM. DE ALTURA DOIT, CON BASE MOVIL CUADRADA Y 1 PAR DE ESPEJOS ACR\u00cdLICOS.<\/li>\n<li>1 CONTROLADOR &#8211; COMUNICADOR DE 9 PULSADORES DOIT. INALAMBRICO<\/li>\n<li>1 RAMILLETE DE FIBRA \u00d3PTICA DOIT SUPER INTERACTIVA DE 3.00 MTS. DE LARGO CON 200 HILOS.<\/li>\n<li>1 SET ESFERA DE ESPEJOS CON PROYECTOR AUDIORITMICO.<\/li>\n<li>1 PAQUETE DE PROYECTOR, INCLUYE PROYECTOR LED AURA, Y 2 RUEDA DE EFECTOS.<\/li>\n<li>1 BOCINA BLUETOOTH PORT\u00c1TIL CON 1 USB CON SONIDOS CALMANTES, RELAJANTES Y ESTIMULANTES.<\/li>\n<li>SILLON ALMOHADA PUFF 1MT DE DIAMETRO.<\/li>\n<li>KIT DE AROMATERAPIA. DIFUSOR DE AROMATERAPIA B\u00c1SICO Y SET DE ACEITES ESENCIALES.<\/li>\n<\/ol>\n","protected":false},"excerpt":{"rendered":"<p>Un RINC\u00d3N SENSORIAL DOIT \u00a0es un rinc\u00f3n de una habitaci\u00f3n que se ha transformado en una experiencia sensorial. Las personas pueden refugiarse en \u00e9l y disfrutar de un espacio divertido y reconfortante. Suelen estar dise\u00f1ados para calmar o estimular al usuario, pero tambi\u00e9n pueden utilizarse para fomentar el desarrollo de habilidades vitales, como la comunicaci\u00f3n y la integraci\u00f3n sensoriomotora.<\/p>\n","protected":false},"featured_media":9181,"template":"","meta":[],"product_brand":[],"product_cat":[82],"product_tag":[],"class_list":{"0":"post-8969","1":"product","2":"type-product","3":"status-publish","4":"has-post-thumbnail","6":"product_cat-rincon-sensorial","8":"first","9":"instock","10":"shipping-taxable","11":"product-type-simple"},"_links":{"self":[{"href":"https:\/\/susistemapruebas.com\/grapi\/wp-json\/wp\/v2\/product\/8969","targetHints":{"allow":["GET"]}}],"collection":[{"href":"https:\/\/susistemapruebas.com\/grapi\/wp-json\/wp\/v2\/product"}],"about":[{"href":"https:\/\/susistemapruebas.com\/grapi\/wp-json\/wp\/v2\/types\/product"}],"wp:featuredmedia":[{"embeddable":true,"href":"https:\/\/susistemapruebas.com\/grapi\/wp-json\/wp\/v2\/media\/9181"}],"wp:attachment":[{"href":"https:\/\/susistemapruebas.com\/grapi\/wp-json\/wp\/v2\/media?parent=8969"}],"wp:term":[{"taxonomy":"product_brand","embeddable":true,"href":"https:\/\/susistemapruebas.com\/grapi\/wp-json\/wp\/v2\/product_brand?post=8969"},{"taxonomy":"product_cat","embeddable":true,"href":"https:\/\/susistemapruebas.com\/grapi\/wp-json\/wp\/v2\/product_cat?post=8969"},{"taxonomy":"product_tag","embeddable":true,"href":"https:\/\/susistemapruebas.com\/grapi\/wp-json\/wp\/v2\/product_tag?post=8969"}],"curies":[{"name":"wp","href":"https:\/\/api.w.org\/{rel}","templated":true}]}}