{"id":8522,"date":"2024-07-06T02:34:41","date_gmt":"2024-07-06T02:34:41","guid":{"rendered":"https:\/\/susistemapruebas.com\/grapi\/?post_type=product&#038;p=8522"},"modified":"2024-07-06T02:34:41","modified_gmt":"2024-07-06T02:34:41","slug":"handmaster-plus-pelota-con-liga","status":"publish","type":"product","link":"https:\/\/susistemapruebas.com\/grapi\/producto\/handmaster-plus-pelota-con-liga\/","title":{"rendered":"HANDMASTER PLUS \/ PELOTA CON LIGA"},"content":{"rendered":"<h4><strong>HANDMASTER PLUS \/ PELOTA CON LIGA<\/strong><\/h4>\n<p>El Handmaster Plus \u2122 fortalece los 9 m\u00fasculos que cierran la mano, as\u00ed como los que abren la mano. El resultado es mayor fuerza, equilibrio y flujo sangu\u00edneo a la mano, la mu\u00f1eca y el codo.<\/p>\n<ul>\n<li>Soft \u2013 Pelota p\u00farpura \/ Cord\u00f3n Amarillo (rehabilitaci\u00f3n temprana)<\/li>\n<li>Medium \u2013 Pelota Roja \/ Cord\u00f3n Negro (Rehabilitaci\u00f3n tard\u00eda)<\/li>\n<li>Firm \u2013 Pelota Naranja \/ Cord\u00f3n Gris (fuerza, entrenamiento veloz)\n<ul>\n<li>Unidad: 1 Pieza<\/li>\n<\/ul>\n<\/li>\n<\/ul>\n","protected":false},"excerpt":{"rendered":"<h4><strong>HANDMASTER PLUS \/ PELOTA CON LIGA<\/strong><\/h4>\n","protected":false},"featured_media":8523,"template":"","meta":[],"product_brand":[],"product_cat":[79],"product_tag":[],"class_list":{"0":"post-8522","1":"product","2":"type-product","3":"status-publish","4":"has-post-thumbnail","6":"product_cat-terapia-ocupacional","8":"first","9":"instock","10":"shipping-taxable","11":"product-type-simple"},"_links":{"self":[{"href":"https:\/\/susistemapruebas.com\/grapi\/wp-json\/wp\/v2\/product\/8522","targetHints":{"allow":["GET"]}}],"collection":[{"href":"https:\/\/susistemapruebas.com\/grapi\/wp-json\/wp\/v2\/product"}],"about":[{"href":"https:\/\/susistemapruebas.com\/grapi\/wp-json\/wp\/v2\/types\/product"}],"wp:featuredmedia":[{"embeddable":true,"href":"https:\/\/susistemapruebas.com\/grapi\/wp-json\/wp\/v2\/media\/8523"}],"wp:attachment":[{"href":"https:\/\/susistemapruebas.com\/grapi\/wp-json\/wp\/v2\/media?parent=8522"}],"wp:term":[{"taxonomy":"product_brand","embeddable":true,"href":"https:\/\/susistemapruebas.com\/grapi\/wp-json\/wp\/v2\/product_brand?post=8522"},{"taxonomy":"product_cat","embeddable":true,"href":"https:\/\/susistemapruebas.com\/grapi\/wp-json\/wp\/v2\/product_cat?post=8522"},{"taxonomy":"product_tag","embeddable":true,"href":"https:\/\/susistemapruebas.com\/grapi\/wp-json\/wp\/v2\/product_tag?post=8522"}],"curies":[{"name":"wp","href":"https:\/\/api.w.org\/{rel}","templated":true}]}}