{"id":8520,"date":"2024-07-06T02:32:56","date_gmt":"2024-07-06T02:32:56","guid":{"rendered":"https:\/\/susistemapruebas.com\/grapi\/?post_type=product&#038;p=8520"},"modified":"2024-07-06T02:32:56","modified_gmt":"2024-07-06T02:32:56","slug":"ejercitador-de-muneca","status":"publish","type":"product","link":"https:\/\/susistemapruebas.com\/grapi\/producto\/ejercitador-de-muneca\/","title":{"rendered":"EJERCITADOR DE MU\u00d1ECA"},"content":{"rendered":"<h4><strong>EJERCITADOR DE MU\u00d1ECA<\/strong><\/h4>\n<p>Es para entrenamiento de mu\u00f1eca y antebrazo ajustable, que permite al usuario ejercer con resistencia progresiva. Su dise\u00f1o ergon\u00f3mico para apoyo del antebrazo mantiene la mu\u00f1eca en el lugar correcto. Ajustable en 4 posiciones, garantiza el m\u00e1ximo confort, permitiendo la rehabilitaci\u00f3n de la mu\u00f1eca y el antebrazo.<\/p>\n<ul>\n<li>Ajustable la distancia con los 4 engranajes para adaptarse mejor a su mano y mu\u00f1eca.<br \/>\nTextura de espuma dura el\u00e1stica hace que su brazo sea m\u00e1s seguro y m\u00e1s c\u00f3modo.<br \/>\nHilo de alta elasticidad, puede asegurar el rebote y estiramiento de la mu\u00f1eca<\/li>\n<\/ul>\n<p>Unidad: 1 pieza<\/p>\n<p>USO:<\/p>\n<p>Ejercicios del antebrazo, la mu\u00f1eca y los dedos<\/p>\n<p>Herramienta para casa y el gimnasio.<\/p>\n<p>Tama\u00f1o: 33x12x17 cm<\/p>\n","protected":false},"excerpt":{"rendered":"<h4><strong>EJERCITADOR DE MU\u00d1ECA<\/strong><\/h4>\n","protected":false},"featured_media":8521,"template":"","meta":[],"product_brand":[],"product_cat":[79],"product_tag":[],"class_list":{"0":"post-8520","1":"product","2":"type-product","3":"status-publish","4":"has-post-thumbnail","6":"product_cat-terapia-ocupacional","8":"first","9":"instock","10":"shipping-taxable","11":"product-type-simple"},"_links":{"self":[{"href":"https:\/\/susistemapruebas.com\/grapi\/wp-json\/wp\/v2\/product\/8520","targetHints":{"allow":["GET"]}}],"collection":[{"href":"https:\/\/susistemapruebas.com\/grapi\/wp-json\/wp\/v2\/product"}],"about":[{"href":"https:\/\/susistemapruebas.com\/grapi\/wp-json\/wp\/v2\/types\/product"}],"wp:featuredmedia":[{"embeddable":true,"href":"https:\/\/susistemapruebas.com\/grapi\/wp-json\/wp\/v2\/media\/8521"}],"wp:attachment":[{"href":"https:\/\/susistemapruebas.com\/grapi\/wp-json\/wp\/v2\/media?parent=8520"}],"wp:term":[{"taxonomy":"product_brand","embeddable":true,"href":"https:\/\/susistemapruebas.com\/grapi\/wp-json\/wp\/v2\/product_brand?post=8520"},{"taxonomy":"product_cat","embeddable":true,"href":"https:\/\/susistemapruebas.com\/grapi\/wp-json\/wp\/v2\/product_cat?post=8520"},{"taxonomy":"product_tag","embeddable":true,"href":"https:\/\/susistemapruebas.com\/grapi\/wp-json\/wp\/v2\/product_tag?post=8520"}],"curies":[{"name":"wp","href":"https:\/\/api.w.org\/{rel}","templated":true}]}}