{"id":8517,"date":"2024-07-06T02:31:26","date_gmt":"2024-07-06T02:31:26","guid":{"rendered":"https:\/\/susistemapruebas.com\/grapi\/?post_type=product&#038;p=8517"},"modified":"2024-07-06T02:31:26","modified_gmt":"2024-07-06T02:31:26","slug":"ejercitador-de-mano-manus-flex-ion","status":"publish","type":"product","link":"https:\/\/susistemapruebas.com\/grapi\/producto\/ejercitador-de-mano-manus-flex-ion\/","title":{"rendered":"EJERCITADOR DE MANO MANUS FLEX-ION"},"content":{"rendered":"<h4><strong>EJERCITADOR DE MANO MANUS FLEX-ION<\/strong><\/h4>\n<p>Los botones con resorte cargado del Manus Flex-Ion aislan cada d\u00edgito, por lo que los dedos fuertes no pueden compensar a los m\u00e1s d\u00e9biles. Esto se traduce en un mejor, r\u00e1pido y f\u00e1cil proceso de rehabilitaci\u00f3n. Manus Flex-Ion est\u00e1 disponible en 6 colores codificadas con<\/p>\n<p>resistencias progresivas. Esta resistencia progresiva ayuda a la medida terap\u00e9utica.<\/p>\n<p>Ejercitador para terapia ocupacional<\/p>\n<p>La base ergon\u00f3mica agrega comodidad y estabilidad. Viene en un color y manual<\/p>\n<p>de instrucciones multilenguaje.<\/p>\n<p>Colores\/Resistencias:<\/p>\n<ul>\n<li>Crema (0,35kg \u2013 1,10kg)<\/li>\n<li>Amarillo (0,7kg \u2013 2,3kg)<\/li>\n<li>Rojo (1,4kg \u2013 4,5kg)<\/li>\n<li>Verde (2,3kg \u2013 7,3kg)<\/li>\n<li>Azul (3,2kg \u2013 10,4kg)<\/li>\n<li>Negro (4,1kg \u2013 14,1kg)<\/li>\n<\/ul>\n","protected":false},"excerpt":{"rendered":"<h4><strong>EJERCITADOR DE MANO MANUS FLEX-ION<\/strong><\/h4>\n","protected":false},"featured_media":8518,"template":"","meta":[],"product_brand":[],"product_cat":[79],"product_tag":[],"class_list":{"0":"post-8517","1":"product","2":"type-product","3":"status-publish","4":"has-post-thumbnail","6":"product_cat-terapia-ocupacional","8":"first","9":"instock","10":"shipping-taxable","11":"product-type-simple"},"_links":{"self":[{"href":"https:\/\/susistemapruebas.com\/grapi\/wp-json\/wp\/v2\/product\/8517","targetHints":{"allow":["GET"]}}],"collection":[{"href":"https:\/\/susistemapruebas.com\/grapi\/wp-json\/wp\/v2\/product"}],"about":[{"href":"https:\/\/susistemapruebas.com\/grapi\/wp-json\/wp\/v2\/types\/product"}],"wp:featuredmedia":[{"embeddable":true,"href":"https:\/\/susistemapruebas.com\/grapi\/wp-json\/wp\/v2\/media\/8518"}],"wp:attachment":[{"href":"https:\/\/susistemapruebas.com\/grapi\/wp-json\/wp\/v2\/media?parent=8517"}],"wp:term":[{"taxonomy":"product_brand","embeddable":true,"href":"https:\/\/susistemapruebas.com\/grapi\/wp-json\/wp\/v2\/product_brand?post=8517"},{"taxonomy":"product_cat","embeddable":true,"href":"https:\/\/susistemapruebas.com\/grapi\/wp-json\/wp\/v2\/product_cat?post=8517"},{"taxonomy":"product_tag","embeddable":true,"href":"https:\/\/susistemapruebas.com\/grapi\/wp-json\/wp\/v2\/product_tag?post=8517"}],"curies":[{"name":"wp","href":"https:\/\/api.w.org\/{rel}","templated":true}]}}