{"id":8512,"date":"2024-07-06T02:28:16","date_gmt":"2024-07-06T02:28:16","guid":{"rendered":"https:\/\/susistemapruebas.com\/grapi\/?post_type=product&#038;p=8512"},"modified":"2024-07-06T02:28:16","modified_gmt":"2024-07-06T02:28:16","slug":"ejercitador-de-mano-3","status":"publish","type":"product","link":"https:\/\/susistemapruebas.com\/grapi\/producto\/ejercitador-de-mano-3\/","title":{"rendered":"EJERCITADOR DE MANO"},"content":{"rendered":"<p><strong>EJERCITADOR DE MANO<\/strong><\/p>\n<p><strong>RED POWER WEB COMBO<\/strong><\/p>\n<p>El Power-Web\u00ae es de 36 cm de di\u00e1metro\u00a0 y un peso de 450 gr. Su dise\u00f1o \u00fanico y patentado permite una variedad de ejercicios a realizar de forma c\u00f3moda y eficaz. Construido de goma de alta calidad con agentes especiales a\u00f1adidos para la durabilidad y la fuerza, el Power- Web\u00ae tendr\u00e1 una duraci\u00f3n de a\u00f1os.<\/p>\n<p>El Power-Web\u00ae Combo cuenta con una ventaja \u00fanica de dos niveles de resistencia<\/p>\n<p>en uno, ofreciendo una mayor flexibilidad y valor.<\/p>\n<p>&nbsp;<\/p>\n<ul>\n<li>Power-Web Combo | Ultra Light \u2013 Crema \/ Medium \u2013 Rojo<\/li>\n<li>Power-Web Combo | Light \u2013 Amarillo\/ Heavy \u2013 Verde<\/li>\n<li>Power-Web Combo | Medium \u2013 Rojo\/ Super Heavy \u2013 Azul<\/li>\n<li>Power-Web Combo | Heavy \u2013 Verde\/ Ultra Heavy \u2013 Negro<\/li>\n<\/ul>\n","protected":false},"excerpt":{"rendered":"<p><strong>EJERCITADOR DE MANO<\/strong><\/p>\n","protected":false},"featured_media":8513,"template":"","meta":[],"product_brand":[],"product_cat":[79],"product_tag":[],"class_list":{"0":"post-8512","1":"product","2":"type-product","3":"status-publish","4":"has-post-thumbnail","6":"product_cat-terapia-ocupacional","8":"first","9":"instock","10":"shipping-taxable","11":"product-type-simple"},"_links":{"self":[{"href":"https:\/\/susistemapruebas.com\/grapi\/wp-json\/wp\/v2\/product\/8512","targetHints":{"allow":["GET"]}}],"collection":[{"href":"https:\/\/susistemapruebas.com\/grapi\/wp-json\/wp\/v2\/product"}],"about":[{"href":"https:\/\/susistemapruebas.com\/grapi\/wp-json\/wp\/v2\/types\/product"}],"wp:featuredmedia":[{"embeddable":true,"href":"https:\/\/susistemapruebas.com\/grapi\/wp-json\/wp\/v2\/media\/8513"}],"wp:attachment":[{"href":"https:\/\/susistemapruebas.com\/grapi\/wp-json\/wp\/v2\/media?parent=8512"}],"wp:term":[{"taxonomy":"product_brand","embeddable":true,"href":"https:\/\/susistemapruebas.com\/grapi\/wp-json\/wp\/v2\/product_brand?post=8512"},{"taxonomy":"product_cat","embeddable":true,"href":"https:\/\/susistemapruebas.com\/grapi\/wp-json\/wp\/v2\/product_cat?post=8512"},{"taxonomy":"product_tag","embeddable":true,"href":"https:\/\/susistemapruebas.com\/grapi\/wp-json\/wp\/v2\/product_tag?post=8512"}],"curies":[{"name":"wp","href":"https:\/\/api.w.org\/{rel}","templated":true}]}}