{"id":8501,"date":"2024-07-06T02:21:40","date_gmt":"2024-07-06T02:21:40","guid":{"rendered":"https:\/\/susistemapruebas.com\/grapi\/?post_type=product&#038;p=8501"},"modified":"2024-07-06T02:21:40","modified_gmt":"2024-07-06T02:21:40","slug":"barras-ejercitadora-de-resistencia","status":"publish","type":"product","link":"https:\/\/susistemapruebas.com\/grapi\/producto\/barras-ejercitadora-de-resistencia\/","title":{"rendered":"BARRAS EJERCITADORA DE RESISTENCIA"},"content":{"rendered":"<h4><strong>BARRAS EJERCITADORA DE RESISTENCIA<\/strong><\/h4>\n<p>Este eficiente producto se ha desarrollado centr\u00e1ndose en la mano, el brazo y problemas en el hombro, este producto permite ejercicios de flexi\u00f3n y extensi\u00f3n, ejercicios de aducci\u00f3n y abducci\u00f3n e incluso la movilizaci\u00f3n de tejidos blandos.<\/p>\n<p>Tama\u00f1o: 31 x 4,5 cm.<\/p>\n<p>Colores\/Resistencias:<\/p>\n<ul>\n<li>BARRA EJERCITADORA AMARILLA \/ SUAVE<\/li>\n<li>BARRA EJERCITADORA ROJA \/ MEDIO<\/li>\n<li>BARRA EJERCITADORA VERDE \/ FUERTE<\/li>\n<li>BARRA EJERCITADORA AZUL\/ EXTRA FUERTE<\/li>\n<li>BARRA EJERCITADORA NEGRO \/ MUY FUERTE<\/li>\n<\/ul>\n<p>Unidad: 1 pieza<\/p>\n","protected":false},"excerpt":{"rendered":"<h4><strong>BARRAS EJERCITADORA DE RESISTENCIA<\/strong><\/h4>\n","protected":false},"featured_media":8502,"template":"","meta":[],"product_brand":[],"product_cat":[79],"product_tag":[],"class_list":{"0":"post-8501","1":"product","2":"type-product","3":"status-publish","4":"has-post-thumbnail","6":"product_cat-terapia-ocupacional","8":"first","9":"instock","10":"shipping-taxable","11":"product-type-simple"},"_links":{"self":[{"href":"https:\/\/susistemapruebas.com\/grapi\/wp-json\/wp\/v2\/product\/8501","targetHints":{"allow":["GET"]}}],"collection":[{"href":"https:\/\/susistemapruebas.com\/grapi\/wp-json\/wp\/v2\/product"}],"about":[{"href":"https:\/\/susistemapruebas.com\/grapi\/wp-json\/wp\/v2\/types\/product"}],"wp:featuredmedia":[{"embeddable":true,"href":"https:\/\/susistemapruebas.com\/grapi\/wp-json\/wp\/v2\/media\/8502"}],"wp:attachment":[{"href":"https:\/\/susistemapruebas.com\/grapi\/wp-json\/wp\/v2\/media?parent=8501"}],"wp:term":[{"taxonomy":"product_brand","embeddable":true,"href":"https:\/\/susistemapruebas.com\/grapi\/wp-json\/wp\/v2\/product_brand?post=8501"},{"taxonomy":"product_cat","embeddable":true,"href":"https:\/\/susistemapruebas.com\/grapi\/wp-json\/wp\/v2\/product_cat?post=8501"},{"taxonomy":"product_tag","embeddable":true,"href":"https:\/\/susistemapruebas.com\/grapi\/wp-json\/wp\/v2\/product_tag?post=8501"}],"curies":[{"name":"wp","href":"https:\/\/api.w.org\/{rel}","templated":true}]}}