{"id":8486,"date":"2024-07-06T02:10:14","date_gmt":"2024-07-06T02:10:14","guid":{"rendered":"https:\/\/susistemapruebas.com\/grapi\/?post_type=product&#038;p=8486"},"modified":"2025-07-25T17:23:04","modified_gmt":"2025-07-25T17:23:04","slug":"rodillos-de-acondicionamiento-fisico-y-rehabilitacion","status":"publish","type":"product","link":"https:\/\/susistemapruebas.com\/grapi\/producto\/rodillos-de-acondicionamiento-fisico-y-rehabilitacion\/","title":{"rendered":"RODILLOS DE ACONDICIONAMIENTO F\u00cdSICO Y REHABILITACI\u00d3N"},"content":{"rendered":"<h4><strong>RODILLOS DE ACONDICIONAMIENTO F\u00cdSICO Y REHABILITACI\u00d3N<\/strong><\/h4>\n<p>Los TUMBLE FORMS 2 ROLLS est\u00e1n dise\u00f1ados con aplicaciones efectivas de rehabilitaci\u00f3n y acondicionamiento f\u00edsico. Uso en entrenamiento posicional y de desarrollo neurol\u00f3gico y para pacientes con necesidades especiales. Tumble Forms 2 Rolls proporciona una herramienta firme pero suave para mejorar la percepci\u00f3n sensorial y ayuda a hacer ejercicios de rehabilitaci\u00f3n y balanceo y balanceo.<\/p>\n<p>Construido resistente y limpio.<\/p>\n<p>La construcci\u00f3n sin costuras del rollo proporciona una barrera eficaz contra la humedad y el revestimiento de vinilo en cada rollo es higi\u00e9nico y f\u00e1cil de limpiar, limpiar y desinfectar. Tambi\u00e9n son extremadamente resistentes a las abrasiones y al desgarro, lo que los hace rentables e ideales para uso a largo plazo.<\/p>\n<p>El dise\u00f1o, la forma y el tama\u00f1o que necesita<\/p>\n<p>La mejor parte de Tumble Forms 2 Rolls es la variedad. Con tama\u00f1os que var\u00edan de grandes a peque\u00f1os y de diferentes longitudes y combinaciones de elevaci\u00f3n, los m\u00e9dicos y terapeutas pueden satisfacer cualquier necesidad de cualquier paciente y hacerlo en cuatro colores diferentes.<\/p>\n","protected":false},"excerpt":{"rendered":"<h4><strong>RODILLOS DE ACONDICIONAMIENTO F\u00cdSICO Y REHABILITACI\u00d3N<\/strong><\/h4>\n","protected":false},"featured_media":8487,"template":"","meta":[],"product_brand":[],"product_cat":[95],"product_tag":[],"class_list":{"0":"post-8486","1":"product","2":"type-product","3":"status-publish","4":"has-post-thumbnail","6":"product_cat-productos-tumble-form","8":"first","9":"instock","10":"shipping-taxable","11":"product-type-simple"},"_links":{"self":[{"href":"https:\/\/susistemapruebas.com\/grapi\/wp-json\/wp\/v2\/product\/8486","targetHints":{"allow":["GET"]}}],"collection":[{"href":"https:\/\/susistemapruebas.com\/grapi\/wp-json\/wp\/v2\/product"}],"about":[{"href":"https:\/\/susistemapruebas.com\/grapi\/wp-json\/wp\/v2\/types\/product"}],"wp:featuredmedia":[{"embeddable":true,"href":"https:\/\/susistemapruebas.com\/grapi\/wp-json\/wp\/v2\/media\/8487"}],"wp:attachment":[{"href":"https:\/\/susistemapruebas.com\/grapi\/wp-json\/wp\/v2\/media?parent=8486"}],"wp:term":[{"taxonomy":"product_brand","embeddable":true,"href":"https:\/\/susistemapruebas.com\/grapi\/wp-json\/wp\/v2\/product_brand?post=8486"},{"taxonomy":"product_cat","embeddable":true,"href":"https:\/\/susistemapruebas.com\/grapi\/wp-json\/wp\/v2\/product_cat?post=8486"},{"taxonomy":"product_tag","embeddable":true,"href":"https:\/\/susistemapruebas.com\/grapi\/wp-json\/wp\/v2\/product_tag?post=8486"}],"curies":[{"name":"wp","href":"https:\/\/api.w.org\/{rel}","templated":true}]}}