{"id":8484,"date":"2024-07-06T02:08:34","date_gmt":"2024-07-06T02:08:34","guid":{"rendered":"https:\/\/susistemapruebas.com\/grapi\/?post_type=product&#038;p=8484"},"modified":"2024-07-06T02:08:34","modified_gmt":"2024-07-06T02:08:34","slug":"pelota-tipo-bobath-para-terapia-fisica","status":"publish","type":"product","link":"https:\/\/susistemapruebas.com\/grapi\/producto\/pelota-tipo-bobath-para-terapia-fisica\/","title":{"rendered":"PELOTA TIPO BOBATH PARA TERAPIA FISICA"},"content":{"rendered":"<h4><strong>PELOTA TIPO BOBATH PARA TERAPIA FISICA<\/strong><\/h4>\n<p>Mejora la fuerza y la forma f\u00edsica, la postura, la flexibilidad y salud de la espalda. El ejercicio con esta pelota tambi\u00e9n mejora el equilibrio y la coordinaci\u00f3n.\u00a0 Es extremadamente durable. el paquete incluye: Pelota, bomba de inflado y tabla de Ejercicios.<\/p>\n<p>Colores: Amarilla, Roja, Verde, Azul, Negro, Plata<\/p>\n<p>Tama\u00f1os: 45cm, 55cm, 65cm, 75cm, 85cm, 95cm.<\/p>\n<p>Unidad: 1 pieza<\/p>\n","protected":false},"excerpt":{"rendered":"<h4><strong>PELOTA TIPO BOBATH PARA TERAPIA FISICA<\/strong><\/h4>\n","protected":false},"featured_media":8485,"template":"","meta":[],"product_brand":[],"product_cat":[78],"product_tag":[],"class_list":{"0":"post-8484","1":"product","2":"type-product","3":"status-publish","4":"has-post-thumbnail","6":"product_cat-terapia-fisica","8":"first","9":"instock","10":"shipping-taxable","11":"product-type-simple"},"_links":{"self":[{"href":"https:\/\/susistemapruebas.com\/grapi\/wp-json\/wp\/v2\/product\/8484","targetHints":{"allow":["GET"]}}],"collection":[{"href":"https:\/\/susistemapruebas.com\/grapi\/wp-json\/wp\/v2\/product"}],"about":[{"href":"https:\/\/susistemapruebas.com\/grapi\/wp-json\/wp\/v2\/types\/product"}],"wp:featuredmedia":[{"embeddable":true,"href":"https:\/\/susistemapruebas.com\/grapi\/wp-json\/wp\/v2\/media\/8485"}],"wp:attachment":[{"href":"https:\/\/susistemapruebas.com\/grapi\/wp-json\/wp\/v2\/media?parent=8484"}],"wp:term":[{"taxonomy":"product_brand","embeddable":true,"href":"https:\/\/susistemapruebas.com\/grapi\/wp-json\/wp\/v2\/product_brand?post=8484"},{"taxonomy":"product_cat","embeddable":true,"href":"https:\/\/susistemapruebas.com\/grapi\/wp-json\/wp\/v2\/product_cat?post=8484"},{"taxonomy":"product_tag","embeddable":true,"href":"https:\/\/susistemapruebas.com\/grapi\/wp-json\/wp\/v2\/product_tag?post=8484"}],"curies":[{"name":"wp","href":"https:\/\/api.w.org\/{rel}","templated":true}]}}