{"id":8481,"date":"2024-07-06T02:07:06","date_gmt":"2024-07-06T02:07:06","guid":{"rendered":"https:\/\/susistemapruebas.com\/grapi\/?post_type=product&#038;p=8481"},"modified":"2024-07-06T02:07:06","modified_gmt":"2024-07-06T02:07:06","slug":"mini-bosu-para-terapia-fisica","status":"publish","type":"product","link":"https:\/\/susistemapruebas.com\/grapi\/producto\/mini-bosu-para-terapia-fisica\/","title":{"rendered":"MINI BOSU PARA TERAPIA FISICA"},"content":{"rendered":"<p><strong>MINI BOSU PARA TERAPIA FISICA<\/strong><\/p>\n<p>Coj\u00edn inestable para ejercicios de equilibrio, yoga, rehabilitaci\u00f3n de rodilla y lesiones de tobillo. Textura granulosa que proporciona retroalimentaci\u00f3n sensorial a las terminaciones de los pies a la vez que provee la sensaci\u00f3n del masaje.<\/p>\n<p>BENEFICIOS:<\/p>\n<ul>\n<li>Mejora la estabilidad del pie y el tobillo.<\/li>\n<li>Gran herramienta para el entrenamiento del equilibrio y el desarrollo de habilidades motoras.<\/li>\n<li>Alivia dolores en el pie, promover el ciclo de la sangre.<\/li>\n<li>Puede ser utilizado para uno o dos ejercicios de pie.<\/li>\n<li>Dimensiones: 17 x 10 cm<\/li>\n<li>Resistente y Ligero<\/li>\n<li>Se venden por Pza. o set.<\/li>\n<\/ul>\n","protected":false},"excerpt":{"rendered":"<p><strong>MINI BOSU PARA TERAPIA FISICA<\/strong><\/p>\n","protected":false},"featured_media":8482,"template":"","meta":[],"product_brand":[],"product_cat":[78],"product_tag":[],"class_list":{"0":"post-8481","1":"product","2":"type-product","3":"status-publish","4":"has-post-thumbnail","6":"product_cat-terapia-fisica","8":"first","9":"instock","10":"shipping-taxable","11":"product-type-simple"},"_links":{"self":[{"href":"https:\/\/susistemapruebas.com\/grapi\/wp-json\/wp\/v2\/product\/8481","targetHints":{"allow":["GET"]}}],"collection":[{"href":"https:\/\/susistemapruebas.com\/grapi\/wp-json\/wp\/v2\/product"}],"about":[{"href":"https:\/\/susistemapruebas.com\/grapi\/wp-json\/wp\/v2\/types\/product"}],"wp:featuredmedia":[{"embeddable":true,"href":"https:\/\/susistemapruebas.com\/grapi\/wp-json\/wp\/v2\/media\/8482"}],"wp:attachment":[{"href":"https:\/\/susistemapruebas.com\/grapi\/wp-json\/wp\/v2\/media?parent=8481"}],"wp:term":[{"taxonomy":"product_brand","embeddable":true,"href":"https:\/\/susistemapruebas.com\/grapi\/wp-json\/wp\/v2\/product_brand?post=8481"},{"taxonomy":"product_cat","embeddable":true,"href":"https:\/\/susistemapruebas.com\/grapi\/wp-json\/wp\/v2\/product_cat?post=8481"},{"taxonomy":"product_tag","embeddable":true,"href":"https:\/\/susistemapruebas.com\/grapi\/wp-json\/wp\/v2\/product_tag?post=8481"}],"curies":[{"name":"wp","href":"https:\/\/api.w.org\/{rel}","templated":true}]}}