{"id":8469,"date":"2024-07-06T01:44:48","date_gmt":"2024-07-06T01:44:48","guid":{"rendered":"https:\/\/susistemapruebas.com\/grapi\/?post_type=product&#038;p=8469"},"modified":"2024-07-06T01:44:48","modified_gmt":"2024-07-06T01:44:48","slug":"mesa-de-kanavel-para-terapia-fisica","status":"publish","type":"product","link":"https:\/\/susistemapruebas.com\/grapi\/producto\/mesa-de-kanavel-para-terapia-fisica\/","title":{"rendered":"MESA DE KANAVEL PARA TERAPIA FISICA"},"content":{"rendered":"<p><strong>MESA DE KANAVEL PARA TERAPIA FISICA<\/strong><\/p>\n<p>Fabricada en: Madera de pino de primera calidad desflemada barnizada al natural.\u00a0Superficie con: Terminaci\u00f3n en form\u00e1ica y partes y accesorios met\u00e1licos cromados.<\/p>\n<p>Dimensiones: 80 cm de ancho x 60 cm de largo x 75 cm de alto. Aprox.<\/p>\n<p>La Mesa de Kanavel ha sido dise\u00f1ada para trabajar ejercicios de mano, mu\u00f1eca y antebrazo es posible trabajar con y sin peso adem\u00e1s de realizar movimientos de pronaci\u00f3n y supinaci\u00f3n del brazo, su sistema de pesas le permite la flexi\u00f3n y extensi\u00f3n en los dedos. Unidad vers\u00e1til ideal para la sala de masajes.<\/p>\n<p>&nbsp;<\/p>\n<p>La mesa se utiliza para la recuperaci\u00f3n de las extremidades superiores. Est\u00e1 formada por una rueda de inercia con freno para la regularizaci\u00f3n del esfuerzo, un tablero con tensores, prono-supinadores, juego de pelotas y tornillos con muelles de resistencia para ejercicios de la actividad diaria.<\/p>\n<p>&nbsp;<\/p>\n<p>APLICACIONES:<\/p>\n<p>Se utiliza para ejercitar la mano, la mu\u00f1eca y el antebrazo.<\/p>\n<p>Resistencia graduada que designa para un rango completo de m\u00fasculos, coyunturas y nudillos.<\/p>\n<p>Permite los movimientos de circunducci\u00f3n pronaci\u00f3n y supinaci\u00f3n del brazo.<\/p>\n","protected":false},"excerpt":{"rendered":"<p><strong>MESA DE KANAVEL PARA TERAPIA FISICA<\/strong><\/p>\n","protected":false},"featured_media":8470,"template":"","meta":[],"product_brand":[],"product_cat":[78],"product_tag":[],"class_list":{"0":"post-8469","1":"product","2":"type-product","3":"status-publish","4":"has-post-thumbnail","6":"product_cat-terapia-fisica","8":"first","9":"instock","10":"shipping-taxable","11":"product-type-simple"},"_links":{"self":[{"href":"https:\/\/susistemapruebas.com\/grapi\/wp-json\/wp\/v2\/product\/8469","targetHints":{"allow":["GET"]}}],"collection":[{"href":"https:\/\/susistemapruebas.com\/grapi\/wp-json\/wp\/v2\/product"}],"about":[{"href":"https:\/\/susistemapruebas.com\/grapi\/wp-json\/wp\/v2\/types\/product"}],"wp:featuredmedia":[{"embeddable":true,"href":"https:\/\/susistemapruebas.com\/grapi\/wp-json\/wp\/v2\/media\/8470"}],"wp:attachment":[{"href":"https:\/\/susistemapruebas.com\/grapi\/wp-json\/wp\/v2\/media?parent=8469"}],"wp:term":[{"taxonomy":"product_brand","embeddable":true,"href":"https:\/\/susistemapruebas.com\/grapi\/wp-json\/wp\/v2\/product_brand?post=8469"},{"taxonomy":"product_cat","embeddable":true,"href":"https:\/\/susistemapruebas.com\/grapi\/wp-json\/wp\/v2\/product_cat?post=8469"},{"taxonomy":"product_tag","embeddable":true,"href":"https:\/\/susistemapruebas.com\/grapi\/wp-json\/wp\/v2\/product_tag?post=8469"}],"curies":[{"name":"wp","href":"https:\/\/api.w.org\/{rel}","templated":true}]}}