{"id":8463,"date":"2024-07-06T01:41:50","date_gmt":"2024-07-06T01:41:50","guid":{"rendered":"https:\/\/susistemapruebas.com\/grapi\/?post_type=product&#038;p=8463"},"modified":"2024-07-06T01:41:50","modified_gmt":"2024-07-06T01:41:50","slug":"mambo-max-balance-pad-circulo-y-rectangulo","status":"publish","type":"product","link":"https:\/\/susistemapruebas.com\/grapi\/producto\/mambo-max-balance-pad-circulo-y-rectangulo\/","title":{"rendered":"MAMBO MAX BALANCE PAD  CIRCULO Y RECTANGULO"},"content":{"rendered":"<p><strong>MAMBO MAX BALANCE PAD\u00a0 CIRCULO Y RECTANGULO<\/strong><\/p>\n<p>Esta almohadilla de espuma de equilibrio proporciona el entorno de ejercicio c\u00f3modo necesario para realizar ejercicios de equilibrio de refuerzo. Su superficie suave desaf\u00eda al usuario a trabajar los m\u00fasculos de pie, hasta los tobillos y las piernas ideal para terapia fisica.<\/p>\n<ul>\n<li><strong>Rectangular: 47 x 39 x 6 cm<\/strong><\/li>\n<li><strong>Par Circular: 37 x 22 x 6cm<\/strong><\/li>\n<\/ul>\n","protected":false},"excerpt":{"rendered":"<p><strong>MAMBO MAX BALANCE PAD\u00a0 CIRCULO Y RECTANGULO<\/strong><\/p>\n","protected":false},"featured_media":8464,"template":"","meta":[],"product_brand":[],"product_cat":[78],"product_tag":[],"class_list":{"0":"post-8463","1":"product","2":"type-product","3":"status-publish","4":"has-post-thumbnail","6":"product_cat-terapia-fisica","8":"first","9":"instock","10":"shipping-taxable","11":"product-type-simple"},"_links":{"self":[{"href":"https:\/\/susistemapruebas.com\/grapi\/wp-json\/wp\/v2\/product\/8463","targetHints":{"allow":["GET"]}}],"collection":[{"href":"https:\/\/susistemapruebas.com\/grapi\/wp-json\/wp\/v2\/product"}],"about":[{"href":"https:\/\/susistemapruebas.com\/grapi\/wp-json\/wp\/v2\/types\/product"}],"wp:featuredmedia":[{"embeddable":true,"href":"https:\/\/susistemapruebas.com\/grapi\/wp-json\/wp\/v2\/media\/8464"}],"wp:attachment":[{"href":"https:\/\/susistemapruebas.com\/grapi\/wp-json\/wp\/v2\/media?parent=8463"}],"wp:term":[{"taxonomy":"product_brand","embeddable":true,"href":"https:\/\/susistemapruebas.com\/grapi\/wp-json\/wp\/v2\/product_brand?post=8463"},{"taxonomy":"product_cat","embeddable":true,"href":"https:\/\/susistemapruebas.com\/grapi\/wp-json\/wp\/v2\/product_cat?post=8463"},{"taxonomy":"product_tag","embeddable":true,"href":"https:\/\/susistemapruebas.com\/grapi\/wp-json\/wp\/v2\/product_tag?post=8463"}],"curies":[{"name":"wp","href":"https:\/\/api.w.org\/{rel}","templated":true}]}}