{"id":8461,"date":"2024-07-06T01:36:43","date_gmt":"2024-07-06T01:36:43","guid":{"rendered":"https:\/\/susistemapruebas.com\/grapi\/?post_type=product&#038;p=8461"},"modified":"2024-07-06T01:36:43","modified_gmt":"2024-07-06T01:36:43","slug":"mambo-max-balance-trainer-45-y-60-cm","status":"publish","type":"product","link":"https:\/\/susistemapruebas.com\/grapi\/producto\/mambo-max-balance-trainer-45-y-60-cm\/","title":{"rendered":"MAMBO MAX BALANCE  TRAINER 45 Y 60 CM"},"content":{"rendered":"<p><strong>MAMBO MAX BALANCE\u00a0 TRAINER 45 Y 60 CM<\/strong><\/p>\n<p>El Mambo Max Balance Trainer est\u00e1 dise\u00f1ado para el entrenamiento del equilibrio. Se utiliza para mejorar su sensaci\u00f3n de habilidades de equilibrio, coordinaci\u00f3n, reacci\u00f3n y motoras. Tambi\u00e9n es ideal para el ejercicio muscular. El Mambo Max Balance Trainer se puede ajustar al inflar y desinflar el aire a trav\u00e9s de la v\u00e1lvula. Puede ser utilizado acostado, de rodillas, sentado y en movimiento, y se puede incorporar con otros equipos de ejercicios para completar la rehabilitaci\u00f3n<\/p>\n","protected":false},"excerpt":{"rendered":"<p><strong>MAMBO MAX BALANCE\u00a0 TRAINER 45 Y 60 CM<\/strong><\/p>\n","protected":false},"featured_media":8462,"template":"","meta":[],"product_brand":[],"product_cat":[78],"product_tag":[],"class_list":{"0":"post-8461","1":"product","2":"type-product","3":"status-publish","4":"has-post-thumbnail","6":"product_cat-terapia-fisica","8":"first","9":"instock","10":"shipping-taxable","11":"product-type-simple"},"_links":{"self":[{"href":"https:\/\/susistemapruebas.com\/grapi\/wp-json\/wp\/v2\/product\/8461","targetHints":{"allow":["GET"]}}],"collection":[{"href":"https:\/\/susistemapruebas.com\/grapi\/wp-json\/wp\/v2\/product"}],"about":[{"href":"https:\/\/susistemapruebas.com\/grapi\/wp-json\/wp\/v2\/types\/product"}],"wp:featuredmedia":[{"embeddable":true,"href":"https:\/\/susistemapruebas.com\/grapi\/wp-json\/wp\/v2\/media\/8462"}],"wp:attachment":[{"href":"https:\/\/susistemapruebas.com\/grapi\/wp-json\/wp\/v2\/media?parent=8461"}],"wp:term":[{"taxonomy":"product_brand","embeddable":true,"href":"https:\/\/susistemapruebas.com\/grapi\/wp-json\/wp\/v2\/product_brand?post=8461"},{"taxonomy":"product_cat","embeddable":true,"href":"https:\/\/susistemapruebas.com\/grapi\/wp-json\/wp\/v2\/product_cat?post=8461"},{"taxonomy":"product_tag","embeddable":true,"href":"https:\/\/susistemapruebas.com\/grapi\/wp-json\/wp\/v2\/product_tag?post=8461"}],"curies":[{"name":"wp","href":"https:\/\/api.w.org\/{rel}","templated":true}]}}