{"id":8450,"date":"2024-07-06T01:26:01","date_gmt":"2024-07-06T01:26:01","guid":{"rendered":"https:\/\/susistemapruebas.com\/grapi\/?post_type=product&#038;p=8450"},"modified":"2024-07-06T01:26:01","modified_gmt":"2024-07-06T01:26:01","slug":"espejo-con-barra-para-terapia-fisica","status":"publish","type":"product","link":"https:\/\/susistemapruebas.com\/grapi\/producto\/espejo-con-barra-para-terapia-fisica\/","title":{"rendered":"ESPEJO CON BARRA PARA TERAPIA FISICA"},"content":{"rendered":"<h4><strong>ESPEJO CON BARRA PARA TERAPIA FISICA<\/strong><\/h4>\n<p>ESPEJO DE PARED DE ACRILICO CON BASTIDOR DE MADERA, DIMENSIONES 2.00 M X 1.50 M.<\/p>\n<p>El marco se elabora en madera MDF, contrachapado, perfiles de madera, molduras, el espejo es de metacrilato grosor 3mm. Con una barra en posici\u00f3n horizontal para que puedan agarrarse sobre ella.<\/p>\n<p>La barra del espejo ayudar\u00e1 cuando empiece a colocarse de pie y cuando aprenda a dar sus primeros pasos, en ella podr\u00e1 agarrarse y podr\u00e1 usarla de ayuda para conseguir ambos prop\u00f3sitos.\u00a0 Se puede colocar una sola o varias, de acuerdo a su solicitud.<\/p>\n","protected":false},"excerpt":{"rendered":"<h4><strong>ESPEJO CON BARRA PARA TERAPIA FISICA<\/strong><\/h4>\n","protected":false},"featured_media":8451,"template":"","meta":[],"product_brand":[],"product_cat":[78],"product_tag":[],"class_list":{"0":"post-8450","1":"product","2":"type-product","3":"status-publish","4":"has-post-thumbnail","6":"product_cat-terapia-fisica","8":"first","9":"instock","10":"shipping-taxable","11":"product-type-simple"},"_links":{"self":[{"href":"https:\/\/susistemapruebas.com\/grapi\/wp-json\/wp\/v2\/product\/8450","targetHints":{"allow":["GET"]}}],"collection":[{"href":"https:\/\/susistemapruebas.com\/grapi\/wp-json\/wp\/v2\/product"}],"about":[{"href":"https:\/\/susistemapruebas.com\/grapi\/wp-json\/wp\/v2\/types\/product"}],"wp:featuredmedia":[{"embeddable":true,"href":"https:\/\/susistemapruebas.com\/grapi\/wp-json\/wp\/v2\/media\/8451"}],"wp:attachment":[{"href":"https:\/\/susistemapruebas.com\/grapi\/wp-json\/wp\/v2\/media?parent=8450"}],"wp:term":[{"taxonomy":"product_brand","embeddable":true,"href":"https:\/\/susistemapruebas.com\/grapi\/wp-json\/wp\/v2\/product_brand?post=8450"},{"taxonomy":"product_cat","embeddable":true,"href":"https:\/\/susistemapruebas.com\/grapi\/wp-json\/wp\/v2\/product_cat?post=8450"},{"taxonomy":"product_tag","embeddable":true,"href":"https:\/\/susistemapruebas.com\/grapi\/wp-json\/wp\/v2\/product_tag?post=8450"}],"curies":[{"name":"wp","href":"https:\/\/api.w.org\/{rel}","templated":true}]}}