{"id":8440,"date":"2024-07-06T01:17:35","date_gmt":"2024-07-06T01:17:35","guid":{"rendered":"https:\/\/susistemapruebas.com\/grapi\/?post_type=product&#038;p=8440"},"modified":"2024-07-06T01:17:35","modified_gmt":"2024-07-06T01:17:35","slug":"cunas-y-cilindros-nacional-diferentes-medidas","status":"publish","type":"product","link":"https:\/\/susistemapruebas.com\/grapi\/producto\/cunas-y-cilindros-nacional-diferentes-medidas\/","title":{"rendered":"CU\u00d1AS Y CILINDROS (NACIONAL )   DIFERENTES MEDIDAS"},"content":{"rendered":"<p><strong>CU\u00d1AS Y CILINDROS (NACIONAL )\u00a0 \u00a0DIFERENTES MEDIDAS<\/strong><\/p>\n<p>CU\u00d1AS elaboradas en diferentes dimensiones y tama\u00f1os de acuerdo a las necesidades de los pacientes y del terapeuta para llevar a cabo los tratamientos con las cu\u00f1as, se utiliza para el reclinamiento y levantamiento postural del paciente.<\/p>\n<ul>\n<li>Rellenas de hule de espuma de alta densidad<\/li>\n<\/ul>\n<ul>\n<li>Cubierto con capa de vinil antibacterial y retardante al fuego para una f\u00e1cil limpieza, durabilidad.<\/li>\n<\/ul>\n<ul>\n<li>Ideales para el posicionamiento y ejercicio terap\u00e9utico asi como otras actividades de coordinaci\u00f3n.<\/li>\n<\/ul>\n<ul>\n<li>Son resistentes al agua, a las manchas y a los malos olores.<\/li>\n<\/ul>\n<p>Dimensiones:<\/p>\n<p>CU\u00d1A 50X50X15CM,CU\u00d1A 60X60X20CM,CU\u00d1A 80X60X45CM,<\/p>\n<p>CU\u00d1A 70X65X30CM,CU\u00d1A 60X40X25CM<\/p>\n","protected":false},"excerpt":{"rendered":"<p><strong>CU\u00d1AS Y CILINDROS (NACIONAL )\u00a0 \u00a0DIFERENTES MEDIDAS<\/strong><\/p>\n","protected":false},"featured_media":8441,"template":"","meta":[],"product_brand":[],"product_cat":[78],"product_tag":[],"class_list":{"0":"post-8440","1":"product","2":"type-product","3":"status-publish","4":"has-post-thumbnail","6":"product_cat-terapia-fisica","8":"first","9":"instock","10":"shipping-taxable","11":"product-type-simple"},"_links":{"self":[{"href":"https:\/\/susistemapruebas.com\/grapi\/wp-json\/wp\/v2\/product\/8440","targetHints":{"allow":["GET"]}}],"collection":[{"href":"https:\/\/susistemapruebas.com\/grapi\/wp-json\/wp\/v2\/product"}],"about":[{"href":"https:\/\/susistemapruebas.com\/grapi\/wp-json\/wp\/v2\/types\/product"}],"wp:featuredmedia":[{"embeddable":true,"href":"https:\/\/susistemapruebas.com\/grapi\/wp-json\/wp\/v2\/media\/8441"}],"wp:attachment":[{"href":"https:\/\/susistemapruebas.com\/grapi\/wp-json\/wp\/v2\/media?parent=8440"}],"wp:term":[{"taxonomy":"product_brand","embeddable":true,"href":"https:\/\/susistemapruebas.com\/grapi\/wp-json\/wp\/v2\/product_brand?post=8440"},{"taxonomy":"product_cat","embeddable":true,"href":"https:\/\/susistemapruebas.com\/grapi\/wp-json\/wp\/v2\/product_cat?post=8440"},{"taxonomy":"product_tag","embeddable":true,"href":"https:\/\/susistemapruebas.com\/grapi\/wp-json\/wp\/v2\/product_tag?post=8440"}],"curies":[{"name":"wp","href":"https:\/\/api.w.org\/{rel}","templated":true}]}}