{"id":8437,"date":"2024-07-06T01:15:58","date_gmt":"2024-07-06T01:15:58","guid":{"rendered":"https:\/\/susistemapruebas.com\/grapi\/?post_type=product&#038;p=8437"},"modified":"2024-07-06T01:15:58","modified_gmt":"2024-07-06T01:15:58","slug":"colchonetas-de-piso","status":"publish","type":"product","link":"https:\/\/susistemapruebas.com\/grapi\/producto\/colchonetas-de-piso\/","title":{"rendered":"COLCHONETAS DE PISO"},"content":{"rendered":"<h4><strong>COLCHONETAS DE PISO<\/strong><\/h4>\n<p>Elaboradas en diferentes dimensiones y tama\u00f1os de acuerdo a las necesidades de los pacientes y del terapeuta para llevar a cabo los tratamientos con las cu\u00f1as, se utiliza para el reclinamiento y levantamiento postural del paciente. Fabricados en espuma de poliuretano forros en lona en diferentes colores.<\/p>\n<p>Rellenas de hule de espuma de alta densidad<\/p>\n<ul>\n<li>Cubierto con capa de vinil antibacterial y retardante al fuego para una f\u00e1cil limpieza, durabilidad.<\/li>\n<li>Ideales para el posicionamiento y ejercicio terap\u00e9utico asi como otras actividades f\u00edsicas y de coordinaci\u00f3n.<\/li>\n<\/ul>\n","protected":false},"excerpt":{"rendered":"<h4><strong>COLCHONETAS DE PISO<\/strong><\/h4>\n","protected":false},"featured_media":8438,"template":"","meta":[],"product_brand":[],"product_cat":[78],"product_tag":[],"class_list":{"0":"post-8437","1":"product","2":"type-product","3":"status-publish","4":"has-post-thumbnail","6":"product_cat-terapia-fisica","8":"first","9":"instock","10":"shipping-taxable","11":"product-type-simple"},"_links":{"self":[{"href":"https:\/\/susistemapruebas.com\/grapi\/wp-json\/wp\/v2\/product\/8437","targetHints":{"allow":["GET"]}}],"collection":[{"href":"https:\/\/susistemapruebas.com\/grapi\/wp-json\/wp\/v2\/product"}],"about":[{"href":"https:\/\/susistemapruebas.com\/grapi\/wp-json\/wp\/v2\/types\/product"}],"wp:featuredmedia":[{"embeddable":true,"href":"https:\/\/susistemapruebas.com\/grapi\/wp-json\/wp\/v2\/media\/8438"}],"wp:attachment":[{"href":"https:\/\/susistemapruebas.com\/grapi\/wp-json\/wp\/v2\/media?parent=8437"}],"wp:term":[{"taxonomy":"product_brand","embeddable":true,"href":"https:\/\/susistemapruebas.com\/grapi\/wp-json\/wp\/v2\/product_brand?post=8437"},{"taxonomy":"product_cat","embeddable":true,"href":"https:\/\/susistemapruebas.com\/grapi\/wp-json\/wp\/v2\/product_cat?post=8437"},{"taxonomy":"product_tag","embeddable":true,"href":"https:\/\/susistemapruebas.com\/grapi\/wp-json\/wp\/v2\/product_tag?post=8437"}],"curies":[{"name":"wp","href":"https:\/\/api.w.org\/{rel}","templated":true}]}}