{"id":8431,"date":"2024-07-06T01:12:40","date_gmt":"2024-07-06T01:12:40","guid":{"rendered":"https:\/\/susistemapruebas.com\/grapi\/?post_type=product&#038;p=8431"},"modified":"2024-07-06T01:12:40","modified_gmt":"2024-07-06T01:12:40","slug":"centro-de-entrenamiento-para-terapia-fisica","status":"publish","type":"product","link":"https:\/\/susistemapruebas.com\/grapi\/producto\/centro-de-entrenamiento-para-terapia-fisica\/","title":{"rendered":"CENTRO DE ENTRENAMIENTO PARA TERAPIA FISICA"},"content":{"rendered":"<p><strong>CENTRO DE ENTRENAMIENTO PARA TERAPIA FISICA<\/strong><\/p>\n<p>Est\u00e1 dise\u00f1ado para la marcha, el equilibrio y el entrenamiento cognitivo. Se puede configurar para satisfacer cualquier necesidad de capacitaci\u00f3n. El centro de entrenamiento incluye un m\u00f3dulo central, escalones de diferentes tama\u00f1os y una cu\u00f1a o rampa. \u00a0se puede guardar f\u00e1cilmente cuando no est\u00e9 en uso.<\/p>\n<p>Se puede adaptar dependiendo de las necesidades de sus pacientes.\u00a0 Los m\u00f3dulos est\u00e1n cubiertos con alfombra de colores \u00a0para ayudar en el entrenamiento cognitivo<\/p>\n<p>El sistema b\u00e1sico incluye:<\/p>\n<ul>\n<li>1 M\u00f3dulo central 60 CMSde ancho x 60 CMS de largo x 20 CMS de alto)<\/li>\n<li>1 Rampa inclinada de 20 CMS. 60 CMS de ancho 106 CMS de largo x 20 CMS de alto)<\/li>\n<li>1 Rampa de inclinaci\u00f3n de 10 CMS. 60 CMS de ancho 71 CMS de largo X 10 CMS de altura<\/li>\n<li>3 Pasos de terapia de 05, 10 y 15 CMS de altura X 60 ancho X 30 CMS de largo.<\/li>\n<\/ul>\n","protected":false},"excerpt":{"rendered":"<p><strong>CENTRO DE ENTRENAMIENTO PARA TERAPIA FISICA<\/strong><\/p>\n","protected":false},"featured_media":8432,"template":"","meta":[],"product_brand":[],"product_cat":[78],"product_tag":[],"class_list":{"0":"post-8431","1":"product","2":"type-product","3":"status-publish","4":"has-post-thumbnail","6":"product_cat-terapia-fisica","8":"first","9":"instock","10":"shipping-taxable","11":"product-type-simple"},"_links":{"self":[{"href":"https:\/\/susistemapruebas.com\/grapi\/wp-json\/wp\/v2\/product\/8431","targetHints":{"allow":["GET"]}}],"collection":[{"href":"https:\/\/susistemapruebas.com\/grapi\/wp-json\/wp\/v2\/product"}],"about":[{"href":"https:\/\/susistemapruebas.com\/grapi\/wp-json\/wp\/v2\/types\/product"}],"wp:featuredmedia":[{"embeddable":true,"href":"https:\/\/susistemapruebas.com\/grapi\/wp-json\/wp\/v2\/media\/8432"}],"wp:attachment":[{"href":"https:\/\/susistemapruebas.com\/grapi\/wp-json\/wp\/v2\/media?parent=8431"}],"wp:term":[{"taxonomy":"product_brand","embeddable":true,"href":"https:\/\/susistemapruebas.com\/grapi\/wp-json\/wp\/v2\/product_brand?post=8431"},{"taxonomy":"product_cat","embeddable":true,"href":"https:\/\/susistemapruebas.com\/grapi\/wp-json\/wp\/v2\/product_cat?post=8431"},{"taxonomy":"product_tag","embeddable":true,"href":"https:\/\/susistemapruebas.com\/grapi\/wp-json\/wp\/v2\/product_tag?post=8431"}],"curies":[{"name":"wp","href":"https:\/\/api.w.org\/{rel}","templated":true}]}}