{"id":8425,"date":"2024-07-06T01:09:35","date_gmt":"2024-07-06T01:09:35","guid":{"rendered":"https:\/\/susistemapruebas.com\/grapi\/?post_type=product&#038;p=8425"},"modified":"2024-07-06T01:09:35","modified_gmt":"2024-07-06T01:09:35","slug":"bosu-pelota-de-entrenamiento-y-equlibrio","status":"publish","type":"product","link":"https:\/\/susistemapruebas.com\/grapi\/producto\/bosu-pelota-de-entrenamiento-y-equlibrio\/","title":{"rendered":"BOSU PELOTA DE ENTRENAMIENTO Y EQULIBRIO"},"content":{"rendered":"<p><strong>BOSU PELOTA DE ENTRENAMIENTO Y EQULIBRIO.<\/strong><\/p>\n<p>Mitad de una esfera, c\u00fapula de ejercicio inflable. Este producto vers\u00e1til permite al usuario realizar ejercicios en ambos lados, lo que le permite ser utilizado para una sesi\u00f3n de ejercicio de todo el cuerpo como para ejercicios de equilibrio.\u00a0 Bal\u00f3n entrenador de balance para ejercicio de BALANCE. El bal\u00f3n de balance para entrenamiento integral es una excelente opci\u00f3n de ejercicio para realizar tus terapias y obtener mejores y m\u00e1s pronto resultados ya que es un equipo de ejercicio capaz de ayudarte con el aumento de tu fuerza, capacidad de equilibro, habilidad motriz, elasticidad, aumento de masa muscular y tonificaci\u00f3n de todo tu cuerpo.<\/p>\n<p>Realiza una m\u00faltiple variad de ejercicios utilizando una sola herramienta. Abdomen, pierna, gl\u00fateos, brazos, antebrazos, espalda, cintura y cada parte de tu cuerpo tiene un ejercicio para ti en este producto novedoso y eficaz.<\/p>\n<p>Incluye: 1 bomba de inflado y boquillas adicionales para inflar f\u00e1cilmente.<\/p>\n<ul>\n<li>Dimensiones: 59 X 21 CM YB 62 X 58 X 22 CM.<\/li>\n<\/ul>\n","protected":false},"excerpt":{"rendered":"<p><strong>BOSU PELOTA DE ENTRENAMIENTO Y EQULIBRIO.<\/strong><\/p>\n","protected":false},"featured_media":8426,"template":"","meta":[],"product_brand":[],"product_cat":[78],"product_tag":[],"class_list":{"0":"post-8425","1":"product","2":"type-product","3":"status-publish","4":"has-post-thumbnail","6":"product_cat-terapia-fisica","8":"first","9":"instock","10":"shipping-taxable","11":"product-type-simple"},"_links":{"self":[{"href":"https:\/\/susistemapruebas.com\/grapi\/wp-json\/wp\/v2\/product\/8425","targetHints":{"allow":["GET"]}}],"collection":[{"href":"https:\/\/susistemapruebas.com\/grapi\/wp-json\/wp\/v2\/product"}],"about":[{"href":"https:\/\/susistemapruebas.com\/grapi\/wp-json\/wp\/v2\/types\/product"}],"wp:featuredmedia":[{"embeddable":true,"href":"https:\/\/susistemapruebas.com\/grapi\/wp-json\/wp\/v2\/media\/8426"}],"wp:attachment":[{"href":"https:\/\/susistemapruebas.com\/grapi\/wp-json\/wp\/v2\/media?parent=8425"}],"wp:term":[{"taxonomy":"product_brand","embeddable":true,"href":"https:\/\/susistemapruebas.com\/grapi\/wp-json\/wp\/v2\/product_brand?post=8425"},{"taxonomy":"product_cat","embeddable":true,"href":"https:\/\/susistemapruebas.com\/grapi\/wp-json\/wp\/v2\/product_cat?post=8425"},{"taxonomy":"product_tag","embeddable":true,"href":"https:\/\/susistemapruebas.com\/grapi\/wp-json\/wp\/v2\/product_tag?post=8425"}],"curies":[{"name":"wp","href":"https:\/\/api.w.org\/{rel}","templated":true}]}}