{"id":8414,"date":"2024-07-06T00:39:41","date_gmt":"2024-07-06T00:39:41","guid":{"rendered":"https:\/\/susistemapruebas.com\/grapi\/?post_type=product&#038;p=8414"},"modified":"2024-07-06T00:39:41","modified_gmt":"2024-07-06T00:39:41","slug":"barras-de-equilibrio","status":"publish","type":"product","link":"https:\/\/susistemapruebas.com\/grapi\/producto\/barras-de-equilibrio\/","title":{"rendered":"BARRAS DE EQUILIBRIO"},"content":{"rendered":"<h4><strong>BARRAS DE EQUILIBRIO<\/strong><\/h4>\n<p>Ideal para ense\u00f1ar coordinaci\u00f3n, equilibrio y fuerza central. Se puede configurar en m\u00faltiples patrones para variar el nivel de dificultad y diversi\u00f3n, por lo que es una actividad que no ser\u00e1 aburrida para los ni\u00f1os.<\/p>\n<p>Ideal para ense\u00f1ar la coordinaci\u00f3n, esta barra de equilibrio se puede configurar en m\u00faltiples patrones para variar el nivel de dificultad. Hecho de madera dura de alta resistencia, cada una de las 4 vigas de \u00a01.20\u00a0 CMS X 10 CMS independientes, sin necesidad de herramientas para los ajustes.<\/p>\n<p>5 bloques de soporte reforzados sostienen las vigas a \u00a013 cms del piso. Capacidad de peso: 55 kgs.<\/p>\n","protected":false},"excerpt":{"rendered":"<h4><strong>BARRAS DE EQUILIBRIO<\/strong><\/h4>\n","protected":false},"featured_media":8415,"template":"","meta":[],"product_brand":[],"product_cat":[78],"product_tag":[],"class_list":{"0":"post-8414","1":"product","2":"type-product","3":"status-publish","4":"has-post-thumbnail","6":"product_cat-terapia-fisica","8":"first","9":"instock","10":"shipping-taxable","11":"product-type-simple"},"_links":{"self":[{"href":"https:\/\/susistemapruebas.com\/grapi\/wp-json\/wp\/v2\/product\/8414","targetHints":{"allow":["GET"]}}],"collection":[{"href":"https:\/\/susistemapruebas.com\/grapi\/wp-json\/wp\/v2\/product"}],"about":[{"href":"https:\/\/susistemapruebas.com\/grapi\/wp-json\/wp\/v2\/types\/product"}],"wp:featuredmedia":[{"embeddable":true,"href":"https:\/\/susistemapruebas.com\/grapi\/wp-json\/wp\/v2\/media\/8415"}],"wp:attachment":[{"href":"https:\/\/susistemapruebas.com\/grapi\/wp-json\/wp\/v2\/media?parent=8414"}],"wp:term":[{"taxonomy":"product_brand","embeddable":true,"href":"https:\/\/susistemapruebas.com\/grapi\/wp-json\/wp\/v2\/product_brand?post=8414"},{"taxonomy":"product_cat","embeddable":true,"href":"https:\/\/susistemapruebas.com\/grapi\/wp-json\/wp\/v2\/product_cat?post=8414"},{"taxonomy":"product_tag","embeddable":true,"href":"https:\/\/susistemapruebas.com\/grapi\/wp-json\/wp\/v2\/product_tag?post=8414"}],"curies":[{"name":"wp","href":"https:\/\/api.w.org\/{rel}","templated":true}]}}