{"id":8412,"date":"2024-07-06T00:37:30","date_gmt":"2024-07-06T00:37:30","guid":{"rendered":"https:\/\/susistemapruebas.com\/grapi\/?post_type=product&#038;p=8412"},"modified":"2024-07-06T00:37:30","modified_gmt":"2024-07-06T00:37:30","slug":"bancos-solidos-y-estables-para-actividades-de-almacenamiento-compacto","status":"publish","type":"product","link":"https:\/\/susistemapruebas.com\/grapi\/producto\/bancos-solidos-y-estables-para-actividades-de-almacenamiento-compacto\/","title":{"rendered":"BANCOS S\u00d3LIDOS Y ESTABLES PARA ACTIVIDADES DE ALMACENAMIENTO COMPACTO"},"content":{"rendered":"<p><strong>BANCOS S\u00d3LIDOS Y ESTABLES PARA ACTIVIDADES DE ALMACENAMIENTO COMPACTO.<\/strong><\/p>\n<p>Las superficies lisas facilitan el movimiento al sentarse, gatear o subir escaleras. Alturas fijas. Los dos bancos m\u00e1s grandes son asientos adecuados para terapeutas o ni\u00f1os grandes. Los bancos m\u00e1s peque\u00f1os se pueden usar como reposapi\u00e9s o para practicar subir o bajar. Conjunto de 4: 2 grandes y 2 peque\u00f1os. Juego de 4<\/p>\n<ul>\n<li>Tama\u00f1o 1: 35 X 30 X 10 CMS.<\/li>\n<li>Tama\u00f1o 2: 47 X 30 X 17 CMS<\/li>\n<li>Tama\u00f1o 3: 58 X\u00a0 30 X 29 CMS<\/li>\n<li>Tama\u00f1o 4: 70 X \u00a030 X 45 CMS<\/li>\n<\/ul>\n","protected":false},"excerpt":{"rendered":"<p><strong>BANCOS S\u00d3LIDOS Y ESTABLES PARA ACTIVIDADES DE ALMACENAMIENTO COMPACTO.<\/strong><\/p>\n","protected":false},"featured_media":8413,"template":"","meta":[],"product_brand":[],"product_cat":[78],"product_tag":[],"class_list":{"0":"post-8412","1":"product","2":"type-product","3":"status-publish","4":"has-post-thumbnail","6":"product_cat-terapia-fisica","8":"first","9":"instock","10":"shipping-taxable","11":"product-type-simple"},"_links":{"self":[{"href":"https:\/\/susistemapruebas.com\/grapi\/wp-json\/wp\/v2\/product\/8412","targetHints":{"allow":["GET"]}}],"collection":[{"href":"https:\/\/susistemapruebas.com\/grapi\/wp-json\/wp\/v2\/product"}],"about":[{"href":"https:\/\/susistemapruebas.com\/grapi\/wp-json\/wp\/v2\/types\/product"}],"wp:featuredmedia":[{"embeddable":true,"href":"https:\/\/susistemapruebas.com\/grapi\/wp-json\/wp\/v2\/media\/8413"}],"wp:attachment":[{"href":"https:\/\/susistemapruebas.com\/grapi\/wp-json\/wp\/v2\/media?parent=8412"}],"wp:term":[{"taxonomy":"product_brand","embeddable":true,"href":"https:\/\/susistemapruebas.com\/grapi\/wp-json\/wp\/v2\/product_brand?post=8412"},{"taxonomy":"product_cat","embeddable":true,"href":"https:\/\/susistemapruebas.com\/grapi\/wp-json\/wp\/v2\/product_cat?post=8412"},{"taxonomy":"product_tag","embeddable":true,"href":"https:\/\/susistemapruebas.com\/grapi\/wp-json\/wp\/v2\/product_tag?post=8412"}],"curies":[{"name":"wp","href":"https:\/\/api.w.org\/{rel}","templated":true}]}}