{"id":8409,"date":"2024-07-06T00:35:38","date_gmt":"2024-07-06T00:35:38","guid":{"rendered":"https:\/\/susistemapruebas.com\/grapi\/?post_type=product&#038;p=8409"},"modified":"2024-07-06T00:35:38","modified_gmt":"2024-07-06T00:35:38","slug":"bancos-para-actividades","status":"publish","type":"product","link":"https:\/\/susistemapruebas.com\/grapi\/producto\/bancos-para-actividades\/","title":{"rendered":"BANCOS PARA ACTIVIDADES"},"content":{"rendered":"<p><strong>BANCOS PARA ACTIVIDADES<\/strong>.<\/p>\n<p>Est\u00e1n dise\u00f1adas para ofrecer a los terapeutas, soluciones pr\u00e1cticas simples para el gimnasio infantil. Se pueden usar como ayudas para sentarse, pararse, caminar y mas. El conjunto de 4 mesas est\u00e1n dise\u00f1ados para guardarse uno dentro del otro para almacenamiento. Cada mesa est\u00e1 numerada y codificada por colores. Se pueden usar de muchas maneras para apoyar actividades terap\u00e9uticas como:<\/p>\n<ul>\n<li>Apoyo para juegos o actividades motoras finas.<\/li>\n<li>Para ponerse de pie y luego p\u00e1rese con el soporte de la mesa de altura adecuada.<\/li>\n<li>Para alentar la negociaci\u00f3n y la superficie de apoyo en m\u00faltiples niveles.<\/li>\n<li>Para promover la alineaci\u00f3n y soportar el peso de las extremidades inferiores cuando los pies del ni\u00f1o no toquen el suelo.<\/li>\n<li>Para practicar ascender y \/ o descender un escal\u00f3n o subir y bajar de lado.<\/li>\n<li>Para simular escalones y practique subir y bajar escaleras, gatear o caminar.<\/li>\n<\/ul>\n<p>Dimensiones.:<\/p>\n<ul>\n<li>90 X 76 X\u00a0 28\u00a0 CMS<\/li>\n<li>119 X 76 X 43\u00a0 CMS<\/li>\n<li>148 X 76 X 73\u00a0 CMS<\/li>\n<li>178 X 76 X 114 CMS.<\/li>\n<\/ul>\n","protected":false},"excerpt":{"rendered":"<p><strong>BANCOS PARA ACTIVIDADES<\/strong>.<\/p>\n","protected":false},"featured_media":8410,"template":"","meta":[],"product_brand":[],"product_cat":[78],"product_tag":[],"class_list":{"0":"post-8409","1":"product","2":"type-product","3":"status-publish","4":"has-post-thumbnail","6":"product_cat-terapia-fisica","8":"first","9":"instock","10":"shipping-taxable","11":"product-type-simple"},"_links":{"self":[{"href":"https:\/\/susistemapruebas.com\/grapi\/wp-json\/wp\/v2\/product\/8409","targetHints":{"allow":["GET"]}}],"collection":[{"href":"https:\/\/susistemapruebas.com\/grapi\/wp-json\/wp\/v2\/product"}],"about":[{"href":"https:\/\/susistemapruebas.com\/grapi\/wp-json\/wp\/v2\/types\/product"}],"wp:featuredmedia":[{"embeddable":true,"href":"https:\/\/susistemapruebas.com\/grapi\/wp-json\/wp\/v2\/media\/8410"}],"wp:attachment":[{"href":"https:\/\/susistemapruebas.com\/grapi\/wp-json\/wp\/v2\/media?parent=8409"}],"wp:term":[{"taxonomy":"product_brand","embeddable":true,"href":"https:\/\/susistemapruebas.com\/grapi\/wp-json\/wp\/v2\/product_brand?post=8409"},{"taxonomy":"product_cat","embeddable":true,"href":"https:\/\/susistemapruebas.com\/grapi\/wp-json\/wp\/v2\/product_cat?post=8409"},{"taxonomy":"product_tag","embeddable":true,"href":"https:\/\/susistemapruebas.com\/grapi\/wp-json\/wp\/v2\/product_tag?post=8409"}],"curies":[{"name":"wp","href":"https:\/\/api.w.org\/{rel}","templated":true}]}}