{"id":8402,"date":"2024-07-06T00:27:06","date_gmt":"2024-07-06T00:27:06","guid":{"rendered":"https:\/\/susistemapruebas.com\/grapi\/?post_type=product&#038;p=8402"},"modified":"2024-07-06T00:27:06","modified_gmt":"2024-07-06T00:27:06","slug":"balancines-de-madera-nacional-para-terapia-fisica","status":"publish","type":"product","link":"https:\/\/susistemapruebas.com\/grapi\/producto\/balancines-de-madera-nacional-para-terapia-fisica\/","title":{"rendered":"BALANCINES DE MADERA NACIONAL PARA TERAPIA FISICA"},"content":{"rendered":"<p><strong>BALANCINES DE MADERA NACIONAL PARA TERAPIA FISICA<\/strong><\/p>\n<p>Elaborador en madera, acabado barniz natural y cubierta de anti derrapante. Ideales para estirar los m\u00fasculos de la pierna. Util\u00edzalo para los calentamientos y as\u00ed minimizar las lesiones. Usted se dar\u00e1 cuenta que su tobillo, la pantorrilla y la flexibilidad mejorar\u00e1 significativamente despu\u00e9s de usar este relajador de tobillo con regularidad. Dise\u00f1ados para ejercicio de balanceo,<\/p>\n<p>mejorando la sensaci\u00f3n de equilibrio, coordinaci\u00f3n y habilidades motoras.<\/p>\n<p>&nbsp;<\/p>\n<ul>\n<li>Medidas:<\/li>\n<\/ul>\n<ol>\n<li>Cuadrado 45 cm,<\/li>\n<li>Circulo 45 cm<\/li>\n<\/ol>\n<ul>\n<li>Acabado en barniz color natural<\/li>\n<li>Fabricada en madera de alta calidad, estufada y desflemada.<\/li>\n<\/ul>\n","protected":false},"excerpt":{"rendered":"<p><strong>BALANCINES DE MADERA NACIONAL PARA TERAPIA FISICA<\/strong><\/p>\n","protected":false},"featured_media":8403,"template":"","meta":[],"product_brand":[],"product_cat":[78],"product_tag":[],"class_list":{"0":"post-8402","1":"product","2":"type-product","3":"status-publish","4":"has-post-thumbnail","6":"product_cat-terapia-fisica","8":"first","9":"instock","10":"shipping-taxable","11":"product-type-simple"},"_links":{"self":[{"href":"https:\/\/susistemapruebas.com\/grapi\/wp-json\/wp\/v2\/product\/8402","targetHints":{"allow":["GET"]}}],"collection":[{"href":"https:\/\/susistemapruebas.com\/grapi\/wp-json\/wp\/v2\/product"}],"about":[{"href":"https:\/\/susistemapruebas.com\/grapi\/wp-json\/wp\/v2\/types\/product"}],"wp:featuredmedia":[{"embeddable":true,"href":"https:\/\/susistemapruebas.com\/grapi\/wp-json\/wp\/v2\/media\/8403"}],"wp:attachment":[{"href":"https:\/\/susistemapruebas.com\/grapi\/wp-json\/wp\/v2\/media?parent=8402"}],"wp:term":[{"taxonomy":"product_brand","embeddable":true,"href":"https:\/\/susistemapruebas.com\/grapi\/wp-json\/wp\/v2\/product_brand?post=8402"},{"taxonomy":"product_cat","embeddable":true,"href":"https:\/\/susistemapruebas.com\/grapi\/wp-json\/wp\/v2\/product_cat?post=8402"},{"taxonomy":"product_tag","embeddable":true,"href":"https:\/\/susistemapruebas.com\/grapi\/wp-json\/wp\/v2\/product_tag?post=8402"}],"curies":[{"name":"wp","href":"https:\/\/api.w.org\/{rel}","templated":true}]}}