{"id":8400,"date":"2024-07-06T00:21:40","date_gmt":"2024-07-06T00:21:40","guid":{"rendered":"https:\/\/susistemapruebas.com\/grapi\/?post_type=product&#038;p=8400"},"modified":"2024-07-06T00:21:40","modified_gmt":"2024-07-06T00:21:40","slug":"balancin-de-madera","status":"publish","type":"product","link":"https:\/\/susistemapruebas.com\/grapi\/producto\/balancin-de-madera\/","title":{"rendered":"BALANCIN DE MADERA"},"content":{"rendered":"<h4><strong>BALANCIN DE MADERA<\/strong><\/h4>\n<p>Est\u00e1n dise\u00f1ados para estimular el control del equilibrio y las respuestas vestibulares. Al fortalecer su equilibrio, disminuir\u00e1 cualquier problema vestibular que pueda estar experimentando. Las tablas basculantes son excelentes para las personas con defectos de o\u00eddo y problemas de equilibrio. La tabla en s\u00ed est\u00e1 dise\u00f1ada para fortalecer los m\u00fasculos del tobillo y la cadera, adem\u00e1s de mejorar el equilibrio, y est\u00e1 cubierta con material antideslizante.<\/p>\n<p>Fabricados en madera maciza cubierta con un revestimiento duradero antideslizante. La tabla basculante ayuda a los ni\u00f1os y a otros pacientes a desarrollar el equilibrio y la fuerza en el n\u00facleo y las piernas. El tablero puede estar parado o colocado para desarrollar este equilibrio. Dimensiones: 75 X 1.50 X 30 CMS<\/p>\n","protected":false},"excerpt":{"rendered":"<h4><strong>BALANCIN DE MADERA<\/strong><\/h4>\n","protected":false},"featured_media":8401,"template":"","meta":[],"product_brand":[],"product_cat":[78],"product_tag":[],"class_list":{"0":"post-8400","1":"product","2":"type-product","3":"status-publish","4":"has-post-thumbnail","6":"product_cat-terapia-fisica","8":"first","9":"instock","10":"shipping-taxable","11":"product-type-simple"},"_links":{"self":[{"href":"https:\/\/susistemapruebas.com\/grapi\/wp-json\/wp\/v2\/product\/8400","targetHints":{"allow":["GET"]}}],"collection":[{"href":"https:\/\/susistemapruebas.com\/grapi\/wp-json\/wp\/v2\/product"}],"about":[{"href":"https:\/\/susistemapruebas.com\/grapi\/wp-json\/wp\/v2\/types\/product"}],"wp:featuredmedia":[{"embeddable":true,"href":"https:\/\/susistemapruebas.com\/grapi\/wp-json\/wp\/v2\/media\/8401"}],"wp:attachment":[{"href":"https:\/\/susistemapruebas.com\/grapi\/wp-json\/wp\/v2\/media?parent=8400"}],"wp:term":[{"taxonomy":"product_brand","embeddable":true,"href":"https:\/\/susistemapruebas.com\/grapi\/wp-json\/wp\/v2\/product_brand?post=8400"},{"taxonomy":"product_cat","embeddable":true,"href":"https:\/\/susistemapruebas.com\/grapi\/wp-json\/wp\/v2\/product_cat?post=8400"},{"taxonomy":"product_tag","embeddable":true,"href":"https:\/\/susistemapruebas.com\/grapi\/wp-json\/wp\/v2\/product_tag?post=8400"}],"curies":[{"name":"wp","href":"https:\/\/api.w.org\/{rel}","templated":true}]}}