{"id":8396,"date":"2024-07-06T00:16:29","date_gmt":"2024-07-06T00:16:29","guid":{"rendered":"https:\/\/susistemapruebas.com\/grapi\/?post_type=product&#038;p=8396"},"modified":"2024-07-06T00:16:29","modified_gmt":"2024-07-06T00:16:29","slug":"tarjetas-lenguaje-si-o-no","status":"publish","type":"product","link":"https:\/\/susistemapruebas.com\/grapi\/producto\/tarjetas-lenguaje-si-o-no\/","title":{"rendered":"TARJETAS LENGUAJE \u00bfSI O NO?"},"content":{"rendered":"<h4><strong>TARJETAS LENGUAJE \u00bfSI O NO?<\/strong><\/h4>\n<p>El prop\u00f3sito de estas tarjetas es lograr que a trav\u00e9s de preguntas y respuestas los ni\u00f1os desarrollen sus habilidades de expresi\u00f3n oral, comprensi\u00f3n y creatividad. Favorecen las habilidades del pensamiento haciendo que el ni\u00f1o integre la informaci\u00f3n previa al momento de hacerle una pregunta, ejercite la memoria y estimule su vocabulario.<\/p>\n<p>Incluye: 56 tarjetas con preguntas y respuestas y divertidas im\u00e1genes.<\/p>\n<p>Dimensiones:10 X 08 CMS<\/p>\n","protected":false},"excerpt":{"rendered":"<h4><strong>TARJETAS LENGUAJE \u00bfSI O NO?<\/strong><\/h4>\n","protected":false},"featured_media":8397,"template":"","meta":[],"product_brand":[],"product_cat":[77],"product_tag":[],"class_list":{"0":"post-8396","1":"product","2":"type-product","3":"status-publish","4":"has-post-thumbnail","6":"product_cat-terapia-de-lenguaje","8":"first","9":"instock","10":"shipping-taxable","11":"product-type-simple"},"_links":{"self":[{"href":"https:\/\/susistemapruebas.com\/grapi\/wp-json\/wp\/v2\/product\/8396","targetHints":{"allow":["GET"]}}],"collection":[{"href":"https:\/\/susistemapruebas.com\/grapi\/wp-json\/wp\/v2\/product"}],"about":[{"href":"https:\/\/susistemapruebas.com\/grapi\/wp-json\/wp\/v2\/types\/product"}],"wp:featuredmedia":[{"embeddable":true,"href":"https:\/\/susistemapruebas.com\/grapi\/wp-json\/wp\/v2\/media\/8397"}],"wp:attachment":[{"href":"https:\/\/susistemapruebas.com\/grapi\/wp-json\/wp\/v2\/media?parent=8396"}],"wp:term":[{"taxonomy":"product_brand","embeddable":true,"href":"https:\/\/susistemapruebas.com\/grapi\/wp-json\/wp\/v2\/product_brand?post=8396"},{"taxonomy":"product_cat","embeddable":true,"href":"https:\/\/susistemapruebas.com\/grapi\/wp-json\/wp\/v2\/product_cat?post=8396"},{"taxonomy":"product_tag","embeddable":true,"href":"https:\/\/susistemapruebas.com\/grapi\/wp-json\/wp\/v2\/product_tag?post=8396"}],"curies":[{"name":"wp","href":"https:\/\/api.w.org\/{rel}","templated":true}]}}