{"id":8376,"date":"2024-07-05T23:34:56","date_gmt":"2024-07-05T23:34:56","guid":{"rendered":"https:\/\/susistemapruebas.com\/grapi\/?post_type=product&#038;p=8376"},"modified":"2024-07-05T23:34:57","modified_gmt":"2024-07-05T23:34:57","slug":"tarjetas-de-lenguaje-cuando","status":"publish","type":"product","link":"https:\/\/susistemapruebas.com\/grapi\/producto\/tarjetas-de-lenguaje-cuando\/","title":{"rendered":"TARJETAS DE LENGUAJE \u00bfCUANDO?"},"content":{"rendered":"<div class=\"azoom-text-details\">\n<div class=\"azoom-text-details\">\n<div class=\"azoom-text-details\">\n<div class=\"azoom-text-details\">\n<div class=\"azoom-text-details\">\n<div class=\"azoom-text-details\">\n<div class=\"azoom-text-details\">\n<div class=\"azoom-text-details\">\n<p><strong>TARJETAS DE LENGUAJE \u00bfCUANDO?<\/strong><\/p>\n<\/div>\n<\/div>\n<\/div>\n<\/div>\n<\/div>\n<\/div>\n<\/div>\n<\/div>\n<div class=\"vertical-space-d3\">\n<p>El prop\u00f3sito de estas tarjetas es lograr que a trav\u00e9s de preguntas y respuestas los ni\u00f1os desarrollen sus habilidades de expresi\u00f3n oral, comprensi\u00f3n y creatividad. Favorecen las habilidades del pensamiento haciendo que el ni\u00f1o integre la informaci\u00f3n previa al momento de hacerle una pregunta, ejercite la memoria y estimule su vocabulario. Incluye: 28 tarjetas con preguntas. 28 tarjetas con respuestas. Dimensiones: 10 x 08 CMS.<\/p>\n<\/div>\n","protected":false},"excerpt":{"rendered":"<p><strong>TARJETAS DE LENGUAJE \u00bfCUANDO?<\/strong><\/p>\n","protected":false},"featured_media":8377,"template":"","meta":[],"product_brand":[],"product_cat":[77],"product_tag":[],"class_list":{"0":"post-8376","1":"product","2":"type-product","3":"status-publish","4":"has-post-thumbnail","6":"product_cat-terapia-de-lenguaje","8":"first","9":"instock","10":"shipping-taxable","11":"product-type-simple"},"_links":{"self":[{"href":"https:\/\/susistemapruebas.com\/grapi\/wp-json\/wp\/v2\/product\/8376","targetHints":{"allow":["GET"]}}],"collection":[{"href":"https:\/\/susistemapruebas.com\/grapi\/wp-json\/wp\/v2\/product"}],"about":[{"href":"https:\/\/susistemapruebas.com\/grapi\/wp-json\/wp\/v2\/types\/product"}],"wp:featuredmedia":[{"embeddable":true,"href":"https:\/\/susistemapruebas.com\/grapi\/wp-json\/wp\/v2\/media\/8377"}],"wp:attachment":[{"href":"https:\/\/susistemapruebas.com\/grapi\/wp-json\/wp\/v2\/media?parent=8376"}],"wp:term":[{"taxonomy":"product_brand","embeddable":true,"href":"https:\/\/susistemapruebas.com\/grapi\/wp-json\/wp\/v2\/product_brand?post=8376"},{"taxonomy":"product_cat","embeddable":true,"href":"https:\/\/susistemapruebas.com\/grapi\/wp-json\/wp\/v2\/product_cat?post=8376"},{"taxonomy":"product_tag","embeddable":true,"href":"https:\/\/susistemapruebas.com\/grapi\/wp-json\/wp\/v2\/product_tag?post=8376"}],"curies":[{"name":"wp","href":"https:\/\/api.w.org\/{rel}","templated":true}]}}