{"id":8371,"date":"2024-07-05T23:31:43","date_gmt":"2024-07-05T23:31:43","guid":{"rendered":"https:\/\/susistemapruebas.com\/grapi\/?post_type=product&#038;p=8371"},"modified":"2024-07-05T23:31:43","modified_gmt":"2024-07-05T23:31:43","slug":"flashcards-partes-del-cuerpo","status":"publish","type":"product","link":"https:\/\/susistemapruebas.com\/grapi\/producto\/flashcards-partes-del-cuerpo\/","title":{"rendered":"FLASHCARDS PARTES DEL CUERPO"},"content":{"rendered":"<h4><strong>FLASHCARDS PARTES DEL CUERPO<\/strong><\/h4>\n<p>El uso de estas tarjetas permitir\u00e1 conocer cada parte del cuerpo y su escritura, adem\u00e1s podr\u00e1 reforzar sus conocimientos acerca de los colores puesto que cada tarjeta tiene colores diferentes.<\/p>\n<p>Presentaci\u00f3n: 40 Pzas.<\/p>\n<p>Tama\u00f1o Aproximado:\u00a0 8 x 16 cm.<\/p>\n","protected":false},"excerpt":{"rendered":"<h4><strong>FLASHCARDS PARTES DEL CUERPO<\/strong><\/h4>\n","protected":false},"featured_media":8372,"template":"","meta":[],"product_brand":[],"product_cat":[77],"product_tag":[],"class_list":{"0":"post-8371","1":"product","2":"type-product","3":"status-publish","4":"has-post-thumbnail","6":"product_cat-terapia-de-lenguaje","8":"first","9":"instock","10":"shipping-taxable","11":"product-type-simple"},"_links":{"self":[{"href":"https:\/\/susistemapruebas.com\/grapi\/wp-json\/wp\/v2\/product\/8371","targetHints":{"allow":["GET"]}}],"collection":[{"href":"https:\/\/susistemapruebas.com\/grapi\/wp-json\/wp\/v2\/product"}],"about":[{"href":"https:\/\/susistemapruebas.com\/grapi\/wp-json\/wp\/v2\/types\/product"}],"wp:featuredmedia":[{"embeddable":true,"href":"https:\/\/susistemapruebas.com\/grapi\/wp-json\/wp\/v2\/media\/8372"}],"wp:attachment":[{"href":"https:\/\/susistemapruebas.com\/grapi\/wp-json\/wp\/v2\/media?parent=8371"}],"wp:term":[{"taxonomy":"product_brand","embeddable":true,"href":"https:\/\/susistemapruebas.com\/grapi\/wp-json\/wp\/v2\/product_brand?post=8371"},{"taxonomy":"product_cat","embeddable":true,"href":"https:\/\/susistemapruebas.com\/grapi\/wp-json\/wp\/v2\/product_cat?post=8371"},{"taxonomy":"product_tag","embeddable":true,"href":"https:\/\/susistemapruebas.com\/grapi\/wp-json\/wp\/v2\/product_tag?post=8371"}],"curies":[{"name":"wp","href":"https:\/\/api.w.org\/{rel}","templated":true}]}}