{"id":8369,"date":"2024-07-05T23:29:30","date_gmt":"2024-07-05T23:29:30","guid":{"rendered":"https:\/\/susistemapruebas.com\/grapi\/?post_type=product&#038;p=8369"},"modified":"2024-07-05T23:29:30","modified_gmt":"2024-07-05T23:29:30","slug":"flashcards-opuestos","status":"publish","type":"product","link":"https:\/\/susistemapruebas.com\/grapi\/producto\/flashcards-opuestos\/","title":{"rendered":"FLASHCARDS OPUESTOS"},"content":{"rendered":"<h4><strong>FLASHCARDS OPUESTOS<\/strong><\/h4>\n<p>El uso de estas tarjetas permitir\u00e1 conocer similitudes y diferencias, adem\u00e1s podr\u00e1 reforzar sus conocimientos acerca de los colores puesto que cada tarjeta tiene colores diferentes.<\/p>\n<p>Presentaci\u00f3n: 34 piezas.<\/p>\n<p>Tama\u00f1o Aproximado: 8 x 16 cm.<\/p>\n","protected":false},"excerpt":{"rendered":"<h4><strong>FLASHCARDS OPUESTOS<\/strong><\/h4>\n","protected":false},"featured_media":8370,"template":"","meta":[],"product_brand":[],"product_cat":[77],"product_tag":[],"class_list":{"0":"post-8369","1":"product","2":"type-product","3":"status-publish","4":"has-post-thumbnail","6":"product_cat-terapia-de-lenguaje","8":"first","9":"instock","10":"shipping-taxable","11":"product-type-simple"},"_links":{"self":[{"href":"https:\/\/susistemapruebas.com\/grapi\/wp-json\/wp\/v2\/product\/8369","targetHints":{"allow":["GET"]}}],"collection":[{"href":"https:\/\/susistemapruebas.com\/grapi\/wp-json\/wp\/v2\/product"}],"about":[{"href":"https:\/\/susistemapruebas.com\/grapi\/wp-json\/wp\/v2\/types\/product"}],"wp:featuredmedia":[{"embeddable":true,"href":"https:\/\/susistemapruebas.com\/grapi\/wp-json\/wp\/v2\/media\/8370"}],"wp:attachment":[{"href":"https:\/\/susistemapruebas.com\/grapi\/wp-json\/wp\/v2\/media?parent=8369"}],"wp:term":[{"taxonomy":"product_brand","embeddable":true,"href":"https:\/\/susistemapruebas.com\/grapi\/wp-json\/wp\/v2\/product_brand?post=8369"},{"taxonomy":"product_cat","embeddable":true,"href":"https:\/\/susistemapruebas.com\/grapi\/wp-json\/wp\/v2\/product_cat?post=8369"},{"taxonomy":"product_tag","embeddable":true,"href":"https:\/\/susistemapruebas.com\/grapi\/wp-json\/wp\/v2\/product_tag?post=8369"}],"curies":[{"name":"wp","href":"https:\/\/api.w.org\/{rel}","templated":true}]}}