{"id":8366,"date":"2024-07-05T23:27:50","date_gmt":"2024-07-05T23:27:50","guid":{"rendered":"https:\/\/susistemapruebas.com\/grapi\/?post_type=product&#038;p=8366"},"modified":"2024-07-05T23:27:50","modified_gmt":"2024-07-05T23:27:50","slug":"flashcards-fabrica-de-numeros","status":"publish","type":"product","link":"https:\/\/susistemapruebas.com\/grapi\/producto\/flashcards-fabrica-de-numeros\/","title":{"rendered":"FLASHCARDS F\u00c1BRICA DE N\u00daMEROS"},"content":{"rendered":"<h4><strong>FLASHCARDS F\u00c1BRICA DE N\u00daMEROS<\/strong><\/h4>\n<p>El uso de estas tarjetas permitir\u00e1 identifica y construye n\u00fameros, ayuda visual en el aprendizaje, ejercicio y manejo de unidades, decenas y centenas.<\/p>\n<p>Presentaci\u00f3n: 40<\/p>\n<p>Cartas de 8\u00d716 cm.<\/p>\n","protected":false},"excerpt":{"rendered":"<h4><strong>FLASHCARDS F\u00c1BRICA DE N\u00daMEROS<\/strong><\/h4>\n","protected":false},"featured_media":8367,"template":"","meta":[],"product_brand":[],"product_cat":[77],"product_tag":[],"class_list":{"0":"post-8366","1":"product","2":"type-product","3":"status-publish","4":"has-post-thumbnail","6":"product_cat-terapia-de-lenguaje","8":"first","9":"instock","10":"shipping-taxable","11":"product-type-simple"},"_links":{"self":[{"href":"https:\/\/susistemapruebas.com\/grapi\/wp-json\/wp\/v2\/product\/8366","targetHints":{"allow":["GET"]}}],"collection":[{"href":"https:\/\/susistemapruebas.com\/grapi\/wp-json\/wp\/v2\/product"}],"about":[{"href":"https:\/\/susistemapruebas.com\/grapi\/wp-json\/wp\/v2\/types\/product"}],"wp:featuredmedia":[{"embeddable":true,"href":"https:\/\/susistemapruebas.com\/grapi\/wp-json\/wp\/v2\/media\/8367"}],"wp:attachment":[{"href":"https:\/\/susistemapruebas.com\/grapi\/wp-json\/wp\/v2\/media?parent=8366"}],"wp:term":[{"taxonomy":"product_brand","embeddable":true,"href":"https:\/\/susistemapruebas.com\/grapi\/wp-json\/wp\/v2\/product_brand?post=8366"},{"taxonomy":"product_cat","embeddable":true,"href":"https:\/\/susistemapruebas.com\/grapi\/wp-json\/wp\/v2\/product_cat?post=8366"},{"taxonomy":"product_tag","embeddable":true,"href":"https:\/\/susistemapruebas.com\/grapi\/wp-json\/wp\/v2\/product_tag?post=8366"}],"curies":[{"name":"wp","href":"https:\/\/api.w.org\/{rel}","templated":true}]}}