{"id":8359,"date":"2024-07-05T23:22:04","date_gmt":"2024-07-05T23:22:04","guid":{"rendered":"https:\/\/susistemapruebas.com\/grapi\/?post_type=product&#038;p=8359"},"modified":"2024-07-05T23:22:04","modified_gmt":"2024-07-05T23:22:04","slug":"domino-estados-de-animo","status":"publish","type":"product","link":"https:\/\/susistemapruebas.com\/grapi\/producto\/domino-estados-de-animo\/","title":{"rendered":"DOMIN\u00d3 ESTADOS DE \u00c1NIMO"},"content":{"rendered":"<h4><strong>DOMIN\u00d3 ESTADOS DE \u00c1NIMO<\/strong><\/h4>\n<p>El domin\u00f3, al ser un juego sencillo lo convierte en un juego accesible para grandes y chicos, adem\u00e1s gracias a su tama\u00f1o en grande lo vuelve visualmente m\u00e1s atractivo para el ni\u00f1o favoreciendo su aprendizaje. Este domin\u00f3 en particular le permite al ni\u00f1o aprender y reforzar sus conocimientos acerca de sus estados de \u00e1nimo, su relaci\u00f3n entre c\u00f3mo se escriben y la imagen, mediante este material el ni\u00f1o podr\u00e1 conocer sus emociones, y sentimientos del d\u00eda a d\u00eda, adem\u00e1s\u00a0 lo ayudar\u00e1 a reforzar su lecto- escritura y su secuencia, siguiendo las mismas reglas del domin\u00f3 tradicional.<\/p>\n<p>Presentaci\u00f3n: 28 Pzas.<\/p>\n<p>Tama\u00f1o Aproximado: 11.5 x 6 cm.<\/p>\n","protected":false},"excerpt":{"rendered":"<h4><strong>DOMIN\u00d3 ESTADOS DE \u00c1NIMO<\/strong><\/h4>\n","protected":false},"featured_media":8360,"template":"","meta":[],"product_brand":[],"product_cat":[77],"product_tag":[],"class_list":{"0":"post-8359","1":"product","2":"type-product","3":"status-publish","4":"has-post-thumbnail","6":"product_cat-terapia-de-lenguaje","8":"first","9":"instock","10":"shipping-taxable","11":"product-type-simple"},"_links":{"self":[{"href":"https:\/\/susistemapruebas.com\/grapi\/wp-json\/wp\/v2\/product\/8359","targetHints":{"allow":["GET"]}}],"collection":[{"href":"https:\/\/susistemapruebas.com\/grapi\/wp-json\/wp\/v2\/product"}],"about":[{"href":"https:\/\/susistemapruebas.com\/grapi\/wp-json\/wp\/v2\/types\/product"}],"wp:featuredmedia":[{"embeddable":true,"href":"https:\/\/susistemapruebas.com\/grapi\/wp-json\/wp\/v2\/media\/8360"}],"wp:attachment":[{"href":"https:\/\/susistemapruebas.com\/grapi\/wp-json\/wp\/v2\/media?parent=8359"}],"wp:term":[{"taxonomy":"product_brand","embeddable":true,"href":"https:\/\/susistemapruebas.com\/grapi\/wp-json\/wp\/v2\/product_brand?post=8359"},{"taxonomy":"product_cat","embeddable":true,"href":"https:\/\/susistemapruebas.com\/grapi\/wp-json\/wp\/v2\/product_cat?post=8359"},{"taxonomy":"product_tag","embeddable":true,"href":"https:\/\/susistemapruebas.com\/grapi\/wp-json\/wp\/v2\/product_tag?post=8359"}],"curies":[{"name":"wp","href":"https:\/\/api.w.org\/{rel}","templated":true}]}}