{"id":8357,"date":"2024-07-05T23:19:56","date_gmt":"2024-07-05T23:19:56","guid":{"rendered":"https:\/\/susistemapruebas.com\/grapi\/?post_type=product&#038;p=8357"},"modified":"2024-07-05T23:19:56","modified_gmt":"2024-07-05T23:19:56","slug":"conoce-tus-sentimientos","status":"publish","type":"product","link":"https:\/\/susistemapruebas.com\/grapi\/producto\/conoce-tus-sentimientos\/","title":{"rendered":"CONOCE TUS SENTIMIENTOS"},"content":{"rendered":"<h4><strong>CONOCE TUS SENTIMIENTOS<\/strong><\/h4>\n<p>Divertido material en el que los peque\u00f1os, a trav\u00e9s de la creatividad, aprenden a dar nombre a los estados de \u00e1nimo m\u00e1s habituales en ellos y en las personas de su entorno. Tambi\u00e9n permite que relacionen una cara determinada con el sentimiento al que corresponde.<\/p>\n<p>Presentaci\u00f3n: 1 juego<\/p>\n","protected":false},"excerpt":{"rendered":"<h4><strong>CONOCE TUS SENTIMIENTOS<\/strong><\/h4>\n","protected":false},"featured_media":8358,"template":"","meta":[],"product_brand":[],"product_cat":[77],"product_tag":[],"class_list":{"0":"post-8357","1":"product","2":"type-product","3":"status-publish","4":"has-post-thumbnail","6":"product_cat-terapia-de-lenguaje","8":"first","9":"instock","10":"shipping-taxable","11":"product-type-simple"},"_links":{"self":[{"href":"https:\/\/susistemapruebas.com\/grapi\/wp-json\/wp\/v2\/product\/8357","targetHints":{"allow":["GET"]}}],"collection":[{"href":"https:\/\/susistemapruebas.com\/grapi\/wp-json\/wp\/v2\/product"}],"about":[{"href":"https:\/\/susistemapruebas.com\/grapi\/wp-json\/wp\/v2\/types\/product"}],"wp:featuredmedia":[{"embeddable":true,"href":"https:\/\/susistemapruebas.com\/grapi\/wp-json\/wp\/v2\/media\/8358"}],"wp:attachment":[{"href":"https:\/\/susistemapruebas.com\/grapi\/wp-json\/wp\/v2\/media?parent=8357"}],"wp:term":[{"taxonomy":"product_brand","embeddable":true,"href":"https:\/\/susistemapruebas.com\/grapi\/wp-json\/wp\/v2\/product_brand?post=8357"},{"taxonomy":"product_cat","embeddable":true,"href":"https:\/\/susistemapruebas.com\/grapi\/wp-json\/wp\/v2\/product_cat?post=8357"},{"taxonomy":"product_tag","embeddable":true,"href":"https:\/\/susistemapruebas.com\/grapi\/wp-json\/wp\/v2\/product_tag?post=8357"}],"curies":[{"name":"wp","href":"https:\/\/api.w.org\/{rel}","templated":true}]}}