{"id":8348,"date":"2024-07-05T02:50:23","date_gmt":"2024-07-05T02:50:23","guid":{"rendered":"https:\/\/susistemapruebas.com\/grapi\/?post_type=product&#038;p=8348"},"modified":"2024-07-05T02:50:23","modified_gmt":"2024-07-05T02:50:23","slug":"lampara-de-luz-infrarroja","status":"publish","type":"product","link":"https:\/\/susistemapruebas.com\/grapi\/producto\/lampara-de-luz-infrarroja\/","title":{"rendered":"LAMPARA DE LUZ INFRARROJA"},"content":{"rendered":"<h4><strong>LAMPARA DE LUZ INFRARROJA<\/strong><\/h4>\n<p>Especificaciones:<\/p>\n<ul>\n<li>Orientaci\u00f3n de foco en todas las direcciones, obteniendo todas las regulaciones con un solo pomo que act\u00faa sobre la rotula multiposicional.<\/li>\n<li>Columna telesc\u00f3pica de tubo de acero, graduable en la altura, pantalla reflectora, se dise\u00f1o triple-parab\u00f3lica de aluminio anodizado.<\/li>\n<li>Base m\u00f3vil provista de ruedas giratorias.<\/li>\n<li>Dispone de control de tiempo de 0 a 60 minutos, con programaci\u00f3n y paro autom\u00e1tico.<\/li>\n<li>Potencia de 250 vatios de luz c\u00e1lida.<\/li>\n<li>Peso 5 kg<\/li>\n<li>Dimensiones 1.60 x 50 cm<\/li>\n<\/ul>\n","protected":false},"excerpt":{"rendered":"<h4><strong>LAMPARA DE LUZ INFRARROJA<\/strong><\/h4>\n","protected":false},"featured_media":8349,"template":"","meta":[],"product_brand":[],"product_cat":[80],"product_tag":[],"class_list":{"0":"post-8348","1":"product","2":"type-product","3":"status-publish","4":"has-post-thumbnail","6":"product_cat-termoterapia","8":"first","9":"instock","10":"shipping-taxable","11":"product-type-simple"},"_links":{"self":[{"href":"https:\/\/susistemapruebas.com\/grapi\/wp-json\/wp\/v2\/product\/8348","targetHints":{"allow":["GET"]}}],"collection":[{"href":"https:\/\/susistemapruebas.com\/grapi\/wp-json\/wp\/v2\/product"}],"about":[{"href":"https:\/\/susistemapruebas.com\/grapi\/wp-json\/wp\/v2\/types\/product"}],"wp:featuredmedia":[{"embeddable":true,"href":"https:\/\/susistemapruebas.com\/grapi\/wp-json\/wp\/v2\/media\/8349"}],"wp:attachment":[{"href":"https:\/\/susistemapruebas.com\/grapi\/wp-json\/wp\/v2\/media?parent=8348"}],"wp:term":[{"taxonomy":"product_brand","embeddable":true,"href":"https:\/\/susistemapruebas.com\/grapi\/wp-json\/wp\/v2\/product_brand?post=8348"},{"taxonomy":"product_cat","embeddable":true,"href":"https:\/\/susistemapruebas.com\/grapi\/wp-json\/wp\/v2\/product_cat?post=8348"},{"taxonomy":"product_tag","embeddable":true,"href":"https:\/\/susistemapruebas.com\/grapi\/wp-json\/wp\/v2\/product_tag?post=8348"}],"curies":[{"name":"wp","href":"https:\/\/api.w.org\/{rel}","templated":true}]}}