{"id":8346,"date":"2024-07-05T02:48:49","date_gmt":"2024-07-05T02:48:49","guid":{"rendered":"https:\/\/susistemapruebas.com\/grapi\/?post_type=product&#038;p=8346"},"modified":"2024-07-05T02:48:49","modified_gmt":"2024-07-05T02:48:49","slug":"compreseros-calientes-nacional","status":"publish","type":"product","link":"https:\/\/susistemapruebas.com\/grapi\/producto\/compreseros-calientes-nacional\/","title":{"rendered":"COMPRESEROS CALIENTES. NACIONAL"},"content":{"rendered":"<h4><strong>COMPRESEROS CALIENTES. NACIONAL<\/strong><\/h4>\n<p>Las unidades de calentamiento para compresas son ideales para cl\u00ednicas y departamentos de rehabilitaci\u00f3n. Cuentan con una alta calidad, gran durabilidad y de f\u00e1cil mantenimiento. Estas unidades de acero inoxidable proporcionan una temperatura constante para las compresas, manteni\u00e9ndolas siempre listas para su uso.<\/p>\n<p>Caracter\u00edsticas<\/p>\n<p>\u2013 Fabricados en Acero inoxidable Tipo 304<\/p>\n<p>\u2013 Requerimientos de Voltaje 120 VCA 60Hz<\/p>\n<p>\u2013 Potencia 1000w y 1500w<\/p>\n<p>\u2013 Rango de temperatura 0 \u2013 120\u00b0C<\/p>\n<p>\u2013 Termostato Regulador de temperatura de 70o C a 80o C con alta precisi\u00f3n de +\/- 10%, que da una confiabilidad al usuario.<\/p>\n<p>\u2013 Llave para drenado de agua<\/p>\n<p>\u2013 Ruedas de polietileno, 2 con freno para mayor seguridad.<\/p>\n<p>Medidas y Capacidades<\/p>\n<p>\u2013 Compresero de 4 compresas (40x31x23cm) 49 a 55 litros.<\/p>\n<p>\u2013 Compresero de 8 compresas (84x67x41cm) 69 a 75 litros.<\/p>\n<p>\u2013 Compresero de 12 compresas (84x67x41cm) 69 a 75 litros.<\/p>\n","protected":false},"excerpt":{"rendered":"<h4><strong>COMPRESEROS CALIENTES. NACIONAL<\/strong><\/h4>\n","protected":false},"featured_media":8347,"template":"","meta":[],"product_brand":[],"product_cat":[80],"product_tag":[],"class_list":{"0":"post-8346","1":"product","2":"type-product","3":"status-publish","4":"has-post-thumbnail","6":"product_cat-termoterapia","8":"first","9":"instock","10":"shipping-taxable","11":"product-type-simple"},"_links":{"self":[{"href":"https:\/\/susistemapruebas.com\/grapi\/wp-json\/wp\/v2\/product\/8346","targetHints":{"allow":["GET"]}}],"collection":[{"href":"https:\/\/susistemapruebas.com\/grapi\/wp-json\/wp\/v2\/product"}],"about":[{"href":"https:\/\/susistemapruebas.com\/grapi\/wp-json\/wp\/v2\/types\/product"}],"wp:featuredmedia":[{"embeddable":true,"href":"https:\/\/susistemapruebas.com\/grapi\/wp-json\/wp\/v2\/media\/8347"}],"wp:attachment":[{"href":"https:\/\/susistemapruebas.com\/grapi\/wp-json\/wp\/v2\/media?parent=8346"}],"wp:term":[{"taxonomy":"product_brand","embeddable":true,"href":"https:\/\/susistemapruebas.com\/grapi\/wp-json\/wp\/v2\/product_brand?post=8346"},{"taxonomy":"product_cat","embeddable":true,"href":"https:\/\/susistemapruebas.com\/grapi\/wp-json\/wp\/v2\/product_cat?post=8346"},{"taxonomy":"product_tag","embeddable":true,"href":"https:\/\/susistemapruebas.com\/grapi\/wp-json\/wp\/v2\/product_tag?post=8346"}],"curies":[{"name":"wp","href":"https:\/\/api.w.org\/{rel}","templated":true}]}}