{"id":8340,"date":"2024-07-05T02:44:16","date_gmt":"2024-07-05T02:44:16","guid":{"rendered":"https:\/\/susistemapruebas.com\/grapi\/?post_type=product&#038;p=8340"},"modified":"2024-07-05T02:44:16","modified_gmt":"2024-07-05T02:44:16","slug":"compresa-electrica-theramed-roscoe","status":"publish","type":"product","link":"https:\/\/susistemapruebas.com\/grapi\/producto\/compresa-electrica-theramed-roscoe\/","title":{"rendered":"COMPRESA ELECTRICA   THERAMED ROSCOE"},"content":{"rendered":"<h4><strong>COMPRESA ELECTRICA\u00a0\u00a0 THERAMED ROSCOE<\/strong><\/h4>\n<p>La opci\u00f3n de calor h\u00famedo proporciona un\u00a0 alivio de penetraci\u00f3n profunda de dolor, rigidez muscular, mientras que la opci\u00f3n de secado proporciona un trato c\u00e1lido reconfortante.<\/p>\n<ol>\n<li>Doble aplicaci\u00f3n \u2013 se puede utilizar en seco o h\u00famedo con la esponja humedecida.<\/li>\n<li>Flexible con extra-soft, lavable (100% poli\u00e9ster) para una sensaci\u00f3n mas c\u00f3moda.<\/li>\n<li>Cuatro posiciones: c\u00e1lido, bajo, medio y alto.<\/li>\n<li>Regulador de mano ergon\u00f3micamente dise\u00f1ado con una simple operaci\u00f3n de un solo bot\u00f3n y los indicadores LED codificados por colores.<\/li>\n<li>Funci\u00f3n de apagado autom\u00e1tico despu\u00e9s de 40 minutos.<\/li>\n<\/ol>\n<ul>\n<li>Compresa El\u00e9ctrica Peque\u00f1a 7\u201d x 15\u201d (18 cm x 38 cm)<\/li>\n<li>Compresa El\u00e9ctrica Mediana 14\u201d x 14\u201d (36 cm x 36 cm)<\/li>\n<li>Compresa El\u00e9ctrica Est\u00e1ndar 14\u201d x 27\u201d (36 cm x 68 cm)<\/li>\n<li>Compresa El\u00e9ctrica Hombro y Cuello 23\u201d x 20\u201d (58 cm x 50 cm)<\/li>\n<\/ul>\n","protected":false},"excerpt":{"rendered":"<h4><strong>COMPRESA ELECTRICA\u00a0\u00a0 THERAMED ROSCOE<\/strong><\/h4>\n","protected":false},"featured_media":8341,"template":"","meta":[],"product_brand":[],"product_cat":[80],"product_tag":[],"class_list":{"0":"post-8340","1":"product","2":"type-product","3":"status-publish","4":"has-post-thumbnail","6":"product_cat-termoterapia","8":"first","9":"instock","10":"shipping-taxable","11":"product-type-simple"},"_links":{"self":[{"href":"https:\/\/susistemapruebas.com\/grapi\/wp-json\/wp\/v2\/product\/8340","targetHints":{"allow":["GET"]}}],"collection":[{"href":"https:\/\/susistemapruebas.com\/grapi\/wp-json\/wp\/v2\/product"}],"about":[{"href":"https:\/\/susistemapruebas.com\/grapi\/wp-json\/wp\/v2\/types\/product"}],"wp:featuredmedia":[{"embeddable":true,"href":"https:\/\/susistemapruebas.com\/grapi\/wp-json\/wp\/v2\/media\/8341"}],"wp:attachment":[{"href":"https:\/\/susistemapruebas.com\/grapi\/wp-json\/wp\/v2\/media?parent=8340"}],"wp:term":[{"taxonomy":"product_brand","embeddable":true,"href":"https:\/\/susistemapruebas.com\/grapi\/wp-json\/wp\/v2\/product_brand?post=8340"},{"taxonomy":"product_cat","embeddable":true,"href":"https:\/\/susistemapruebas.com\/grapi\/wp-json\/wp\/v2\/product_cat?post=8340"},{"taxonomy":"product_tag","embeddable":true,"href":"https:\/\/susistemapruebas.com\/grapi\/wp-json\/wp\/v2\/product_tag?post=8340"}],"curies":[{"name":"wp","href":"https:\/\/api.w.org\/{rel}","templated":true}]}}