{"id":8331,"date":"2024-07-05T02:03:00","date_gmt":"2024-07-05T02:03:00","guid":{"rendered":"https:\/\/susistemapruebas.com\/grapi\/?post_type=product&#038;p=8331"},"modified":"2024-07-05T02:03:00","modified_gmt":"2024-07-05T02:03:00","slug":"espacio-auditivo-musicoterapia-y-sonoterapia","status":"publish","type":"product","link":"https:\/\/susistemapruebas.com\/grapi\/producto\/espacio-auditivo-musicoterapia-y-sonoterapia\/","title":{"rendered":"ESPACIO AUDITIVO:  MUSICOTERAPIA Y SONOTERAPIA"},"content":{"rendered":"<p>Durante la \u00faltima d\u00e9cada ha surgido gran inter\u00e9s en utilizar la m\u00fasica como herramienta terap\u00e9utica en la rehabilitaci\u00f3n neurol\u00f3gica, y se han desarrollado nuevos m\u00e9todos basados en m\u00fasica para mejorar d\u00e9ficits tanto motores, cognitivos, de lenguaje, emocional y social en personas afectadas por diversas condiciones, en distintas etapas de la vida. As\u00ed por ejemplo se ha usado musicoterapia en ni\u00f1os y adolescentes que padecen de autismo y dislexia, en tanto en adultos y adultos mayores afectados de accidente vascular encef\u00e1lico, enfermedad de Parkinson, demencias y epilepsias.<\/p>\n<p>Dentro de la percepci\u00f3n sensorial, la auditiva es la que interviene en la captaci\u00f3n de los denominados \u201cpaisajes sonoros\u201d, un paisaje o un medio ambiente y que podr\u00edamos definir como el conjunto de sonidos del medio percibidos por el o\u00eddo humano.<\/p>\n<p>M\u00e9todos empleados en musicoterapia o sonoterapia, que se basan en el principio de resonancia para sanar, advierten que el sonido es vibraci\u00f3n para el organismo. En este sentido, resulta interesante notar que ciertos sonidos pueden apoyar \u00a0la terapia, \u00a0con sonidos bianuales \u2013encontrados potencialmente en la naturaleza\u2013, se vale de sutiles frecuencias que apenas alcanzamos a distinguir, pero que desmantelan efectos. \u00a0Se trata de sonidos que impactan seg\u00fan el timbre, las frecuencias y las variaciones mel\u00f3dicas, pero que no deja de lado la voluntad de la persona que quiere obtener sus beneficios.<\/p>\n<p>Si bien se ha demostrado que la m\u00fasica puede ser medicina, los sonidos que produce la naturaleza pueden llegar a serlo si nos enfocamos en ello. El sonido de la lluvia, de una nevada, el cantar de los p\u00e1jaros, los hechos incesantes que resuenan en el bosque\u2026 Los ecosistemas son espacios sonoros que trascienden los canales multidimensionales del ser humano cuando \u00e9ste entrega su voluntad a la relajaci\u00f3n.<\/p>\n<p>Teibel encontr\u00f3, al escuchar el romper de las olas, que los sonidos naturales no lo perturbaban, sino que pod\u00eda o\u00edrlos durante horas, en exquisitas sesiones de relajaci\u00f3n. Environments fue una colecci\u00f3n pionera del new age y el ambient; consta de 11 discos, con un total de 22 paisajes sonoros recopilados por Teibel a lo largo de los a\u00f1os.<\/p>\n<p>ESPACIO AUDITIVO:<\/p>\n<p>Los principales objetivos de la m\u00fasica dentro del ESPACIO SENSORIAL encontramos: mejora la coordinaci\u00f3n motriz.<\/p>\n<p>La estimulaci\u00f3n sensorial a trav\u00e9s de la m\u00fasica mejora diferentes afecciones en las demencias. Escuchar la m\u00fasica favorita nos traer\u00e1 a la memoria el recuerdo.\u00a0 La m\u00fasica es ampliamente utilizada con diversos prop\u00f3sitos, desde la relajaci\u00f3n hasta la mejora del estado de \u00e1nimo.<\/p>\n<p>Para estimular la audici\u00f3n trabajaremos el volumen, relaci\u00f3n de sonidos con experiencias previas, estimulaci\u00f3n del resto auditivo o el timbre de objetos de la vida diaria.<\/p>\n<p>Entre los principales beneficios de la musicoterapia encontramos:<\/p>\n<ul>\n<li>Mejora la coordinaci\u00f3n motriz.<\/li>\n<li>Ayuda a controlar la ansiedad.<\/li>\n<li>Mejora el estado de \u00e1nimo.<\/li>\n<li>Fomenta el desarrollo del cerebro.<\/li>\n<li>Estimula la comunicaci\u00f3n y la expresi\u00f3n de sentimientos.<\/li>\n<li>Favorece el desarrollo emocional y afectivo.<\/li>\n<li>Agudiza los cinco sentidos.<\/li>\n<\/ul>\n<p>Efecto en epilepsias<\/p>\n<p>Se han descrito cambios positivos inducidos por la m\u00fasica de Mozart en aminorar las descargas epil\u00e9pticas en pacientes con epilepsias graves como el s\u00edndrome de Lennox-Gastaut y status no convulsivo. El mecanismo de acci\u00f3n no est\u00e1 aclarado, pero se postula una mejor sincronizaci\u00f3n de la actividad el\u00e9ctrica cerebral. Esto sucede en especial con la m\u00fasica de Mozart, pero tambi\u00e9n est\u00e1 descrito en menor manera con obras de Bach, Beethoven y Haydn.<\/p>\n<p>Y no es s\u00f3lo la m\u00fasica la que beneficia, sino que tambi\u00e9n incluimos, por ejemplo, el sonido del agua de un arroyo o de una cascada artificial, sonidos de los cet\u00e1ceos, bosques etc. Todos estos son fascinantes y calmantes.<\/p>\n<p>Los sonidos que emite el delf\u00edn hace que se sincronice con nuestro cerebro y, como consecuencia, disminuyen la presi\u00f3n arterial y el estr\u00e9s.<\/p>\n<p>En el caso de estos cet\u00e1ceos, a trav\u00e9s de la estimulaci\u00f3n de ondas sonoras con su sonar natural capaz de actuar en el interior del cuerpo humano, estimulando el sistema inmunol\u00f3gico estas penetran en el sistema nervioso de quien escucha y estimulan el cerebro, activando gl\u00e1ndulas que segregan hormonas asociadas con estados de felicidad y placer. En el caso de los chicos con S\u00edndrome de Down, se observa una mejora en sus respuestas, su atenci\u00f3n, su memoria y su concentraci\u00f3n\u201d.<\/p>\n<p>LOS SONIDOS de la NATURALEZA. Todo esto tiene un efecto positivo sobre el estado de \u00e1nimo calmando y relajando, y tambi\u00e9n afecta al sue\u00f1o. Con el acompa\u00f1amiento de los sonidos del mar se pueden hacer dormir bien.<\/p>\n<p>Los SONIDOS DEL MAR, las olas y los gritos de gaviotas que proponemos escuchar se han registrado a una distancia de menos de dos metros del mar con dos micr\u00f3fonos, uno de los cuales estaba instalado en una peque\u00f1a cala cerca de las piedras, y el segundo en la orilla. As\u00ed existe una superposici\u00f3n de dos sonidos del mar \u2013 el sonido de las olas a la distancia y el sonido del mar cerca de las piedras, lo que genera un efecto m\u00e1s natural.<\/p>\n<p>El ambiente que hemos compuesto incluye los sonidos del murmurar de los arroyos, los cantos de las aves, o\u00eddos de cerca y de lejos, los zumbidos de los insectos y el croar de las ranas. Los sonidos son reales, han sido grabados en un bosque. Por cierto, para saber qu\u00e9 sonidos \u00edbamos a necesitar para poder transmitir el ambiente del bosque en su totalidad, tuvimos que hacer varias salidas al campo.<\/p>\n<p>El ambiente que tiene un bosque mejora el estado emocional de una persona al relajarla y traquilizarla, contribuyendo tambi\u00e9n a la mejora del sue\u00f1o. Los cient\u00edficos han demostrado que incluso con pasar un rato en el bosque se mejoran las funciones mentales y tambi\u00e9n el estado de \u00e1nimo.<\/p>\n<p>Los sonidos naturales activan el sistema nervioso parasimp\u00e1tico, que ayuda a restablecer la energ\u00eda corporal. Y como se comprob\u00f3 en el estudio, quienes estaban m\u00e1s estresados consiguieron relajarse m\u00e1s r\u00e1pidamente con los sonidos naturales, lo que comprueba que \u00e9stos son una terapia eficaz y contundente incluso en aquellos que manejan altos niveles de estr\u00e9s.<\/p>\n","protected":false},"excerpt":{"rendered":"<p>Durante la \u00faltima d\u00e9cada ha surgido gran inter\u00e9s en utilizar la m\u00fasica como herramienta terap\u00e9utica en la rehabilitaci\u00f3n neurol\u00f3gica, y se han desarrollado nuevos m\u00e9todos basados en m\u00fasica para mejorar d\u00e9ficits tanto motores, cognitivos, de lenguaje, emocional y social en personas afectadas por diversas condiciones, en distintas etapas de la vida. As\u00ed por ejemplo se [&hellip;]<\/p>\n","protected":false},"featured_media":8332,"template":"","meta":[],"product_brand":[],"product_cat":[76],"product_tag":[],"class_list":{"0":"post-8331","1":"product","2":"type-product","3":"status-publish","4":"has-post-thumbnail","6":"product_cat-musicoterapia","8":"first","9":"instock","10":"shipping-taxable","11":"product-type-simple"},"_links":{"self":[{"href":"https:\/\/susistemapruebas.com\/grapi\/wp-json\/wp\/v2\/product\/8331","targetHints":{"allow":["GET"]}}],"collection":[{"href":"https:\/\/susistemapruebas.com\/grapi\/wp-json\/wp\/v2\/product"}],"about":[{"href":"https:\/\/susistemapruebas.com\/grapi\/wp-json\/wp\/v2\/types\/product"}],"wp:featuredmedia":[{"embeddable":true,"href":"https:\/\/susistemapruebas.com\/grapi\/wp-json\/wp\/v2\/media\/8332"}],"wp:attachment":[{"href":"https:\/\/susistemapruebas.com\/grapi\/wp-json\/wp\/v2\/media?parent=8331"}],"wp:term":[{"taxonomy":"product_brand","embeddable":true,"href":"https:\/\/susistemapruebas.com\/grapi\/wp-json\/wp\/v2\/product_brand?post=8331"},{"taxonomy":"product_cat","embeddable":true,"href":"https:\/\/susistemapruebas.com\/grapi\/wp-json\/wp\/v2\/product_cat?post=8331"},{"taxonomy":"product_tag","embeddable":true,"href":"https:\/\/susistemapruebas.com\/grapi\/wp-json\/wp\/v2\/product_tag?post=8331"}],"curies":[{"name":"wp","href":"https:\/\/api.w.org\/{rel}","templated":true}]}}