{"id":8329,"date":"2024-07-05T01:50:09","date_gmt":"2024-07-05T01:50:09","guid":{"rendered":"https:\/\/susistemapruebas.com\/grapi\/?post_type=product&#038;p=8329"},"modified":"2024-07-05T01:50:09","modified_gmt":"2024-07-05T01:50:09","slug":"bicicleta-fija-dual","status":"publish","type":"product","link":"https:\/\/susistemapruebas.com\/grapi\/producto\/bicicleta-fija-dual\/","title":{"rendered":"BICICLETA FIJA DUAL"},"content":{"rendered":"<p>Dual Cicle es un aparato de acondicionamiento creado especialmente para ejercitar brazos y piernas de manera simult\u00e1nea o independiente. El aparato de ejercicios dise\u00f1ado para ejercitar, rehabilitar y recuperar el movimiento perdido, Ideal para personas de la tercera edad y auxiliares en procesos de rehabilitaci\u00f3n. Permite hacer ejercicio c\u00f3modamente en la casa y sin riesgos.\u00a0 Cuenta con 3 niveles de ajuste de altura que le permitir\u00e1n mantener la postura correcta de la espalda durante todo el entrenamiento y as\u00ed evitar contracturas, desagarres o torceduras. La resistencia en pedales y manubrios es completamente ajustable, as\u00ed tu precisas el nivel de fricci\u00f3n con el que tu cuerpo se siente m\u00e1s c\u00f3modo.<\/p>\n<p>Caracter\u00edsticas:<\/p>\n<p>* \u00a1F\u00e1cil de usar, c\u00f3modo y seguro!<\/p>\n<p>* Doble ejercicio, doble eficacia. Permite ejercitar brazos y piernas de manera simult\u00e1nea o independiente.<\/p>\n<p>* Cuenta con perilla de ajuste de intensidad.<\/p>\n<p>* Altura ajustable, permitiendo la postura correcta de la espalda (3 niveles).<\/p>\n<p>* Cuenta con contador digital.<\/p>\n<p>* Rodillo masajeador de pies.<\/p>\n<p>* Contiene suela antiderrapante para hacer ejercicio c\u00f3modamente en casa y sin riesgos.<\/p>\n<p>* Se puede utilizar con tu silla o sill\u00f3n preferido.<\/p>\n","protected":false},"excerpt":{"rendered":"<h4><strong>BICICLETA FIJA DUAL CICLE PARA REHABILITAR BRAZOS Y PIERNAS<\/strong><\/h4>\n","protected":false},"featured_media":8330,"template":"","meta":[],"product_brand":[],"product_cat":[75],"product_tag":[],"class_list":{"0":"post-8329","1":"product","2":"type-product","3":"status-publish","4":"has-post-thumbnail","6":"product_cat-hidroterapia","8":"first","9":"instock","10":"shipping-taxable","11":"product-type-simple"},"_links":{"self":[{"href":"https:\/\/susistemapruebas.com\/grapi\/wp-json\/wp\/v2\/product\/8329","targetHints":{"allow":["GET"]}}],"collection":[{"href":"https:\/\/susistemapruebas.com\/grapi\/wp-json\/wp\/v2\/product"}],"about":[{"href":"https:\/\/susistemapruebas.com\/grapi\/wp-json\/wp\/v2\/types\/product"}],"wp:featuredmedia":[{"embeddable":true,"href":"https:\/\/susistemapruebas.com\/grapi\/wp-json\/wp\/v2\/media\/8330"}],"wp:attachment":[{"href":"https:\/\/susistemapruebas.com\/grapi\/wp-json\/wp\/v2\/media?parent=8329"}],"wp:term":[{"taxonomy":"product_brand","embeddable":true,"href":"https:\/\/susistemapruebas.com\/grapi\/wp-json\/wp\/v2\/product_brand?post=8329"},{"taxonomy":"product_cat","embeddable":true,"href":"https:\/\/susistemapruebas.com\/grapi\/wp-json\/wp\/v2\/product_cat?post=8329"},{"taxonomy":"product_tag","embeddable":true,"href":"https:\/\/susistemapruebas.com\/grapi\/wp-json\/wp\/v2\/product_tag?post=8329"}],"curies":[{"name":"wp","href":"https:\/\/api.w.org\/{rel}","templated":true}]}}